{"id":6045,"date":"2020-03-23T21:25:29","date_gmt":"2020-03-23T19:25:29","guid":{"rendered":"https:\/\/ort.fi\/ilomantsi\/?page_id=6045"},"modified":"2020-04-04T09:53:48","modified_gmt":"2020-04-04T06:53:48","slug":"live-lahetykset-netissa","status":"publish","type":"page","link":"https:\/\/ort.fi\/ilomantsi\/live-lahetykset-netissa\/","title":{"rendered":"Live-l\u00e4hetykset netiss\u00e4"},"content":{"rendered":"\n<p>T\u00e4m\u00e4 videosoitin n\u00e4ytt\u00e4\u00e4 kaikki seurakunnan live-l\u00e4hetykset. Mik\u00e4li l\u00e4hetys ei ole k\u00e4ynniss\u00e4, n\u00e4et soittimesta milloin seuraava l\u00e4hetys alkaa. Vanhat l\u00e4hetykset voit katsoa uudelleen sivuilta: &#8221;<a href=\"https:\/\/ort.fi\/ilomantsi\/jumalanpalvelukset-netissa\/\">Jumalanpalvelukset netiss\u00e4<\/a>&#8221;, &#8221;<a href=\"https:\/\/ort.fi\/ilomantsi\/ortodoksipapin-keskustelutunti\/\">Ortodoksipapin keskustelutunti<\/a>&#8221; ja &#8221;<a href=\"https:\/\/ort.fi\/ilomantsi\/luennot-netissa\/\">Luennot netiss\u00e4<\/a>&#8221;<\/p>\n\n\n\n<figure class=\"wp-block-embed wp-block-embed-youtube is-type-video is-provider-youtube epyt-figure\"><div class=\"wp-block-embed__wrapper\"><div class=\"epyt-video-wrapper\"><iframe  style=\"display: block; margin: 0px auto;\"  id=\"_ytid_97093\"  width=\"1200\" height=\"675\"  data-origwidth=\"1200\" data-origheight=\"675\"  data-relstop=\"1\" data-src=\"https:\/\/www.youtube.com\/embed\/live_stream?enablejsapi=1&channel=UCUPtoHMl1embtfIlp7nf5DA&autoplay=1&cc_load_policy=0&cc_lang_pref=&iv_load_policy=1&rel=0&fs=1&playsinline=1&autohide=2&hl=fi&theme=dark&color=red&controls=1&disablekb=0&\" class=\"__youtube_prefs__  epyt-live-channel  no-lazyload\" title=\"YouTube player\"  data-streams=\"WwogICAgewogICAgICAgICJpZCI6ICJwUUlfMHNCVlpUNCIsCiAgICAgICAgInN0YXJ0IjogIjIwMjYtMDEtMDVUMTU6MDA6MDBaIiwKICAgICAgICAiZW5kIjogbnVsbCwKICAgICAgICAiYWN0dWFsU3RhcnQiOiBudWxsLAogICAgICAgICJhY3R1YWxFbmQiOiBudWxsLAogICAgICAgICJsaXZlQnJvYWRjYXN0Q29udGVudCI6ICJ1cGNvbWluZyIKICAgIH0sCiAgICB7CiAgICAgICAgImlkIjogIjM1cWhnekM2bVZRIiwKICAgICAgICAic3RhcnQiOiAiMjAyNi0wMS0wNlQwNzowMDowMFoiLAogICAgICAgICJlbmQiOiBudWxsLAogICAgICAgICJhY3R1YWxTdGFydCI6IG51bGwsCiAgICAgICAgImFjdHVhbEVuZCI6IG51bGwsCiAgICAgICAgImxpdmVCcm9hZGNhc3RDb250ZW50IjogInVwY29taW5nIgogICAgfQpd\"  allow=\"fullscreen; accelerometer; autoplay; clipboard-write; encrypted-media; gyroscope; picture-in-picture; web-share\" referrerpolicy=\"strict-origin-when-cross-origin\" allowfullscreen data-no-lazy=\"1\" data-skipgform_ajax_framebjll=\"\"><\/iframe><\/div><\/div><\/figure>\n\n\n\n<p><em>P.S. L\u00e4hetyksen ollessa menossa soittimen alareunassa vasemmalla lukee: <\/em><span class=\"has-inline-color has-vivid-red-color\">\u2022<\/span> LIVE<br><em>Mik\u00e4li soitin ei ala automaattisesti soittamaan k\u00e4ynniss\u00e4 olevaa l\u00e4hetyst\u00e4, paina soittimen <\/em><br>\u25ba <em>-painiketta<\/em> <\/p>\n","protected":false},"excerpt":{"rendered":"<p>T\u00e4m\u00e4 videosoitin n\u00e4ytt\u00e4\u00e4 kaikki seurakunnan live-l\u00e4hetykset. Mik\u00e4li l\u00e4hetys ei ole k\u00e4ynniss\u00e4, n\u00e4et soittimesta milloin seuraava l\u00e4hetys alkaa. Vanhat l\u00e4hetykset voit katsoa uudelleen sivuilta: &#8221;Jumalanpalvelukset netiss\u00e4&#8221;, &#8221;Ortodoksipapin keskustelutunti&#8221; ja &#8221;Luennot netiss\u00e4&#8221; &#8230; <a title=\"Live-l\u00e4hetykset netiss\u00e4\" class=\"read-more\" href=\"https:\/\/ort.fi\/ilomantsi\/live-lahetykset-netissa\/\" aria-label=\"Lue lis\u00e4\u00e4 aiheesta Live-l\u00e4hetykset netiss\u00e4\">Lue lis\u00e4\u00e4<\/a><\/p>\n","protected":false},"author":6,"featured_media":0,"parent":0,"menu_order":0,"comment_status":"closed","ping_status":"closed","template":"","meta":{"ngg_post_thumbnail":0,"footnotes":""},"class_list":["post-6045","page","type-page","status-publish"],"_links":{"self":[{"href":"https:\/\/ort.fi\/ilomantsi\/wp-json\/wp\/v2\/pages\/6045","targetHints":{"allow":["GET"]}}],"collection":[{"href":"https:\/\/ort.fi\/ilomantsi\/wp-json\/wp\/v2\/pages"}],"about":[{"href":"https:\/\/ort.fi\/ilomantsi\/wp-json\/wp\/v2\/types\/page"}],"author":[{"embeddable":true,"href":"https:\/\/ort.fi\/ilomantsi\/wp-json\/wp\/v2\/users\/6"}],"replies":[{"embeddable":true,"href":"https:\/\/ort.fi\/ilomantsi\/wp-json\/wp\/v2\/comments?post=6045"}],"version-history":[{"count":6,"href":"https:\/\/ort.fi\/ilomantsi\/wp-json\/wp\/v2\/pages\/6045\/revisions"}],"predecessor-version":[{"id":6133,"href":"https:\/\/ort.fi\/ilomantsi\/wp-json\/wp\/v2\/pages\/6045\/revisions\/6133"}],"wp:attachment":[{"href":"https:\/\/ort.fi\/ilomantsi\/wp-json\/wp\/v2\/media?parent=6045"}],"curies":[{"name":"wp","href":"https:\/\/api.w.org\/{rel}","templated":true}]}}