{"id":6011,"date":"2020-03-21T19:28:37","date_gmt":"2020-03-21T17:28:37","guid":{"rendered":"https:\/\/ort.fi\/ilomantsi\/?page_id=6011"},"modified":"2021-04-29T17:04:08","modified_gmt":"2021-04-29T14:04:08","slug":"ortodoksipapin-keskustelutunti","status":"publish","type":"page","link":"https:\/\/ort.fi\/ilomantsi\/ortodoksipapin-keskustelutunti\/","title":{"rendered":"Ortodoksipapin keskustelutunti"},"content":{"rendered":"\n<p>Joka sunnuntai klo 14-15&nbsp;seurakunnan YouTube kanavalla. L\u00e4hetys n\u00e4kyy suorana \u2019<a href=\"https:\/\/ort.fi\/ilomantsi\/live-lahetykset-netissa\/\">Live-l\u00e4hetykset netiss\u00e4<\/a>\u2019 -sivulla. Menneet l\u00e4hetykset l\u00f6yd\u00e4t t\u00e4lt\u00e4 sivulta.<\/p>\n\n\n\n<pre class=\"wp-block-preformatted\"><strong>Seuraava l\u00e4hetyksemme on sunnuntaina 2.5 klo 14.<\/strong>Vieraanamme on  Yliopistotutkija Maria Takala-Roszczenko, It\u00e4-Suomen yliopistolta. H\u00e4nen kanssa keskustelemme aiheesta \"Naisen rooli ja esikuvat kirkosta\". <\/pre>\n\n\n\n<p>Voit l\u00e4hett\u00e4\u00e4 minulle kysymyksi\u00e4 ennakkoon s\u00e4hk\u00f6postilla osoitteeseen&nbsp;<a href=\"mailto:ioannis.lampropoulos@ort.fi\">ioannis.lampropoulos@ort.fi<\/a> (<em>Kirjoita s\u00e4hk\u00f6postin otsikoksi: \u201dKysymys \u2013 Ortodoksipapin keskustelutunnille\u201d, niin erotan kysymykset&nbsp;muista viesteist\u00e4<\/em>). Kaikki kysymykset ovat tervetulleita, mutta l\u00e4hetyksen aikana keskitymme p\u00e4\u00e4asiassa kysymyksiin, jotka liittyv\u00e4t k\u00e4sittelem\u00e4\u00e4mme aiheeseen. \u00c4l\u00e4 siis pahoita mielt\u00e4si, mik\u00e4li kysymyksesi j\u00e4i k\u00e4sittelem\u00e4tt\u00e4. S\u00e4ilyt\u00e4n kysymyksi\u00e4 k\u00e4sitelt\u00e4v\u00e4ksi my\u00f6hemmiss\u00e4 l\u00e4hetyksiss\u00e4, joiden aiheen piiriss\u00e4 voimme paremmin paneutua kysymykseesi.<\/p>\n\n\n\n<p>Voit my\u00f6s l\u00e4hett\u00e4\u00e4 minulle ehdotuksia aiheista, joita t\u00e4ss\u00e4 ohjelmassa tulisi k\u00e4sitell\u00e4.<\/p>\n\n\n\n<p>L\u00e4hetyksen aikana&nbsp;voit&nbsp;l\u00e4hett\u00e4\u00e4 minulle kysymyksen joko tekstiviestill\u00e4 <br>numeroon&nbsp;050 357 3675 tai WhatsApp viestin\u00e4&nbsp;ja osallistua keskusteluun.<\/p>\n\n\n\n<p>Kaikki&nbsp;kysymykset luetaan&nbsp;l\u00e4hetyksess\u00e4&nbsp;nimett\u00f6m\u00e4n\u00e4.&nbsp;<\/p>\n\n\n\n<p>Varaa itsellesi kuppi kahvia ja pala pullaa ja liity seuraamme kysym\u00e4\u00e4n ja osallistumaan keskusteluun.<\/p>\n\n\n<div class=\"epyt-gallery \" data-currpage=\"1\" id=\"epyt_gallery_38106\"><figure class=\"wp-block-embed wp-block-embed-youtube is-type-video is-provider-youtube epyt-figure\"><div class=\"wp-block-embed__wrapper\"><div class=\"epyt-video-wrapper\"><iframe loading=\"lazy\"  style=\"display: block; margin: 0px auto;\"  id=\"_ytid_76014\"  width=\"825\" height=\"464\"  data-origwidth=\"825\" data-origheight=\"464\"  data-relstop=\"1\" src=\"https:\/\/www.youtube.com\/embed\/VEHCfbThPdM?enablejsapi=1&#038;autoplay=0&#038;cc_load_policy=0&#038;cc_lang_pref=&#038;iv_load_policy=1&#038;loop=0&#038;rel=0&#038;fs=1&#038;playsinline=1&#038;autohide=2&#038;hl=fi&#038;theme=dark&#038;color=red&#038;controls=1&#038;disablekb=0&#038;\" class=\"__youtube_prefs__  no-lazyload\" title=\"Ortodoksipapin keskustelutunti\"  data-epytgalleryid=\"epyt_gallery_38106\"  allow=\"fullscreen; accelerometer; autoplay; clipboard-write; encrypted-media; gyroscope; picture-in-picture; web-share\" referrerpolicy=\"strict-origin-when-cross-origin\" allowfullscreen data-no-lazy=\"1\" data-skipgform_ajax_framebjll=\"\"><\/iframe><\/div><\/div><\/figure><div class=\"epyt-gallery-subscribe\"><a target=\"_blank\" class=\"epyt-gallery-subbutton\" href=\"https:\/\/www.youtube.com\/channel\/UCUPtoHMl1embtfIlp7nf5DA?sub_confirmation=1\"><img decoding=\"async\" alt=\"subscribe\" src=\"https:\/\/ort.fi\/ilomantsi\/wp-content\/plugins\/youtube-embed-plus-pro\/images\/play-subscribe.png\" \/>Tilaa<\/a><\/div><div class=\"epyt-gallery-list epyt-gallery-style-grid\"><div class=\"epyt-pagination \"><div tabindex=\"0\" role=\"button\" class=\"epyt-pagebutton epyt-prev  hide \" data-playlistid=\"PLPtWKY2B3--zrznRV450Dr7LPBMSbqhGo\" data-pagesize=\"15\" data-pagetoken=\"\" data-style=\"grid\" data-epcolumns=\"3\" data-showtitle=\"1\" data-showpaging=\"1\" data-autonext=\"0\" data-hidethumbimg=\"0\" data-thumbplay=\"1\"><div class=\"epyt-arrow\">&laquo;<\/div> <div>Edellinen<\/div><\/div><div class=\"epyt-pagenumbers \"><div class=\"epyt-current\">1<\/div><div class=\"epyt-pageseparator\"> \/ <\/div><div class=\"epyt-totalpages\">2<\/div><\/div><div tabindex=\"0\" role=\"button\" class=\"epyt-pagebutton epyt-next\" data-playlistid=\"PLPtWKY2B3--zrznRV450Dr7LPBMSbqhGo\" data-pagesize=\"15\" data-pagetoken=\"EAAaHlBUOkNBOGlFRU5CUTBSRU5EWTJRak5GUkRFMU5qVQ\" data-style=\"grid\" data-epcolumns=\"3\" data-showtitle=\"1\" data-showpaging=\"1\" data-autonext=\"0\" data-hidethumbimg=\"0\" data-thumbplay=\"1\"><div>Seuraava<\/div> <div class=\"epyt-arrow\">&raquo;<\/div><\/div><div class=\"epyt-loader\"><img loading=\"lazy\" decoding=\"async\" alt=\"loading\" width=\"16\" height=\"11\" src=\"https:\/\/ort.fi\/ilomantsi\/wp-content\/plugins\/youtube-embed-plus-pro\/images\/gallery-page-loader.gif\"><\/div><\/div><div class=\"epyt-gallery-allthumbs  epyt-cols-3 \"><div tabindex=\"0\" role=\"button\" data-videoid=\"VEHCfbThPdM\" class=\"epyt-gallery-thumb \" ><div class=\"epyt-gallery-img-box\"><div class=\"epyt-gallery-img\" style=\"background-image: url(https:\/\/i.ytimg.com\/vi\/VEHCfbThPdM\/hqdefault.jpg)\"><div class=\"epyt-gallery-playhover\"><img loading=\"lazy\" decoding=\"async\" alt=\"play\" class=\"epyt-play-img\" width=\"30\" height=\"23\" src=\"https:\/\/ort.fi\/ilomantsi\/wp-content\/plugins\/youtube-embed-plus-pro\/images\/playhover.png\" data-no-lazy=\"1\" data-skipgform_ajax_framebjll=\"\" \/><div class=\"epyt-gallery-playcrutch\"><\/div><\/div><\/div><\/div><div class=\"epyt-gallery-title\">Ortodoksipapin keskustelutunti, su 2.5.2021 klo 14, yliopistotutkija Maria Takala-Roszczenko<\/div><\/div><div tabindex=\"0\" role=\"button\" data-videoid=\"cNCjBSM6lA0\" class=\"epyt-gallery-thumb \" ><div class=\"epyt-gallery-img-box\"><div class=\"epyt-gallery-img\" style=\"background-image: url(https:\/\/i.ytimg.com\/vi\/cNCjBSM6lA0\/hqdefault.jpg)\"><div class=\"epyt-gallery-playhover\"><img loading=\"lazy\" decoding=\"async\" alt=\"play\" class=\"epyt-play-img\" width=\"30\" height=\"23\" src=\"https:\/\/ort.fi\/ilomantsi\/wp-content\/plugins\/youtube-embed-plus-pro\/images\/playhover.png\" data-no-lazy=\"1\" data-skipgform_ajax_framebjll=\"\" \/><div class=\"epyt-gallery-playcrutch\"><\/div><\/div><\/div><\/div><div class=\"epyt-gallery-title\">Ortodoksipapin keskustelutunti, su 18.4.2021 klo 14.00 vieraana rovasti Mikael Sundkvist.<\/div><\/div><div tabindex=\"0\" role=\"button\" data-videoid=\"mcT_5-QPZCY\" class=\"epyt-gallery-thumb \" ><div class=\"epyt-gallery-img-box\"><div class=\"epyt-gallery-img\" style=\"background-image: url(https:\/\/i.ytimg.com\/vi\/mcT_5-QPZCY\/hqdefault.jpg)\"><div class=\"epyt-gallery-playhover\"><img loading=\"lazy\" decoding=\"async\" alt=\"play\" class=\"epyt-play-img\" width=\"30\" height=\"23\" src=\"https:\/\/ort.fi\/ilomantsi\/wp-content\/plugins\/youtube-embed-plus-pro\/images\/playhover.png\" data-no-lazy=\"1\" data-skipgform_ajax_framebjll=\"\" \/><div class=\"epyt-gallery-playcrutch\"><\/div><\/div><\/div><\/div><div class=\"epyt-gallery-title\">Ortodoksipapin keskustelutunti, su 28.3.2021 klo 14.00 vieraana rovasti Stefan Holm..<\/div><\/div><div class=\"epyt-gallery-rowbreak\"><\/div><div tabindex=\"0\" role=\"button\" data-videoid=\"gQFlGa--AFc\" class=\"epyt-gallery-thumb \" ><div class=\"epyt-gallery-img-box\"><div class=\"epyt-gallery-img\" style=\"background-image: url(https:\/\/i.ytimg.com\/vi\/gQFlGa--AFc\/hqdefault.jpg)\"><div class=\"epyt-gallery-playhover\"><img loading=\"lazy\" decoding=\"async\" alt=\"play\" class=\"epyt-play-img\" width=\"30\" height=\"23\" src=\"https:\/\/ort.fi\/ilomantsi\/wp-content\/plugins\/youtube-embed-plus-pro\/images\/playhover.png\" data-no-lazy=\"1\" data-skipgform_ajax_framebjll=\"\" \/><div class=\"epyt-gallery-playcrutch\"><\/div><\/div><\/div><\/div><div class=\"epyt-gallery-title\">Ortodoksipapin keskustelutunti, su 21.3.2021 klo 14.00 vieraana is\u00e4 Teo Merras.<\/div><\/div><div tabindex=\"0\" role=\"button\" data-videoid=\"if8kBv6niSI\" class=\"epyt-gallery-thumb \" ><div class=\"epyt-gallery-img-box\"><div class=\"epyt-gallery-img\" style=\"background-image: url(https:\/\/i.ytimg.com\/vi\/if8kBv6niSI\/hqdefault.jpg)\"><div class=\"epyt-gallery-playhover\"><img loading=\"lazy\" decoding=\"async\" alt=\"play\" class=\"epyt-play-img\" width=\"30\" height=\"23\" src=\"https:\/\/ort.fi\/ilomantsi\/wp-content\/plugins\/youtube-embed-plus-pro\/images\/playhover.png\" data-no-lazy=\"1\" data-skipgform_ajax_framebjll=\"\" \/><div class=\"epyt-gallery-playcrutch\"><\/div><\/div><\/div><\/div><div class=\"epyt-gallery-title\">Ortodoksipapin keskustelutunti, to 4.3.2021 klo 16.30 vieraana Filantropiasta Minna ja Riina<\/div><\/div><div tabindex=\"0\" role=\"button\" data-videoid=\"EBl0KHxdhnI\" class=\"epyt-gallery-thumb \" ><div class=\"epyt-gallery-img-box\"><div class=\"epyt-gallery-img\" style=\"background-image: url(https:\/\/i.ytimg.com\/vi\/EBl0KHxdhnI\/hqdefault.jpg)\"><div class=\"epyt-gallery-playhover\"><img loading=\"lazy\" decoding=\"async\" alt=\"play\" class=\"epyt-play-img\" width=\"30\" height=\"23\" src=\"https:\/\/ort.fi\/ilomantsi\/wp-content\/plugins\/youtube-embed-plus-pro\/images\/playhover.png\" data-no-lazy=\"1\" data-skipgform_ajax_framebjll=\"\" \/><div class=\"epyt-gallery-playcrutch\"><\/div><\/div><\/div><\/div><div class=\"epyt-gallery-title\">Ortodoksipapin keskustelutunti, su 21.2.2021 vieraana kirkkoherra Tuomas J\u00e4rvelin.<\/div><\/div><div class=\"epyt-gallery-rowbreak\"><\/div><div tabindex=\"0\" role=\"button\" data-videoid=\"oSJERuob8nY\" class=\"epyt-gallery-thumb \" ><div class=\"epyt-gallery-img-box\"><div class=\"epyt-gallery-img\" style=\"background-image: url(https:\/\/i.ytimg.com\/vi\/oSJERuob8nY\/hqdefault.jpg)\"><div class=\"epyt-gallery-playhover\"><img loading=\"lazy\" decoding=\"async\" alt=\"play\" class=\"epyt-play-img\" width=\"30\" height=\"23\" src=\"https:\/\/ort.fi\/ilomantsi\/wp-content\/plugins\/youtube-embed-plus-pro\/images\/playhover.png\" data-no-lazy=\"1\" data-skipgform_ajax_framebjll=\"\" \/><div class=\"epyt-gallery-playcrutch\"><\/div><\/div><\/div><\/div><div class=\"epyt-gallery-title\">Ortodoksipapin keskustelutunti, su 14.2.2021 vieraana yliopiston opettaja pastori Teemu Toivonen.<\/div><\/div><div tabindex=\"0\" role=\"button\" data-videoid=\"-hTfdE8xHSc\" class=\"epyt-gallery-thumb \" ><div class=\"epyt-gallery-img-box\"><div class=\"epyt-gallery-img\" style=\"background-image: url(https:\/\/i.ytimg.com\/vi\/-hTfdE8xHSc\/hqdefault.jpg)\"><div class=\"epyt-gallery-playhover\"><img loading=\"lazy\" decoding=\"async\" alt=\"play\" class=\"epyt-play-img\" width=\"30\" height=\"23\" src=\"https:\/\/ort.fi\/ilomantsi\/wp-content\/plugins\/youtube-embed-plus-pro\/images\/playhover.png\" data-no-lazy=\"1\" data-skipgform_ajax_framebjll=\"\" \/><div class=\"epyt-gallery-playcrutch\"><\/div><\/div><\/div><\/div><div class=\"epyt-gallery-title\">Ortodoksipapin keskustelutunti, su 7.2.2021 vieraana rovasti Stefan Holm.<\/div><\/div><div tabindex=\"0\" role=\"button\" data-videoid=\"HYVDfUNOU4Q\" class=\"epyt-gallery-thumb \" ><div class=\"epyt-gallery-img-box\"><div class=\"epyt-gallery-img\" style=\"background-image: url(https:\/\/i.ytimg.com\/vi\/HYVDfUNOU4Q\/hqdefault.jpg)\"><div class=\"epyt-gallery-playhover\"><img loading=\"lazy\" decoding=\"async\" alt=\"play\" class=\"epyt-play-img\" width=\"30\" height=\"23\" src=\"https:\/\/ort.fi\/ilomantsi\/wp-content\/plugins\/youtube-embed-plus-pro\/images\/playhover.png\" data-no-lazy=\"1\" data-skipgform_ajax_framebjll=\"\" \/><div class=\"epyt-gallery-playcrutch\"><\/div><\/div><\/div><\/div><div class=\"epyt-gallery-title\">Ortodoksipapin keskustelutunti, su 24.1.2021 vieraana Seppo Kuosmanen<\/div><\/div><div class=\"epyt-gallery-rowbreak\"><\/div><div tabindex=\"0\" role=\"button\" data-videoid=\"FnONHloPMxY\" class=\"epyt-gallery-thumb \" ><div class=\"epyt-gallery-img-box\"><div class=\"epyt-gallery-img\" style=\"background-image: url(https:\/\/i.ytimg.com\/vi\/FnONHloPMxY\/hqdefault.jpg)\"><div class=\"epyt-gallery-playhover\"><img loading=\"lazy\" decoding=\"async\" alt=\"play\" class=\"epyt-play-img\" width=\"30\" height=\"23\" src=\"https:\/\/ort.fi\/ilomantsi\/wp-content\/plugins\/youtube-embed-plus-pro\/images\/playhover.png\" data-no-lazy=\"1\" data-skipgform_ajax_framebjll=\"\" \/><div class=\"epyt-gallery-playcrutch\"><\/div><\/div><\/div><\/div><div class=\"epyt-gallery-title\">Ortodoksipapin keskustelutunti 10.1.2021 &#8211; L\u00e4htisink\u00f6 teologiaa opiskelemaan?<\/div><\/div><div tabindex=\"0\" role=\"button\" data-videoid=\"klnqJ82skrQ\" class=\"epyt-gallery-thumb \" ><div class=\"epyt-gallery-img-box\"><div class=\"epyt-gallery-img\" style=\"background-image: url(https:\/\/i.ytimg.com\/vi\/klnqJ82skrQ\/hqdefault.jpg)\"><div class=\"epyt-gallery-playhover\"><img loading=\"lazy\" decoding=\"async\" alt=\"play\" class=\"epyt-play-img\" width=\"30\" height=\"23\" src=\"https:\/\/ort.fi\/ilomantsi\/wp-content\/plugins\/youtube-embed-plus-pro\/images\/playhover.png\" data-no-lazy=\"1\" data-skipgform_ajax_framebjll=\"\" \/><div class=\"epyt-gallery-playcrutch\"><\/div><\/div><\/div><\/div><div class=\"epyt-gallery-title\">Ortodoksipapin keskustelutunti 20.12.2020 &quot;Kristus syntyy, kiitt\u00e4k\u00e4\u00e4!&quot;  Rovasti Stefan Holm<\/div><\/div><div tabindex=\"0\" role=\"button\" data-videoid=\"fnrj_3e6lYI\" class=\"epyt-gallery-thumb \" ><div class=\"epyt-gallery-img-box\"><div class=\"epyt-gallery-img\" style=\"background-image: url(https:\/\/i.ytimg.com\/vi\/fnrj_3e6lYI\/hqdefault.jpg)\"><div class=\"epyt-gallery-playhover\"><img loading=\"lazy\" decoding=\"async\" alt=\"play\" class=\"epyt-play-img\" width=\"30\" height=\"23\" src=\"https:\/\/ort.fi\/ilomantsi\/wp-content\/plugins\/youtube-embed-plus-pro\/images\/playhover.png\" data-no-lazy=\"1\" data-skipgform_ajax_framebjll=\"\" \/><div class=\"epyt-gallery-playcrutch\"><\/div><\/div><\/div><\/div><div class=\"epyt-gallery-title\">Ortodoksipapin keskustelutunti<\/div><\/div><div class=\"epyt-gallery-rowbreak\"><\/div><div tabindex=\"0\" role=\"button\" data-videoid=\"y9RX_wdHXW4\" class=\"epyt-gallery-thumb \" ><div class=\"epyt-gallery-img-box\"><div class=\"epyt-gallery-img\" style=\"background-image: url(https:\/\/i.ytimg.com\/vi\/y9RX_wdHXW4\/hqdefault.jpg)\"><div class=\"epyt-gallery-playhover\"><img loading=\"lazy\" decoding=\"async\" alt=\"play\" class=\"epyt-play-img\" width=\"30\" height=\"23\" src=\"https:\/\/ort.fi\/ilomantsi\/wp-content\/plugins\/youtube-embed-plus-pro\/images\/playhover.png\" data-no-lazy=\"1\" data-skipgform_ajax_framebjll=\"\" \/><div class=\"epyt-gallery-playcrutch\"><\/div><\/div><\/div><\/div><div class=\"epyt-gallery-title\">Ortodoksipapin keskustelutunti, su 13.9.2020<\/div><\/div><div tabindex=\"0\" role=\"button\" data-videoid=\"qXmZLRcb4bM\" class=\"epyt-gallery-thumb \" ><div class=\"epyt-gallery-img-box\"><div class=\"epyt-gallery-img\" style=\"background-image: url(https:\/\/i.ytimg.com\/vi\/qXmZLRcb4bM\/hqdefault.jpg)\"><div class=\"epyt-gallery-playhover\"><img loading=\"lazy\" decoding=\"async\" alt=\"play\" class=\"epyt-play-img\" width=\"30\" height=\"23\" src=\"https:\/\/ort.fi\/ilomantsi\/wp-content\/plugins\/youtube-embed-plus-pro\/images\/playhover.png\" data-no-lazy=\"1\" data-skipgform_ajax_framebjll=\"\" \/><div class=\"epyt-gallery-playcrutch\"><\/div><\/div><\/div><\/div><div class=\"epyt-gallery-title\">Ortodoksipapin keskustelutunti. Aiheena &#039;Kirkko ja mielenterveys&#039;<\/div><\/div><div tabindex=\"0\" role=\"button\" data-videoid=\"wqyqCpJUXsI\" class=\"epyt-gallery-thumb \" ><div class=\"epyt-gallery-img-box\"><div class=\"epyt-gallery-img\" style=\"background-image: url(https:\/\/i.ytimg.com\/vi\/wqyqCpJUXsI\/hqdefault.jpg)\"><div class=\"epyt-gallery-playhover\"><img loading=\"lazy\" decoding=\"async\" alt=\"play\" class=\"epyt-play-img\" width=\"30\" height=\"23\" src=\"https:\/\/ort.fi\/ilomantsi\/wp-content\/plugins\/youtube-embed-plus-pro\/images\/playhover.png\" data-no-lazy=\"1\" data-skipgform_ajax_framebjll=\"\" \/><div class=\"epyt-gallery-playcrutch\"><\/div><\/div><\/div><\/div><div class=\"epyt-gallery-title\">Ortodoksipapin keskustelutunti \u2013 Extra!!, 10.6.2020 Aiheena: Mit\u00e4 kirkko on, ja mit\u00e4 seurakunta on?<\/div><\/div><div class=\"epyt-gallery-rowbreak\"><\/div><div class=\"epyt-gallery-clear\"><\/div><\/div><div class=\"epyt-pagination \"><div tabindex=\"0\" role=\"button\" class=\"epyt-pagebutton epyt-prev  hide \" data-playlistid=\"PLPtWKY2B3--zrznRV450Dr7LPBMSbqhGo\" data-pagesize=\"15\" data-pagetoken=\"\" data-style=\"grid\" data-epcolumns=\"3\" data-showtitle=\"1\" data-showpaging=\"1\" data-autonext=\"0\" data-hidethumbimg=\"0\" data-thumbplay=\"1\"><div class=\"epyt-arrow\">&laquo;<\/div> <div>Edellinen<\/div><\/div><div class=\"epyt-pagenumbers \"><div class=\"epyt-current\">1<\/div><div class=\"epyt-pageseparator\"> \/ <\/div><div class=\"epyt-totalpages\">2<\/div><\/div><div tabindex=\"0\" role=\"button\" class=\"epyt-pagebutton epyt-next\" data-playlistid=\"PLPtWKY2B3--zrznRV450Dr7LPBMSbqhGo\" data-pagesize=\"15\" data-pagetoken=\"EAAaHlBUOkNBOGlFRU5CUTBSRU5EWTJRak5GUkRFMU5qVQ\" data-style=\"grid\" data-epcolumns=\"3\" data-showtitle=\"1\" data-showpaging=\"1\" data-autonext=\"0\" data-hidethumbimg=\"0\" data-thumbplay=\"1\"><div>Seuraava<\/div> <div class=\"epyt-arrow\">&raquo;<\/div><\/div><div class=\"epyt-loader\"><img loading=\"lazy\" decoding=\"async\" alt=\"loading\" width=\"16\" height=\"11\" src=\"https:\/\/ort.fi\/ilomantsi\/wp-content\/plugins\/youtube-embed-plus-pro\/images\/gallery-page-loader.gif\"><\/div><\/div><\/div><\/div>","protected":false},"excerpt":{"rendered":"<p>Joka sunnuntai klo 14-15&nbsp;seurakunnan YouTube kanavalla. L\u00e4hetys n\u00e4kyy suorana \u2019Live-l\u00e4hetykset netiss\u00e4\u2019 -sivulla. Menneet l\u00e4hetykset l\u00f6yd\u00e4t t\u00e4lt\u00e4 sivulta. Seuraava l\u00e4hetyksemme on sunnuntaina 2.5 klo 14.Vieraanamme on Yliopistotutkija Maria Takala-Roszczenko, It\u00e4-Suomen yliopistolta. &#8230; <a title=\"Ortodoksipapin keskustelutunti\" class=\"read-more\" href=\"https:\/\/ort.fi\/ilomantsi\/ortodoksipapin-keskustelutunti\/\" aria-label=\"Lue lis\u00e4\u00e4 aiheesta Ortodoksipapin keskustelutunti\">Lue lis\u00e4\u00e4<\/a><\/p>\n","protected":false},"author":6,"featured_media":0,"parent":0,"menu_order":0,"comment_status":"closed","ping_status":"closed","template":"","meta":{"ngg_post_thumbnail":0,"footnotes":""},"class_list":["post-6011","page","type-page","status-publish"],"_links":{"self":[{"href":"https:\/\/ort.fi\/ilomantsi\/wp-json\/wp\/v2\/pages\/6011","targetHints":{"allow":["GET"]}}],"collection":[{"href":"https:\/\/ort.fi\/ilomantsi\/wp-json\/wp\/v2\/pages"}],"about":[{"href":"https:\/\/ort.fi\/ilomantsi\/wp-json\/wp\/v2\/types\/page"}],"author":[{"embeddable":true,"href":"https:\/\/ort.fi\/ilomantsi\/wp-json\/wp\/v2\/users\/6"}],"replies":[{"embeddable":true,"href":"https:\/\/ort.fi\/ilomantsi\/wp-json\/wp\/v2\/comments?post=6011"}],"version-history":[{"count":35,"href":"https:\/\/ort.fi\/ilomantsi\/wp-json\/wp\/v2\/pages\/6011\/revisions"}],"predecessor-version":[{"id":8203,"href":"https:\/\/ort.fi\/ilomantsi\/wp-json\/wp\/v2\/pages\/6011\/revisions\/8203"}],"wp:attachment":[{"href":"https:\/\/ort.fi\/ilomantsi\/wp-json\/wp\/v2\/media?parent=6011"}],"curies":[{"name":"wp","href":"https:\/\/api.w.org\/{rel}","templated":true}]}}