{"id":58,"date":"2018-11-04T11:31:27","date_gmt":"2018-11-04T09:31:27","guid":{"rendered":"https:\/\/ort.fi\/ilomantsi\/?page_id=58"},"modified":"2019-01-10T21:53:22","modified_gmt":"2019-01-10T19:53:22","slug":"toiminta","status":"publish","type":"page","link":"https:\/\/ort.fi\/ilomantsi\/toiminta\/","title":{"rendered":"Toiminta"},"content":{"rendered":"\n<div class=\"wp-block-image\"><figure class=\"alignright is-resized\"><img loading=\"lazy\" decoding=\"async\" src=\"https:\/\/ort.fi\/ilomantsi\/wp-content\/uploads\/2019\/01\/Hattu_Teuvo_Martiskainen-1024x768.jpg\" alt=\"\" class=\"wp-image-2898\" width=\"316\" height=\"236\" srcset=\"https:\/\/ort.fi\/ilomantsi\/wp-content\/uploads\/2019\/01\/Hattu_Teuvo_Martiskainen-1024x768.jpg 1024w, https:\/\/ort.fi\/ilomantsi\/wp-content\/uploads\/2019\/01\/Hattu_Teuvo_Martiskainen-300x225.jpg 300w, https:\/\/ort.fi\/ilomantsi\/wp-content\/uploads\/2019\/01\/Hattu_Teuvo_Martiskainen-768x576.jpg 768w, https:\/\/ort.fi\/ilomantsi\/wp-content\/uploads\/2019\/01\/Hattu_Teuvo_Martiskainen.jpg 1600w\" sizes=\"auto, (max-width: 316px) 100vw, 316px\" \/><\/figure><\/div>\n\n\n\n<p>Ilomantsin ortodoksinen seurakunta j\u00e4rjest\u00e4\u00e4 monenlaista toimintaa sek\u00e4 lapsille ett\u00e4 aikuisille. Melkein kaikki seurakunnan kerho-, kuoro- ja piiritoiminta tapahtuu Ilomantsij\u00e4rven rannalla sijaitsevassa Seurakuntakeskus Eliassa, joka on toiminut seurakunnan pappilana 1800-luvulta saakka, tai sen vieress\u00e4 Pyh\u00e4n Profeetta Elian kirkossa. Toimintansa j\u00e4rjest\u00e4misess\u00e4 seurakunta tekee paljon yhteisty\u00f6t\u00e4 muun muassa Ilomantsin kansalaisopiston, kunnan, luterilaisen seurakunnan ja monien vapaaehtoisj\u00e4rjest\u00f6jen&nbsp;&nbsp;sek\u00e4 vapaaehtoisten kanssa.&nbsp;&nbsp;<\/p>\n\n\n\n<p>Toimintaan osallistumaan sek\u00e4 toimintaa ideoimaan ja j\u00e4rjest\u00e4m\u00e4\u00e4n seurakunta toivottaa tervetulleeksi kaikki asiasta kiinnostuneet. Pienen seurakunnan vilkas toiminta onkin mahdollista juuri monien vapaaehtoisten takia. Ajankohtaista tietoa toiminnasta l\u00f6yd\u00e4t &#8217;Toiminta&#8217;-valikon alaotsakkeiden alta<\/p>\n","protected":false},"excerpt":{"rendered":"<p>Ilomantsin ortodoksinen seurakunta j\u00e4rjest\u00e4\u00e4 monenlaista toimintaa sek\u00e4 lapsille ett\u00e4 aikuisille. Melkein kaikki seurakunnan kerho-, kuoro- ja piiritoiminta tapahtuu Ilomantsij\u00e4rven rannalla sijaitsevassa Seurakuntakeskus Eliassa, joka on toiminut seurakunnan pappilana 1800-luvulta saakka, &#8230; <a title=\"Toiminta\" class=\"read-more\" href=\"https:\/\/ort.fi\/ilomantsi\/toiminta\/\" aria-label=\"Lue lis\u00e4\u00e4 aiheesta Toiminta\">Lue lis\u00e4\u00e4<\/a><\/p>\n","protected":false},"author":6,"featured_media":0,"parent":0,"menu_order":0,"comment_status":"closed","ping_status":"closed","template":"","meta":{"ngg_post_thumbnail":0,"footnotes":""},"class_list":["post-58","page","type-page","status-publish"],"_links":{"self":[{"href":"https:\/\/ort.fi\/ilomantsi\/wp-json\/wp\/v2\/pages\/58","targetHints":{"allow":["GET"]}}],"collection":[{"href":"https:\/\/ort.fi\/ilomantsi\/wp-json\/wp\/v2\/pages"}],"about":[{"href":"https:\/\/ort.fi\/ilomantsi\/wp-json\/wp\/v2\/types\/page"}],"author":[{"embeddable":true,"href":"https:\/\/ort.fi\/ilomantsi\/wp-json\/wp\/v2\/users\/6"}],"replies":[{"embeddable":true,"href":"https:\/\/ort.fi\/ilomantsi\/wp-json\/wp\/v2\/comments?post=58"}],"version-history":[{"count":4,"href":"https:\/\/ort.fi\/ilomantsi\/wp-json\/wp\/v2\/pages\/58\/revisions"}],"predecessor-version":[{"id":2902,"href":"https:\/\/ort.fi\/ilomantsi\/wp-json\/wp\/v2\/pages\/58\/revisions\/2902"}],"wp:attachment":[{"href":"https:\/\/ort.fi\/ilomantsi\/wp-json\/wp\/v2\/media?parent=58"}],"curies":[{"name":"wp","href":"https:\/\/api.w.org\/{rel}","templated":true}]}}