{"id":5491,"date":"2019-09-23T15:08:40","date_gmt":"2019-09-23T12:08:40","guid":{"rendered":"https:\/\/ort.fi\/ilomantsi\/?page_id=5491"},"modified":"2019-09-27T11:31:22","modified_gmt":"2019-09-27T08:31:22","slug":"saavutettavuusseloste","status":"publish","type":"page","link":"https:\/\/ort.fi\/ilomantsi\/hallinto\/saavutettavuusseloste\/","title":{"rendered":"Saavutettavuusseloste"},"content":{"rendered":"\n<h2 class=\"wp-block-heading\">Tervetuloa, t\u00e4m\u00e4 on Ilomantsin ortodoksinen seurakunnan saavutettavuusseloste<\/h2>\n\n\n\n<p>T\u00e4m\u00e4 saavutettavuusseloste koskee https:\/\/ort.fi\/ilomantsi ja on laadittu 23.9.2019. T\u00e4m\u00e4n digipalvelun saavutettavuuden on arvioinut Juhana Sir\u00e9n, Suomen ortodoksisen kirkon palvelukeskus.<\/p>\n\n\n\n<h2 class=\"wp-block-heading\">Digipalvelun saavutettavuuden tila<\/h2>\n\n\n\n<p>T\u00e4ytt\u00e4\u00e4 kriittiset A &amp; AA-vaatimukset<\/p>\n\n\n\n<h2 class=\"wp-block-heading\">Digipalvelun ei-saavutettava sis\u00e4lt\u00f6 (WCAG-kriteerien mukaan)<\/h2>\n\n\n\n<h3 class=\"wp-block-heading\"><strong>Havaittava<\/strong><\/h3>\n\n\n\n<h4 class=\"wp-block-heading\">Videoiden tekstitys<\/h4>\n\n\n\n<p><strong>Saavuttamaton sis\u00e4lt\u00f6 ja sen puutteet<\/strong><\/p>\n\n\n\n<p>Videoihin, jotka ovat Live-l\u00e4hetykset-kohdassa, ei ole toistaiseksi mahdollista saada tekstityksi\u00e4.<\/p>\n\n\n\n<p><strong>Saavutettavuusvaatimukset jotka eiv\u00e4t t\u00e4yty<\/strong><\/p>\n\n\n\n<ul class=\"wp-block-list\"><li>1.2.2 Tekstitys (tallennettu)<\/li><li>1.2.4 Tekstitys (suorissa l\u00e4hetyksiss\u00e4)<\/li><\/ul>\n\n\n\n<p><strong>Syy noudattamatta j\u00e4tt\u00e4miselle<\/strong><\/p>\n\n\n\n<p>Kohtuuton rasite.  Seurakunnassa ei ole riitt\u00e4v\u00e4sti henkil\u00f6kuntaa toteuttamaan tekstityksi\u00e4. Youtube:n automaattitekstityst\u00e4 testataan. <\/p>\n\n\n\n<h3 class=\"wp-block-heading\"><strong>Hallittava<\/strong><\/h3>\n\n\n\n<h4 class=\"wp-block-heading\">Tuleviin tapahtumiin ei p\u00e4\u00e4se n\u00e4pp\u00e4imist\u00f6ll\u00e4<\/h4>\n\n\n\n<p><strong>Saavuttamaton sis\u00e4lt\u00f6 ja sen puutteet<\/strong><\/p>\n\n\n\n<p>Tulevat tapahtumat on upotettu Google-kalenterista, eik\u00e4 upotettuun sis\u00e4lt\u00f6\u00f6n p\u00e4\u00e4se n\u00e4pp\u00e4imist\u00f6\u00e4 k\u00e4ytt\u00e4m\u00e4ll\u00e4.<\/p>\n\n\n\n<p><strong>Saavutettavuusvaatimukset jotka eiv\u00e4t t\u00e4yty<\/strong><\/p>\n\n\n\n<ul class=\"wp-block-list\"><li>2.1.1 N\u00e4pp\u00e4imist\u00f6<\/li><\/ul>\n\n\n\n<p><strong>Syy noudattamatta j\u00e4tt\u00e4miselle<\/strong><\/p>\n\n\n\n<p>Ei kuulu lains\u00e4\u00e4d\u00e4nn\u00f6n piiriin.<\/p>\n\n\n\n<p>Tapahtumakalenterin tuottaa ulkopuolinen taho (Google), jonka ohjelmistoon ei voi vaikuttaa.<\/p>\n\n\n\n<h2 class=\"wp-block-heading\"><strong>Miten annat palautetta saavutettavuudesta<\/strong><\/h2>\n\n\n\n<p><strong>S\u00e4shk\u00f6postill\u00e4:<\/strong> ilomantsi@ort.fi, ioannis.lampropoulos@ort.fi<\/p>\n\n\n\n<p><strong>Muilla tavoin<\/strong><\/p>\n\n\n\n<p>Puhelimitse 050 470 6383, henkil\u00f6kohtaisesti maanantaisin 9.00 \u2013 12.00 Kirkkotie 17, 82900 Ilomantsi.<\/p>\n\n\n\n<h2 class=\"wp-block-heading\">Valvontaviranomainen<\/h2>\n\n\n\n<p>Jos huomaat sivustolla saavutettavuusongelmia, anna ensin palautetta meille eli sivuston yll\u00e4pit\u00e4j\u00e4lle. Vastauksessa voi menn\u00e4 14 p\u00e4iv\u00e4\u00e4. Jos et ole tyytyv\u00e4inen saamaasi vastaukseen tai et saa vastausta lainkaan kahden viikon aikana, voit tehd\u00e4 ilmoituksen Etel\u00e4-Suomen aluehallintovirastoon. Etel\u00e4-Suomen aluehallintoviraston sivulla kerrotaan tarkasti, miten valituksen voi tehd\u00e4 ja miten asia k\u00e4sitell\u00e4\u00e4n.<\/p>\n\n\n\n<h3 class=\"wp-block-heading\">Valvontaviranomaisen yhteystiedot<\/h3>\n\n\n\n<p>Etel\u00e4-Suomen aluehallintovirasto<br>Saavutettavuuden valvonnan yksikk\u00f6<br>www.saavutettavuusvaatimukset.fi<br>saavutettavuus(at)avi.fi<br>puhelinnumero vaihde 0295 016 000<\/p>\n\n\n\n<h2 class=\"wp-block-heading\">Teemme jatkuvasti ty\u00f6t\u00e4 saavutettavuuden parantamiseksi<\/h2>\n\n\n\n<p><strong>Digipalveluistamme on tehty saavutettavuusarviointi<\/strong><\/p>\n\n\n\n<p><strong>Olemme sitoutuneet digipalveluiden saavutettavuuden parantamiseen<\/strong><\/p>\n\n\n\n<p>Seurakunnan digipalvelut on arvioitu kirkkokunnan asiantuntijan Juhana Sirenin kanssa. Arvioinnin perustella on p\u00e4\u00e4tetty tehd\u00e4 muutoksia Facebook- ilmoitusten osalta. Seurakunta ei voi vaikuttaa t\u00e4ll\u00e4 hetkell\u00e4 google-kalenteriin. Tulevan palautteen perustella tehd\u00e4\u00e4n digipalveluissa mahdollisia parannuksia. Saavutettavuuden arviointia jatketaan.<\/p>\n\n\n\n<p><strong>Tarjoamme tukea k\u00e4ytt\u00e4jille joille digipalvelut eiv\u00e4t ole saavutettavissa<\/strong><\/p>\n\n\n\n<p>Tarvittaessa apua saa soittamalla numeroon 050 357 3675 tai kirjoittamalla s\u00e4hk\u00f6posti osoitteeseen ioannis.lampropoulos@ort.fi<\/p>\n\n\n\n<p><strong>T\u00e4m\u00e4 verkkosivusto\/sovellus on julkaistu<\/strong><\/p>\n\n\n\n<p>Vuoden 2019 alussa.<\/p>\n\n\n\n<p><strong>T\u00e4m\u00e4 verkkosivusto\/sovellus on p\u00e4ivitetty merkitt\u00e4vien muutosten j\u00e4lkeen<\/strong><\/p>\n","protected":false},"excerpt":{"rendered":"<p>Tervetuloa, t\u00e4m\u00e4 on Ilomantsin ortodoksinen seurakunnan saavutettavuusseloste T\u00e4m\u00e4 saavutettavuusseloste koskee https:\/\/ort.fi\/ilomantsi ja on laadittu 23.9.2019. T\u00e4m\u00e4n digipalvelun saavutettavuuden on arvioinut Juhana Sir\u00e9n, Suomen ortodoksisen kirkon palvelukeskus. Digipalvelun saavutettavuuden tila T\u00e4ytt\u00e4\u00e4 &#8230; <a title=\"Saavutettavuusseloste\" class=\"read-more\" href=\"https:\/\/ort.fi\/ilomantsi\/hallinto\/saavutettavuusseloste\/\" aria-label=\"Lue lis\u00e4\u00e4 aiheesta Saavutettavuusseloste\">Lue lis\u00e4\u00e4<\/a><\/p>\n","protected":false},"author":6,"featured_media":0,"parent":100,"menu_order":0,"comment_status":"closed","ping_status":"closed","template":"","meta":{"ngg_post_thumbnail":0,"footnotes":""},"class_list":["post-5491","page","type-page","status-publish"],"_links":{"self":[{"href":"https:\/\/ort.fi\/ilomantsi\/wp-json\/wp\/v2\/pages\/5491","targetHints":{"allow":["GET"]}}],"collection":[{"href":"https:\/\/ort.fi\/ilomantsi\/wp-json\/wp\/v2\/pages"}],"about":[{"href":"https:\/\/ort.fi\/ilomantsi\/wp-json\/wp\/v2\/types\/page"}],"author":[{"embeddable":true,"href":"https:\/\/ort.fi\/ilomantsi\/wp-json\/wp\/v2\/users\/6"}],"replies":[{"embeddable":true,"href":"https:\/\/ort.fi\/ilomantsi\/wp-json\/wp\/v2\/comments?post=5491"}],"version-history":[{"count":4,"href":"https:\/\/ort.fi\/ilomantsi\/wp-json\/wp\/v2\/pages\/5491\/revisions"}],"predecessor-version":[{"id":5523,"href":"https:\/\/ort.fi\/ilomantsi\/wp-json\/wp\/v2\/pages\/5491\/revisions\/5523"}],"up":[{"embeddable":true,"href":"https:\/\/ort.fi\/ilomantsi\/wp-json\/wp\/v2\/pages\/100"}],"wp:attachment":[{"href":"https:\/\/ort.fi\/ilomantsi\/wp-json\/wp\/v2\/media?parent=5491"}],"curies":[{"name":"wp","href":"https:\/\/api.w.org\/{rel}","templated":true}]}}