{"id":5373,"date":"2019-08-26T10:24:31","date_gmt":"2019-08-26T07:24:31","guid":{"rendered":"https:\/\/ort.fi\/ilomantsi\/?page_id=5373"},"modified":"2025-05-27T16:03:05","modified_gmt":"2025-05-27T13:03:05","slug":"seurakuntakeskus-elian-vuokraaminen","status":"publish","type":"page","link":"https:\/\/ort.fi\/ilomantsi\/seurakuntakeskus-elian-vuokraaminen\/","title":{"rendered":"Seurakuntakeskus Elian tilojen vuokraaminen"},"content":{"rendered":"<div class=\"wp-block-image\">\n<figure class=\"aligncenter is-resized\"><img loading=\"lazy\" decoding=\"async\" width=\"1024\" height=\"768\" src=\"https:\/\/ort.fi\/ilomantsi\/wp-content\/uploads\/2018\/11\/Pappila-1024x768.jpeg\" alt=\"\" class=\"wp-image-210\" style=\"width:768px;height:576px\" srcset=\"https:\/\/ort.fi\/ilomantsi\/wp-content\/uploads\/2018\/11\/Pappila-1024x768.jpeg 1024w, https:\/\/ort.fi\/ilomantsi\/wp-content\/uploads\/2018\/11\/Pappila-300x225.jpeg 300w, https:\/\/ort.fi\/ilomantsi\/wp-content\/uploads\/2018\/11\/Pappila-768x576.jpeg 768w\" sizes=\"auto, (max-width: 1024px) 100vw, 1024px\" \/><figcaption class=\"wp-element-caption\">Seurakuntakeskus Elia rannalta p\u00e4in katsottuna.<\/figcaption><\/figure>\n<\/div>\n\n\n<p>Ilomantsin Seurakuntakeskuksena toimii Ilomantsi-j\u00e4rven rannalla sijaitseva 1800-luvulla rakennettu historiallinen pappilarakennus. Seurakuntakeskusta on mahdollista vuokrata monenlaisiin juhliin, tapahtumiin ja kokouksiin. Huom! Seurakunnan tiloja ei vuokrata p\u00e4\u00e4symaksullisten tapahtumien j\u00e4rjest\u00e4miseen. My\u00f6s rantasaunan vuokraaminen on mahdollista.<\/p>\n\n\n\n<figure class=\"wp-block-image\"><img loading=\"lazy\" decoding=\"async\" width=\"1024\" height=\"498\" src=\"https:\/\/ort.fi\/ilomantsi\/wp-content\/uploads\/2019\/08\/20190331_114642-1024x498.jpg\" alt=\"\" class=\"wp-image-5387\" srcset=\"https:\/\/ort.fi\/ilomantsi\/wp-content\/uploads\/2019\/08\/20190331_114642-1024x498.jpg 1024w, https:\/\/ort.fi\/ilomantsi\/wp-content\/uploads\/2019\/08\/20190331_114642-300x146.jpg 300w, https:\/\/ort.fi\/ilomantsi\/wp-content\/uploads\/2019\/08\/20190331_114642-768x374.jpg 768w\" sizes=\"auto, (max-width: 1024px) 100vw, 1024px\" \/><figcaption class=\"wp-element-caption\"> Seurakuntakeskus Elian iso sali. <\/figcaption><\/figure>\n\n\n\n<p>Kokoustilojen vuokrat:<\/p>\n\n\n\n<ul class=\"wp-block-list\">\n<li>seurakuntakeskus 100\u20ac\/kerta seurakunnan j\u00e4senille, 135\u20ac\/ muille<\/li>\n\n\n\n<li>seurakuntakeskus sek\u00e4 rantasauna seurakunnan j\u00e4senille 150\u20ac, muille 170\u20ac<\/li>\n<\/ul>\n\n\n\n<p>Tilojen kuvaus:<\/p>\n\n\n\n<ul class=\"wp-block-list\">\n<li>Istumapaikkoja l\u00f6ytyy 40 hengelle: Iso sali 24, pieni sali 12, pieni keitti\u00f6 4. P\u00f6ytien j\u00e4rjestyst\u00e4 vaihtamalla istumapaikkojen m\u00e4\u00e4r\u00e4\u00e4 voi jonkin verran vaihdella salien kesken.<\/li>\n\n\n\n<li>Ruokailuastiat sis\u00e4ltyv\u00e4t vuokran hintaan<\/li>\n\n\n\n<li>Talon p\u00f6yt\u00e4liinat ovat k\u00e4ytett\u00e4viss\u00e4 50\u20ac hintaan.<\/li>\n\n\n\n<li>Iso keitti\u00f6 on laitoskeitti\u00f6<\/li>\n\n\n\n<li>Vuokraaja huolehtii tilojen siistimisest\u00e4 tilaisuuden j\u00e4lkeen. Huom! Puutteellisesta siivouksestaperit\u00e4\u00e4n 100\u20ac siivousmaksu.<\/li>\n<\/ul>\n\n\n<div class=\"wp-block-image\">\n<figure class=\"aligncenter is-resized\"><img loading=\"lazy\" decoding=\"async\" width=\"1024\" height=\"498\" src=\"https:\/\/ort.fi\/ilomantsi\/wp-content\/uploads\/2019\/08\/20190526_142920-1024x498.jpg\" alt=\"\" class=\"wp-image-5395\" style=\"width:512px;height:249px\" srcset=\"https:\/\/ort.fi\/ilomantsi\/wp-content\/uploads\/2019\/08\/20190526_142920-1024x498.jpg 1024w, https:\/\/ort.fi\/ilomantsi\/wp-content\/uploads\/2019\/08\/20190526_142920-300x146.jpg 300w, https:\/\/ort.fi\/ilomantsi\/wp-content\/uploads\/2019\/08\/20190526_142920-768x374.jpg 768w\" sizes=\"auto, (max-width: 1024px) 100vw, 1024px\" \/><\/figure>\n<\/div>\n\n\n<p>Rantasauna:<\/p>\n\n\n\n<ul class=\"wp-block-list\">\n<li>Rantasauna on k\u00e4yt\u00f6ss\u00e4 1.5.-30.10. K\u00e4ytt\u00e4j\u00e4n vastuulla on saunan l\u00e4mmitys ja tilojen siistiminen saunomisen j\u00e4lkeen. Ulkotulen teko Seurakuntakeskuksen alueella on kielletty.<\/li>\n\n\n\n<li>Alkoholijuomien nauttiminen saunan tiloissa on sallittu kohtuuden rajoissa. <\/li>\n\n\n\n<li>Rantasaunan vuokra seurakunnan j\u00e4senille 60\u20ac, muille 80\u20ac.<\/li>\n<\/ul>\n\n\n\n<p>Seurakuntakeskus Elian osoite on Kirkkotie 17, 82900 ILOMANTSI. Varaukset s\u00e4hk\u00f6postilla osoitteeseen ilomantsi@ort.fi tai soittamalla 050-470 6383<\/p>\n\n\n\n<figure class=\"wp-block-gallery has-nested-images columns-default is-cropped wp-block-gallery-1 is-layout-flex wp-block-gallery-is-layout-flex\">\n<figure class=\"wp-block-image size-large\"><img loading=\"lazy\" decoding=\"async\" width=\"768\" height=\"1024\" data-id=\"5409\" src=\"https:\/\/ort.fi\/ilomantsi\/wp-content\/uploads\/2019\/08\/20180624_150224-e1566807337458-768x1024.jpg\" alt=\"\" class=\"wp-image-5409\" srcset=\"https:\/\/ort.fi\/ilomantsi\/wp-content\/uploads\/2019\/08\/20180624_150224-e1566807337458-768x1024.jpg 768w, https:\/\/ort.fi\/ilomantsi\/wp-content\/uploads\/2019\/08\/20180624_150224-e1566807337458-225x300.jpg 225w\" sizes=\"auto, (max-width: 768px) 100vw, 768px\" \/><figcaption class=\"wp-element-caption\">Juhannusruusut Seurakuntakeskus Elian pihalla.<\/figcaption><\/figure>\n\n\n\n<figure class=\"wp-block-image size-large\"><img loading=\"lazy\" decoding=\"async\" width=\"768\" height=\"1024\" data-id=\"5413\" src=\"https:\/\/ort.fi\/ilomantsi\/wp-content\/uploads\/2019\/08\/20180522_194450-1-e1566807408234-768x1024.jpg\" alt=\"\" class=\"wp-image-5413\" srcset=\"https:\/\/ort.fi\/ilomantsi\/wp-content\/uploads\/2019\/08\/20180522_194450-1-e1566807408234-768x1024.jpg 768w, https:\/\/ort.fi\/ilomantsi\/wp-content\/uploads\/2019\/08\/20180522_194450-1-e1566807408234-225x300.jpg 225w\" sizes=\"auto, (max-width: 768px) 100vw, 768px\" \/><figcaption class=\"wp-element-caption\">N\u00e4kym\u00e4 rantasaunan pukuhuoneesta.<\/figcaption><\/figure>\n\n\n\n<figure class=\"wp-block-image size-large\"><img loading=\"lazy\" decoding=\"async\" width=\"1024\" height=\"682\" data-id=\"5033\" src=\"https:\/\/ort.fi\/ilomantsi\/wp-content\/uploads\/2019\/06\/Kirkko-1-1024x682.jpg\" alt=\"\" class=\"wp-image-5033\" srcset=\"https:\/\/ort.fi\/ilomantsi\/wp-content\/uploads\/2019\/06\/Kirkko-1-1024x682.jpg 1024w, https:\/\/ort.fi\/ilomantsi\/wp-content\/uploads\/2019\/06\/Kirkko-1-300x200.jpg 300w, https:\/\/ort.fi\/ilomantsi\/wp-content\/uploads\/2019\/06\/Kirkko-1-768x512.jpg 768w\" sizes=\"auto, (max-width: 1024px) 100vw, 1024px\" \/><figcaption class=\"wp-element-caption\">Kuvan ottaja: SkyTeamCopter STC<\/figcaption><\/figure>\n<\/figure>\n","protected":false},"excerpt":{"rendered":"<p>Ilomantsin Seurakuntakeskuksena toimii Ilomantsi-j\u00e4rven rannalla sijaitseva 1800-luvulla rakennettu historiallinen pappilarakennus. Seurakuntakeskusta on mahdollista vuokrata monenlaisiin juhliin, tapahtumiin ja kokouksiin. Huom! Seurakunnan tiloja ei vuokrata p\u00e4\u00e4symaksullisten tapahtumien j\u00e4rjest\u00e4miseen. My\u00f6s rantasaunan vuokraaminen &#8230; <a title=\"Seurakuntakeskus Elian tilojen vuokraaminen\" class=\"read-more\" href=\"https:\/\/ort.fi\/ilomantsi\/seurakuntakeskus-elian-vuokraaminen\/\" aria-label=\"Lue lis\u00e4\u00e4 aiheesta Seurakuntakeskus Elian tilojen vuokraaminen\">Lue lis\u00e4\u00e4<\/a><\/p>\n","protected":false},"author":7,"featured_media":0,"parent":0,"menu_order":0,"comment_status":"closed","ping_status":"closed","template":"","meta":{"ngg_post_thumbnail":0,"footnotes":""},"class_list":["post-5373","page","type-page","status-publish"],"_links":{"self":[{"href":"https:\/\/ort.fi\/ilomantsi\/wp-json\/wp\/v2\/pages\/5373","targetHints":{"allow":["GET"]}}],"collection":[{"href":"https:\/\/ort.fi\/ilomantsi\/wp-json\/wp\/v2\/pages"}],"about":[{"href":"https:\/\/ort.fi\/ilomantsi\/wp-json\/wp\/v2\/types\/page"}],"author":[{"embeddable":true,"href":"https:\/\/ort.fi\/ilomantsi\/wp-json\/wp\/v2\/users\/7"}],"replies":[{"embeddable":true,"href":"https:\/\/ort.fi\/ilomantsi\/wp-json\/wp\/v2\/comments?post=5373"}],"version-history":[{"count":12,"href":"https:\/\/ort.fi\/ilomantsi\/wp-json\/wp\/v2\/pages\/5373\/revisions"}],"predecessor-version":[{"id":10809,"href":"https:\/\/ort.fi\/ilomantsi\/wp-json\/wp\/v2\/pages\/5373\/revisions\/10809"}],"wp:attachment":[{"href":"https:\/\/ort.fi\/ilomantsi\/wp-json\/wp\/v2\/media?parent=5373"}],"curies":[{"name":"wp","href":"https:\/\/api.w.org\/{rel}","templated":true}]}}