{"id":5053,"date":"2019-06-20T21:32:38","date_gmt":"2019-06-20T18:32:38","guid":{"rendered":"https:\/\/ort.fi\/ilomantsi\/?page_id=5053"},"modified":"2019-06-20T21:32:38","modified_gmt":"2019-06-20T18:32:38","slug":"taivaat-julistavat-jumalan-kunniaa","status":"publish","type":"page","link":"https:\/\/ort.fi\/ilomantsi\/taivaat-julistavat-jumalan-kunniaa\/","title":{"rendered":"Taivaat julistavat Jumalan kunniaa"},"content":{"rendered":"\n<p>Dir. mus. Leonid Bashmakov (1927-2016) kuuluu sukupolvensa keskeisiin suomalaiss\u00e4velt\u00e4jiin. El\u00e4kkeelle siirrytty\u00e4\u00e4n h\u00e4n on jo yli kahdenkymmenen vuoden ajan s\u00e4velt\u00e4nyt uutta ortodoksista kuoromusiikkia ja luonut vahvaa suomalaista ortodoksista lauluperinnett\u00e4. Nyt kantaesitett\u00e4v\u00e4t 12 kvartettia psalmien teksteihin ovat syntyneet vuosina 2010\u20132011 nelj\u00e4n soolo\u00e4\u00e4nen esitett\u00e4viksi. Bashmakov sai innoituksen teokseen Joensuussa vuonna 2010 j\u00e4rjestettyjen ortodoksisten kirkkop\u00e4ivien kvartettikilpailun yhteydess\u00e4. Teos on s\u00e4velletty vaativaksi, ammattilaulajien esitett\u00e4v\u00e4ksi s\u00e4velt\u00e4j\u00e4n valitsemiin yksitt\u00e4isiin psalmijakeisiin. Terijoella syntynyt Bashmakov on tehnyt musiikillisen el\u00e4m\u00e4nty\u00f6ns\u00e4 Tampereella mm. konservatorion rehtorina, kapellimestarina ja s\u00e4velt\u00e4j\u00e4n\u00e4. H\u00e4nen laajaan s\u00e4vellystuotantoonsa kuuluu sinfonioita, konserttoja, kamarimusiikkia sek\u00e4 vokaalimusiikkia. <\/p>\n\n\n\n<p>Esiintyj\u00e4t ovat oopperalaulajia, useat Kansallisoopperaa my\u00f6ten. Kaikilla pitk\u00e4 kokemus kuorolaulusta ja ortodoksisesta kirkkolaulusta, sek\u00e4 kuoronjohdosta. Varvara on Uspenskin kanttori, Heikki Tampereen, ja Elisabet keikkakanttorina molemmissa. Ilomantsin lis\u00e4ksi teosta esitet\u00e4\u00e4n kes\u00e4ll\u00e4 Pielinen soi! -festivaaleilla Lieksassa 14.7. ja Pikkukirkon y\u00f6soitossa Savonlinnassa 7.7. Ilomantsin konsertissa alttona laulaa Elisabetin Petsalon sijaan Ilomantsin srk:n kanttori, Riikka Patrikainen.<\/p>\n","protected":false},"excerpt":{"rendered":"<p>Dir. mus. Leonid Bashmakov (1927-2016) kuuluu sukupolvensa keskeisiin suomalaiss\u00e4velt\u00e4jiin. El\u00e4kkeelle siirrytty\u00e4\u00e4n h\u00e4n on jo yli kahdenkymmenen vuoden ajan s\u00e4velt\u00e4nyt uutta ortodoksista kuoromusiikkia ja luonut vahvaa suomalaista ortodoksista lauluperinnett\u00e4. Nyt kantaesitett\u00e4v\u00e4t &#8230; <a title=\"Taivaat julistavat Jumalan kunniaa\" class=\"read-more\" href=\"https:\/\/ort.fi\/ilomantsi\/taivaat-julistavat-jumalan-kunniaa\/\" aria-label=\"Lue lis\u00e4\u00e4 aiheesta Taivaat julistavat Jumalan kunniaa\">Lue lis\u00e4\u00e4<\/a><\/p>\n","protected":false},"author":6,"featured_media":0,"parent":0,"menu_order":0,"comment_status":"closed","ping_status":"closed","template":"","meta":{"ngg_post_thumbnail":0,"footnotes":""},"class_list":["post-5053","page","type-page","status-publish"],"_links":{"self":[{"href":"https:\/\/ort.fi\/ilomantsi\/wp-json\/wp\/v2\/pages\/5053","targetHints":{"allow":["GET"]}}],"collection":[{"href":"https:\/\/ort.fi\/ilomantsi\/wp-json\/wp\/v2\/pages"}],"about":[{"href":"https:\/\/ort.fi\/ilomantsi\/wp-json\/wp\/v2\/types\/page"}],"author":[{"embeddable":true,"href":"https:\/\/ort.fi\/ilomantsi\/wp-json\/wp\/v2\/users\/6"}],"replies":[{"embeddable":true,"href":"https:\/\/ort.fi\/ilomantsi\/wp-json\/wp\/v2\/comments?post=5053"}],"version-history":[{"count":1,"href":"https:\/\/ort.fi\/ilomantsi\/wp-json\/wp\/v2\/pages\/5053\/revisions"}],"predecessor-version":[{"id":5055,"href":"https:\/\/ort.fi\/ilomantsi\/wp-json\/wp\/v2\/pages\/5053\/revisions\/5055"}],"wp:attachment":[{"href":"https:\/\/ort.fi\/ilomantsi\/wp-json\/wp\/v2\/media?parent=5053"}],"curies":[{"name":"wp","href":"https:\/\/api.w.org\/{rel}","templated":true}]}}