{"id":3623,"date":"2019-01-30T08:50:32","date_gmt":"2019-01-30T06:50:32","guid":{"rendered":"https:\/\/ort.fi\/ilomantsi\/?page_id=3623"},"modified":"2019-01-30T09:13:24","modified_gmt":"2019-01-30T07:13:24","slug":"kalenteri","status":"publish","type":"page","link":"https:\/\/ort.fi\/ilomantsi\/kalenteri\/","title":{"rendered":"Kalenteri"},"content":{"rendered":"\n<p>Eri kalenteri n\u00e4kyv\u00e4t eri v\u00e4rein: <span style=\"color: #1b887a;\">Jumalanpalveluskalenteri<\/span> <span style=\"color: #7a367a;\">Tapahtumakalenteri<\/span><\/p>\n\n\n\n<iframe loading=\"lazy\" style=\"border-width: 0;\" src=\"https:\/\/calendar.google.com\/calendar\/embed?mode=AGENDA&amp;showTitle=0&amp;showDate=0&amp;showTz=0&amp;height=600&amp;wkst=1&amp;hl=fi&amp;bgcolor=%23FFFFFF&amp;src=ilomantsin.ort.seurakunta%40gmail.com&amp;color=%231B887A&amp;src=egneolr8gffuu3d335ea3anl84%40group.calendar.google.com&amp;color=%237A367A&amp;ctz=Europe%2FHelsinki\" width=\"800\" height=\"600\" frameborder=\"0\" scrolling=\"no\"><\/iframe>\n\n\n\n<p><em>Mik\u00e4li yll\u00e4 oleva kalenteri ei n\u00e4y, saattaa selaimesi mainosten est\u00e4j\u00e4 (ad block) est\u00e4\u00e4 sen n\u00e4kym\u00e4st\u00e4. Ota mainosten esto pois ort.fi sivustolla<\/em><\/p>\n","protected":false},"excerpt":{"rendered":"<p>Eri kalenteri n\u00e4kyv\u00e4t eri v\u00e4rein: Jumalanpalveluskalenteri Tapahtumakalenteri Mik\u00e4li yll\u00e4 oleva kalenteri ei n\u00e4y, saattaa selaimesi mainosten est\u00e4j\u00e4 (ad block) est\u00e4\u00e4 sen n\u00e4kym\u00e4st\u00e4. Ota mainosten esto pois ort.fi sivustolla<\/p>\n","protected":false},"author":4,"featured_media":0,"parent":0,"menu_order":0,"comment_status":"closed","ping_status":"closed","template":"","meta":{"ngg_post_thumbnail":0,"footnotes":""},"class_list":["post-3623","page","type-page","status-publish"],"_links":{"self":[{"href":"https:\/\/ort.fi\/ilomantsi\/wp-json\/wp\/v2\/pages\/3623","targetHints":{"allow":["GET"]}}],"collection":[{"href":"https:\/\/ort.fi\/ilomantsi\/wp-json\/wp\/v2\/pages"}],"about":[{"href":"https:\/\/ort.fi\/ilomantsi\/wp-json\/wp\/v2\/types\/page"}],"author":[{"embeddable":true,"href":"https:\/\/ort.fi\/ilomantsi\/wp-json\/wp\/v2\/users\/4"}],"replies":[{"embeddable":true,"href":"https:\/\/ort.fi\/ilomantsi\/wp-json\/wp\/v2\/comments?post=3623"}],"version-history":[{"count":6,"href":"https:\/\/ort.fi\/ilomantsi\/wp-json\/wp\/v2\/pages\/3623\/revisions"}],"predecessor-version":[{"id":3649,"href":"https:\/\/ort.fi\/ilomantsi\/wp-json\/wp\/v2\/pages\/3623\/revisions\/3649"}],"wp:attachment":[{"href":"https:\/\/ort.fi\/ilomantsi\/wp-json\/wp\/v2\/media?parent=3623"}],"curies":[{"name":"wp","href":"https:\/\/api.w.org\/{rel}","templated":true}]}}