{"id":3025,"date":"2019-01-13T13:46:54","date_gmt":"2019-01-13T11:46:54","guid":{"rendered":"https:\/\/ort.fi\/ilomantsi\/?page_id=3025"},"modified":"2021-02-11T18:10:47","modified_gmt":"2021-02-11T16:10:47","slug":"tietosuoja","status":"publish","type":"page","link":"https:\/\/ort.fi\/ilomantsi\/tietosuoja\/","title":{"rendered":"Tietosuoja"},"content":{"rendered":"\n<p>T\u00e4lle sivustolle kootaan Ilomantsin ortodoksisen seurakunnan tietosuojaan liittyv\u00e4t asiakirjat.<\/p>\n\n\n\n<h2 class=\"wp-block-heading\">Tarkastusoikeuden k\u00e4ytt\u00e4minen<\/h2>\n\n\n\n<p>Rekister\u00f6idyll\u00e4 on mahdollisuus tarkastaa omat tietonsa veloituksetta Ilomantsin ortodoksisen seurakunann ja Suomen ortodoksisen kirkon rekistereist\u00e4 kerran vuodessa. Mik\u00e4li rekister\u00f6ity haluaa tarkastaa omat tietonsa useammin kuin kerran vuodessa, perit\u00e4\u00e4n tietojen luovutuksesta tuntiveloituksen mukainen korvaus.<\/p>\n\n\n\n<p>Tarkastuspyynn\u00f6n voi tehd\u00e4 t\u00e4ytt\u00e4m\u00e4ll\u00e4 t\u00e4lt\u00e4 sivulta l\u00f6ytyv\u00e4n rekisteritietojen tarkastuspyynt\u00f6lomakkeen.&nbsp; Pdf-muotoinen lomake tulostetaan ja palautetaan t\u00e4ytettyn\u00e4 ja allekirjoitettuna osoitteeseen: <br><em>Ilomantsin ortodoksinen seurakunta, <br>Kirkkotie 17, <br>82900 Ilomantsi.<\/em><\/p>\n\n\n\n<p>Tarkastuspyynt\u00f6\u00e4 ei voi tehd\u00e4 s\u00e4hk\u00f6postin tai puhelimen v\u00e4lityksell\u00e4.<\/p>\n\n\n\n<p>Lis\u00e4tietoa tietosuojaan liittyviss\u00e4 kysymyksiss\u00e4 antaa <br>kirkkoherra Ioannis Lampropoulos: <a href=\"https:\/\/ort.fi\/ilomantsi\/yhteystiedot\/\">yhteystiedot<\/a>.<\/p>\n\n\n\n<p>ja&nbsp;<\/p>\n\n\n\n<p>Suomen ortodoksisen kirkon tietosuojavastaava: <br>Jari Rantala, <br>puh. 0400 31 69 10, s-posti:&nbsp;jari.rantala@ort.fi <\/p>\n\n\n\n<h3 class=\"wp-block-heading\">Liitetiedostot<\/h3>\n\n\n\n<div class=\"wp-block-file\"><a href=\"https:\/\/ort.fi\/ilomantsi\/wp-content\/uploads\/2019\/01\/Ilomantsin_ort_srk_tarkastuslomake.pdf\" target=\"_blank\" rel=\"noreferrer noopener\">Rekisteritietojen tarkastuspyynt\u00f6lomake<\/a><\/div>\n\n\n\n<div class=\"wp-block-file\"><a href=\"https:\/\/ort.fi\/ilomantsi\/wp-content\/uploads\/2019\/01\/Hautaus_tietosuojaseloste_0.pdf\" target=\"_blank\" rel=\"noreferrer noopener\">Hautarekisterin tietosuojaseloste<\/a><\/div>\n\n\n\n<div class=\"wp-block-file\"><a href=\"https:\/\/ort.fi\/ilomantsi\/wp-content\/uploads\/2019\/01\/leiri_matkarekisteri_tietosuojaseloste_0.pdf\" target=\"_blank\" rel=\"noreferrer noopener\">Leiri- ja matkaosallistujien tietosuojaseloste<\/a><\/div>\n\n\n\n<div class=\"wp-block-file\"><a href=\"https:\/\/ort.fi\/ilomantsi\/wp-content\/uploads\/2019\/01\/laskutusrekisteri_tietosuojarekisteri.pdf\" target=\"_blank\" rel=\"noreferrer noopener\">Laskutusrekisterin tietosuojaseloste<\/a><\/div>\n\n\n\n<div class=\"wp-block-file\"><a href=\"https:\/\/ort.fi\/ilomantsi\/wp-content\/uploads\/2019\/01\/luottamushenkiloidenrekisteri_tietosuojaseloste.pdf\" target=\"_blank\" rel=\"noreferrer noopener\">Luottamushenkil\u00f6rekisterin tietosuojaseloste<\/a><\/div>\n\n\n\n<div class=\"wp-block-file\"><a href=\"https:\/\/ort.fi\/ilomantsi\/wp-content\/uploads\/2019\/01\/palkkatietorekisteri_tietosuojaseloste_0.pdf\" target=\"_blank\" rel=\"noreferrer noopener\">Palkkasaajien tietosuojaseloste<\/a><\/div>\n\n\n\n<div class=\"wp-block-file\"><a href=\"https:\/\/ort.fi\/ilomantsi\/wp-content\/uploads\/2019\/01\/vuokrarekisteri_tietosuojaseloste.pdf\" target=\"_blank\" rel=\"noreferrer noopener\">Vuokratoiminnan tietosuojarekisteri<\/a><\/div>\n\n\n\n<div class=\"wp-block-file\"><a href=\"https:\/\/ort.fi\/ilomantsi\/wp-content\/uploads\/2019\/01\/Tietosuojaseloste_Status_Papinkirja_IloOrtSrk.pdf\" target=\"_blank\" rel=\"noreferrer noopener\">J\u00e4senrekisterin tietosuojaseloste<\/a><\/div>\n\n\n\n<div class=\"wp-block-file\"><a href=\"https:\/\/ort.fi\/ilomantsi\/wp-content\/uploads\/2021\/02\/Ilmoittautumisen_tietosuojaseloste_Joensuu.pdf\" target=\"_blank\" rel=\"noreferrer noopener\">Netti-ilmoittautumisen tietosuojaseloste<\/a><\/div>\n\n\n\n<p><\/p>\n","protected":false},"excerpt":{"rendered":"<p>T\u00e4lle sivustolle kootaan Ilomantsin ortodoksisen seurakunnan tietosuojaan liittyv\u00e4t asiakirjat. Tarkastusoikeuden k\u00e4ytt\u00e4minen Rekister\u00f6idyll\u00e4 on mahdollisuus tarkastaa omat tietonsa veloituksetta Ilomantsin ortodoksisen seurakunann ja Suomen ortodoksisen kirkon rekistereist\u00e4 kerran vuodessa. Mik\u00e4li rekister\u00f6ity &#8230; <a title=\"Tietosuoja\" class=\"read-more\" href=\"https:\/\/ort.fi\/ilomantsi\/tietosuoja\/\" aria-label=\"Lue lis\u00e4\u00e4 aiheesta Tietosuoja\">Lue lis\u00e4\u00e4<\/a><\/p>\n","protected":false},"author":6,"featured_media":0,"parent":0,"menu_order":0,"comment_status":"closed","ping_status":"closed","template":"","meta":{"ngg_post_thumbnail":0,"footnotes":""},"class_list":["post-3025","page","type-page","status-publish"],"_links":{"self":[{"href":"https:\/\/ort.fi\/ilomantsi\/wp-json\/wp\/v2\/pages\/3025","targetHints":{"allow":["GET"]}}],"collection":[{"href":"https:\/\/ort.fi\/ilomantsi\/wp-json\/wp\/v2\/pages"}],"about":[{"href":"https:\/\/ort.fi\/ilomantsi\/wp-json\/wp\/v2\/types\/page"}],"author":[{"embeddable":true,"href":"https:\/\/ort.fi\/ilomantsi\/wp-json\/wp\/v2\/users\/6"}],"replies":[{"embeddable":true,"href":"https:\/\/ort.fi\/ilomantsi\/wp-json\/wp\/v2\/comments?post=3025"}],"version-history":[{"count":16,"href":"https:\/\/ort.fi\/ilomantsi\/wp-json\/wp\/v2\/pages\/3025\/revisions"}],"predecessor-version":[{"id":7215,"href":"https:\/\/ort.fi\/ilomantsi\/wp-json\/wp\/v2\/pages\/3025\/revisions\/7215"}],"wp:attachment":[{"href":"https:\/\/ort.fi\/ilomantsi\/wp-json\/wp\/v2\/media?parent=3025"}],"curies":[{"name":"wp","href":"https:\/\/api.w.org\/{rel}","templated":true}]}}