{"id":2262,"date":"2018-12-20T20:42:42","date_gmt":"2018-12-20T18:42:42","guid":{"rendered":"https:\/\/ort.fi\/ilomantsi\/?page_id=2262"},"modified":"2019-02-10T19:27:54","modified_gmt":"2019-02-10T17:27:54","slug":"liity-kirkkoon","status":"publish","type":"page","link":"https:\/\/ort.fi\/ilomantsi\/liity-kirkkoon\/","title":{"rendered":"Liity kirkkoon"},"content":{"rendered":"\n<p>Mik\u00e4li harkitse kirkkoon liittymist\u00e4 on ensimm\u00e4inen askel tutustua kirkon Jumalanpalvelusel\u00e4m\u00e4\u00e4n, sek\u00e4 keskustella asiasta papin kanssa. Tulevista Jumalanpalveluksista l\u00f6yd\u00e4t tiedot <a href=\"https:\/\/ort.fi\/ilomantsi\/kalenteri\/\">kalenterista<\/a> ja papin tavoitat Jumalanpalvelusten lis\u00e4ksi <a href=\"https:\/\/ort.fi\/ilomantsi\/yhteystiedot\/\">puhelimitse tai s\u00e4hk\u00f6postilla<\/a>.<\/p>\n\n\n\n<p>T\u00e4ss\u00e4 my\u00f6s muutamia\nkirjoja, joita suosittelemme luettavaksi:<\/p>\n\n\n\n<hr class=\"wp-block-separator\"\/>\n\n\n\n<p><em>Ortodoksinen tie. Kallistos Ware. &#8211; <\/em>Teologinen ja hengellinen johdatus ortodoksiseen uskoon.<\/p>\n\n\n\n<p><em>Miten uskomme. Arkkipiispa Paavali. &#8211; <\/em>Rukousel\u00e4m\u00e4\u00e4n ja liturgiaan keskittyv\u00e4 teos. (Painos loppu, saatavissa kirjastoista)<\/p>\n\n\n\n<p><em>Paluu. Arkkimandriitta Nektarios Andonopoulos. &#8211; <\/em>Kuvaus mielenmuutoksen, katumuksen ja ehtoollisen yhteydest\u00e4 kristityn el\u00e4m\u00e4ss\u00e4.<\/p>\n\n\n\n<p><em>Tie yl\u00f6snousemukseen. Suuren paaston ja p\u00e4\u00e4si\u00e4isen sanoma. Munkki Serafim. <\/em>&#8211; Matkaopas suureen paastoon ja p\u00e4\u00e4si\u00e4iseen.<\/p>\n\n\n\n<p><em>Uskon pidot. Arkkipiispa Paavali. <\/em>&#8211; Monipuolinen ja selke\u00e4 johdatus liturgiajumalanpalvelukseen, ehtoollisen toimittamiseen ja viett\u00e4miseen.<\/p>\n\n\n\n<p><em>Suuri paasto. Alexander Schmemann. <\/em>&#8211; Mainio johdatus p\u00e4\u00e4si\u00e4ist\u00e4 edelt\u00e4v\u00e4n paaston liturgiseen ja hengelliseen el\u00e4m\u00e4\u00e4n.<\/p>\n\n\n\n<hr class=\"wp-block-separator\"\/>\n\n\n\n<p>Ota rohkeasti yhteytt\u00e4\npappiin, h\u00e4nen kanssa voit pohtia yhdess\u00e4, miten kirkkoon liittyminen etenisi\nkohdallasi.<\/p>\n\n\n\n<figure class=\"wp-block-image\"><img loading=\"lazy\" decoding=\"async\" width=\"1024\" height=\"684\" src=\"https:\/\/ort.fi\/ilomantsi\/wp-content\/uploads\/2019\/02\/TulkaaOttakaaValo-1024x684.jpeg\" alt=\"\" class=\"wp-image-4311\" srcset=\"https:\/\/ort.fi\/ilomantsi\/wp-content\/uploads\/2019\/02\/TulkaaOttakaaValo-1024x684.jpeg 1024w, https:\/\/ort.fi\/ilomantsi\/wp-content\/uploads\/2019\/02\/TulkaaOttakaaValo-300x200.jpeg 300w, https:\/\/ort.fi\/ilomantsi\/wp-content\/uploads\/2019\/02\/TulkaaOttakaaValo-768x513.jpeg 768w, https:\/\/ort.fi\/ilomantsi\/wp-content\/uploads\/2019\/02\/TulkaaOttakaaValo.jpeg 1618w\" sizes=\"auto, (max-width: 1024px) 100vw, 1024px\" \/><figcaption><em>Kuva: Topi Yl\u00e4-Mononen<\/em><\/figcaption><\/figure>\n\n\n\n<p><\/p>\n","protected":false},"excerpt":{"rendered":"<p>Mik\u00e4li harkitse kirkkoon liittymist\u00e4 on ensimm\u00e4inen askel tutustua kirkon Jumalanpalvelusel\u00e4m\u00e4\u00e4n, sek\u00e4 keskustella asiasta papin kanssa. Tulevista Jumalanpalveluksista l\u00f6yd\u00e4t tiedot kalenterista ja papin tavoitat Jumalanpalvelusten lis\u00e4ksi puhelimitse tai s\u00e4hk\u00f6postilla. T\u00e4ss\u00e4 my\u00f6s &#8230; <a title=\"Liity kirkkoon\" class=\"read-more\" href=\"https:\/\/ort.fi\/ilomantsi\/liity-kirkkoon\/\" aria-label=\"Lue lis\u00e4\u00e4 aiheesta Liity kirkkoon\">Lue lis\u00e4\u00e4<\/a><\/p>\n","protected":false},"author":6,"featured_media":0,"parent":0,"menu_order":0,"comment_status":"closed","ping_status":"closed","template":"","meta":{"ngg_post_thumbnail":0,"footnotes":""},"class_list":["post-2262","page","type-page","status-publish"],"_links":{"self":[{"href":"https:\/\/ort.fi\/ilomantsi\/wp-json\/wp\/v2\/pages\/2262","targetHints":{"allow":["GET"]}}],"collection":[{"href":"https:\/\/ort.fi\/ilomantsi\/wp-json\/wp\/v2\/pages"}],"about":[{"href":"https:\/\/ort.fi\/ilomantsi\/wp-json\/wp\/v2\/types\/page"}],"author":[{"embeddable":true,"href":"https:\/\/ort.fi\/ilomantsi\/wp-json\/wp\/v2\/users\/6"}],"replies":[{"embeddable":true,"href":"https:\/\/ort.fi\/ilomantsi\/wp-json\/wp\/v2\/comments?post=2262"}],"version-history":[{"count":8,"href":"https:\/\/ort.fi\/ilomantsi\/wp-json\/wp\/v2\/pages\/2262\/revisions"}],"predecessor-version":[{"id":4317,"href":"https:\/\/ort.fi\/ilomantsi\/wp-json\/wp\/v2\/pages\/2262\/revisions\/4317"}],"wp:attachment":[{"href":"https:\/\/ort.fi\/ilomantsi\/wp-json\/wp\/v2\/media?parent=2262"}],"curies":[{"name":"wp","href":"https:\/\/api.w.org\/{rel}","templated":true}]}}