{"id":2248,"date":"2018-12-20T20:38:19","date_gmt":"2018-12-20T18:38:19","guid":{"rendered":"https:\/\/ort.fi\/ilomantsi\/?page_id=2248"},"modified":"2019-01-10T22:08:18","modified_gmt":"2019-01-10T20:08:18","slug":"kuinka-voin-auttaa","status":"publish","type":"page","link":"https:\/\/ort.fi\/ilomantsi\/kuinka-voin-auttaa\/","title":{"rendered":"Kuinka voin auttaa?"},"content":{"rendered":"\n<div class=\"wp-block-media-text alignwide has-media-on-the-right\" style=\"grid-template-columns:auto 43%\"><figure class=\"wp-block-media-text__media\"><img loading=\"lazy\" decoding=\"async\" width=\"1024\" height=\"683\" src=\"https:\/\/ort.fi\/ilomantsi\/wp-content\/uploads\/2018\/12\/helpingEldely-1024x683.jpg\" alt=\"\" class=\"wp-image-2252\" srcset=\"https:\/\/ort.fi\/ilomantsi\/wp-content\/uploads\/2018\/12\/helpingEldely-1024x683.jpg 1024w, https:\/\/ort.fi\/ilomantsi\/wp-content\/uploads\/2018\/12\/helpingEldely-300x200.jpg 300w, https:\/\/ort.fi\/ilomantsi\/wp-content\/uploads\/2018\/12\/helpingEldely-768x512.jpg 768w\" sizes=\"auto, (max-width: 1024px) 100vw, 1024px\" \/><\/figure><div class=\"wp-block-media-text__content\">\n<p>Jokaisella kirkon j\u00e4senell\u00e4 on omat lahjansa. Ihmisten omat lahjat muodostavat luovan ja aktiivisen kirkon. Omat lahjamme voimme k\u00e4ytt\u00e4\u00e4 l\u00e4himm\u00e4isemme auttamisessa, kirkon kaunistamisessa ja seurakunnan kerhojen py\u00f6ritt\u00e4misess\u00e4. Oma apumme voi olla ajan antamista, tarvikkeiden lahjoittamista mutta my\u00f6s taloudellista tukemista.<\/p>\n<\/div><\/div>\n\n\n\n<div class=\"wp-block-media-text alignwide\" style=\"grid-template-columns:42% auto\"><figure class=\"wp-block-media-text__media\"><img loading=\"lazy\" decoding=\"async\" width=\"1024\" height=\"683\" src=\"https:\/\/ort.fi\/ilomantsi\/wp-content\/uploads\/2018\/12\/helpingChild-1024x683.jpeg\" alt=\"\" class=\"wp-image-2254\" srcset=\"https:\/\/ort.fi\/ilomantsi\/wp-content\/uploads\/2018\/12\/helpingChild-1024x683.jpeg 1024w, https:\/\/ort.fi\/ilomantsi\/wp-content\/uploads\/2018\/12\/helpingChild-300x200.jpeg 300w, https:\/\/ort.fi\/ilomantsi\/wp-content\/uploads\/2018\/12\/helpingChild-768x512.jpeg 768w, https:\/\/ort.fi\/ilomantsi\/wp-content\/uploads\/2018\/12\/helpingChild.jpeg 1200w\" sizes=\"auto, (max-width: 1024px) 100vw, 1024px\" \/><\/figure><div class=\"wp-block-media-text__content\">\n<p>Ilman seurakuntalaisten\/kuntalaisten apua monta asiaa j\u00e4isi seurakunnassa tekem\u00e4tt\u00e4. Kiitos kaikille avusta! Jos sin\u00e4kin haluat tulla auttamaan, ilmoittaudu vapaaehtoiseksi! Jos taas haluat tukea seurakunnan toimintaa rahallisesti tai tarvikkeiden muodossa, ota yhteytt\u00e4!<\/p>\n<\/div><\/div>\n\n\n\n<p>Yhdess\u00e4 voimme rakentaa rakkauden kirkkoa!<br><br>is\u00e4 Ioannis Lampropoulos<br><br><br><\/p>\n\n\n\n<hr class=\"wp-block-separator\"\/>\n\n\n\n<p style=\"font-size:10px\">Kuvat: pixabay.com<\/p>\n","protected":false},"excerpt":{"rendered":"<p>Jokaisella kirkon j\u00e4senell\u00e4 on omat lahjansa. Ihmisten omat lahjat muodostavat luovan ja aktiivisen kirkon. Omat lahjamme voimme k\u00e4ytt\u00e4\u00e4 l\u00e4himm\u00e4isemme auttamisessa, kirkon kaunistamisessa ja seurakunnan kerhojen py\u00f6ritt\u00e4misess\u00e4. Oma apumme voi olla &#8230; <a title=\"Kuinka voin auttaa?\" class=\"read-more\" href=\"https:\/\/ort.fi\/ilomantsi\/kuinka-voin-auttaa\/\" aria-label=\"Lue lis\u00e4\u00e4 aiheesta Kuinka voin auttaa?\">Lue lis\u00e4\u00e4<\/a><\/p>\n","protected":false},"author":4,"featured_media":0,"parent":0,"menu_order":0,"comment_status":"closed","ping_status":"closed","template":"","meta":{"ngg_post_thumbnail":0,"footnotes":""},"class_list":["post-2248","page","type-page","status-publish"],"_links":{"self":[{"href":"https:\/\/ort.fi\/ilomantsi\/wp-json\/wp\/v2\/pages\/2248","targetHints":{"allow":["GET"]}}],"collection":[{"href":"https:\/\/ort.fi\/ilomantsi\/wp-json\/wp\/v2\/pages"}],"about":[{"href":"https:\/\/ort.fi\/ilomantsi\/wp-json\/wp\/v2\/types\/page"}],"author":[{"embeddable":true,"href":"https:\/\/ort.fi\/ilomantsi\/wp-json\/wp\/v2\/users\/4"}],"replies":[{"embeddable":true,"href":"https:\/\/ort.fi\/ilomantsi\/wp-json\/wp\/v2\/comments?post=2248"}],"version-history":[{"count":7,"href":"https:\/\/ort.fi\/ilomantsi\/wp-json\/wp\/v2\/pages\/2248\/revisions"}],"predecessor-version":[{"id":2932,"href":"https:\/\/ort.fi\/ilomantsi\/wp-json\/wp\/v2\/pages\/2248\/revisions\/2932"}],"wp:attachment":[{"href":"https:\/\/ort.fi\/ilomantsi\/wp-json\/wp\/v2\/media?parent=2248"}],"curies":[{"name":"wp","href":"https:\/\/api.w.org\/{rel}","templated":true}]}}