{"id":2226,"date":"2018-12-18T22:02:21","date_gmt":"2018-12-18T20:02:21","guid":{"rendered":"https:\/\/ort.fi\/ilomantsi\/?page_id=2226"},"modified":"2025-05-27T15:47:16","modified_gmt":"2025-05-27T12:47:16","slug":"seurakunta","status":"publish","type":"page","link":"https:\/\/ort.fi\/ilomantsi\/seurakunta\/","title":{"rendered":"Seurakunta"},"content":{"rendered":"\n<h3 class=\"wp-block-heading\">Pyh\u00e4n Elian seurakunta id\u00e4n ja l\u00e4nnen v\u00e4liss\u00e4<\/h3>\n\n\n<div class=\"wp-block-image\">\n<figure class=\"alignright\"><img loading=\"lazy\" decoding=\"async\" width=\"250\" height=\"183\" src=\"https:\/\/ort.fi\/ilomantsi\/wp-content\/uploads\/2019\/01\/ortkirkko2_pieniAiriLehto.jpg\" alt=\"\" class=\"wp-image-2294\"\/><\/figure>\n<\/div>\n\n\n<p>Ensimm\u00e4inen maininta pyh\u00e4n Elian seurakunnasta on Vatjan viidenneksen verokirjassa vuodelta 1500. Kyl\u00e4n keskuskukkulalla Pappilanvaaralla sijaitsi tuolloin pieni profeetta Elian eli karjalaisittain Iljan kirkko.<\/p>\n\n\n\n<p>Ilomantsin sijainnilla id\u00e4n ja l\u00e4nnen v\u00e4liss\u00e4 on ollut suuri vaikutus seurakunnan yli 500-vuotiseen historiaan. T\u00e4\u00e4ll\u00e4 karjalainen mielenmaisema ja it\u00e4savolainen luonteenlaatu s\u00e4vytt\u00e4v\u00e4t ikivanhaa kristillist\u00e4 kulttuuria.<\/p>\n\n\n\n<p>Kahden kulttuurin kohtaaminen on rikastuttanut sinnikk\u00e4iden rajan asukkaiden el\u00e4m\u00e4\u00e4. Aikoinaan lukuisat sodat houkuttelivat ilomantsilaisia paremman el\u00e4m\u00e4n toivossa rajan yli Ven\u00e4j\u00e4n Karjalaan. 1960-luvun yhteiskunnalliset muutokset taas veiv\u00e4t ilomantsilaisia suurin joukoin Etel\u00e4-Suomen kasvukeskuksiin.<\/p>\n\n\n\n<p>Ilomantsi on edelleen Suomen ortodoksisinta aluetta. P\u00e4\u00e4kirkon lis\u00e4ksi Elian seurakunnalla on viisi pient\u00e4 pyh\u00e4kk\u00f6\u00e4 eri puolilla Ilomantsia.&nbsp;<\/p>\n\n\n\n<p>Perinteiss\u00e4\u00e4n rikas ja vire\u00e4 jumalanpalvelusyhteis\u00f6 kutsuu kaikkia mukaan seurakunnan tapahtumiin!<\/p>\n\n\n\n<p>Seurakunnan v\u00e4kiluku on noin 750 henke\u00e4.<\/p>\n\n\n\n<p>Vuonna 2021 Ilomantsin ortodoksinen seurakunta yhdistyi Joensuun ortodoksiseen seurakuntaan kappeliseurakuntana.<\/p>\n","protected":false},"excerpt":{"rendered":"<p>Pyh\u00e4n Elian seurakunta id\u00e4n ja l\u00e4nnen v\u00e4liss\u00e4 Ensimm\u00e4inen maininta pyh\u00e4n Elian seurakunnasta on Vatjan viidenneksen verokirjassa vuodelta 1500. Kyl\u00e4n keskuskukkulalla Pappilanvaaralla sijaitsi tuolloin pieni profeetta Elian eli karjalaisittain Iljan kirkko. &#8230; <a title=\"Seurakunta\" class=\"read-more\" href=\"https:\/\/ort.fi\/ilomantsi\/seurakunta\/\" aria-label=\"Lue lis\u00e4\u00e4 aiheesta Seurakunta\">Lue lis\u00e4\u00e4<\/a><\/p>\n","protected":false},"author":6,"featured_media":0,"parent":0,"menu_order":0,"comment_status":"closed","ping_status":"closed","template":"","meta":{"ngg_post_thumbnail":0,"footnotes":""},"class_list":["post-2226","page","type-page","status-publish"],"_links":{"self":[{"href":"https:\/\/ort.fi\/ilomantsi\/wp-json\/wp\/v2\/pages\/2226","targetHints":{"allow":["GET"]}}],"collection":[{"href":"https:\/\/ort.fi\/ilomantsi\/wp-json\/wp\/v2\/pages"}],"about":[{"href":"https:\/\/ort.fi\/ilomantsi\/wp-json\/wp\/v2\/types\/page"}],"author":[{"embeddable":true,"href":"https:\/\/ort.fi\/ilomantsi\/wp-json\/wp\/v2\/users\/6"}],"replies":[{"embeddable":true,"href":"https:\/\/ort.fi\/ilomantsi\/wp-json\/wp\/v2\/comments?post=2226"}],"version-history":[{"count":5,"href":"https:\/\/ort.fi\/ilomantsi\/wp-json\/wp\/v2\/pages\/2226\/revisions"}],"predecessor-version":[{"id":10805,"href":"https:\/\/ort.fi\/ilomantsi\/wp-json\/wp\/v2\/pages\/2226\/revisions\/10805"}],"wp:attachment":[{"href":"https:\/\/ort.fi\/ilomantsi\/wp-json\/wp\/v2\/media?parent=2226"}],"curies":[{"name":"wp","href":"https:\/\/api.w.org\/{rel}","templated":true}]}}