{"id":1740,"date":"2018-12-12T22:04:02","date_gmt":"2018-12-12T20:04:02","guid":{"rendered":"https:\/\/ort.fi\/ilomantsi\/?page_id=1740"},"modified":"2019-01-04T21:36:01","modified_gmt":"2019-01-04T19:36:01","slug":"toimintaohjelma-2016-2020","status":"publish","type":"page","link":"https:\/\/ort.fi\/ilomantsi\/hallinto\/toimintaohjelma-2016-2020\/","title":{"rendered":"Toimintaohjelma 2016-2020"},"content":{"rendered":"\n<p>Ilomantsin ortodoksinen seurakunta toimii osana Suomen ortodoksista kirkkoa. Seurakunnan toimintaohjelma 2016\u20132020 jatkaa seurakunnan strategiaa 2011\u20132015. Toimintaohjelma on syntynyt seurakuntalaisten kanssa yhdess\u00e4 keskustellen. Sen teht\u00e4v\u00e4 on ohjata toiminnan suunnittelua ja arviointia. Seurakunnan toimintaohjelma on sopusoinnussa kirkon strategian 2016\u20132020 kanssa.<\/p>\n\n\n\n<p>Seurakunnan toimintakulttuuri on keskusteleva ja avoin. Jokainen luottamushenkil\u00f6 ja vapaaehtoinen antaa mielipiteit\u00e4\u00e4n, aikaansa, kokemustaan ja tietotaitoaan rakennettaessa seurakuntaa kohti tulevaisuutta. Seurakunta toimii yhteisty\u00f6ss\u00e4 paikallisten ja hiippakunnallisten toimijoiden kanssa. Seurakunnan tapahtumat ja p\u00e4\u00e4t\u00f6kset julkistetaan avoimesti ja laajasti.<\/p>\n\n\n\n<p>Ilomantsin ortodoksista seurakuntaa johdetaan synodaalisesti.&nbsp; Synodaalinen johtamiskulttuuri tarkoittaa sit\u00e4, ett\u00e4 papisto, luottamushenkil\u00f6t ja muut vapaaehtoiset k\u00e4velev\u00e4t yhdess\u00e4 yhteist\u00e4 tiet\u00e4. Kirkkoherra on seurakunnan johtaja. Seurakunnan valtuusto edist\u00e4\u00e4 seurakunnan hengellist\u00e4 el\u00e4m\u00e4\u00e4 sek\u00e4 ohjaa ja arvioi seurakunnan strategisia linjauksia. Seurakunnanneuvosto toteuttaa ja arvioi yhdess\u00e4 kirkkoherran kanssa omaa teht\u00e4v\u00e4\u00e4ns\u00e4 valtuuston laatimien strategisten linjausten mukaisesti. Kiinteist\u00f6lautakunta hoitaa seurakunnan omaisuutta valtuuston linjauksien ja neuvoston ohjausten mukaisesti. Aikuisty\u00f6- ja nuorisoty\u00f6toimikunnat suunnittelevat, toteuttavat ja arvioivat seurakunnassa teht\u00e4v\u00e4\u00e4 kasvatus- ja diakoniaty\u00f6t\u00e4.<\/p>\n\n\n\n<p><strong>SEURAKUNNAN PERUSTEHT\u00c4V\u00c4<\/strong><\/p>\n\n\n\n<table class=\"wp-block-table\"><tbody><tr><td>Ilomantsin ortodoksisen seurakunnan&nbsp;<strong>teht\u00e4v\u00e4<\/strong>&nbsp;on palvella ihmisi\u00e4 seurakunnassa ja seurakunnan toimintaymp\u00e4rist\u00f6ss\u00e4 sek\u00e4 toimia yhteysty\u00f6ss\u00e4 naapuriseurakuntien kanssa.<\/td><\/tr><\/tbody><\/table>\n\n\n\n<p><strong>SEURAKUNNAN VISIO<\/strong><\/p>\n\n\n\n<table class=\"wp-block-table\"><tbody><tr><td>Ilomantsin ortodoksinen seurakunta on seurakuntalaisten hengellisen hyvinvoinnin koti, taloudellisesti ja toiminnallisesti itsen\u00e4inen.<\/td><\/tr><\/tbody><\/table>\n\n\n\n<p><strong>SEURAKUNNAN ARVOT<\/strong><\/p>\n\n\n\n<p>Seurakuntalaisten m\u00e4\u00e4rittelem\u00e4t arvot ovat\u00a0<strong><em>rakkaus<\/em><\/strong>,\u00a0<strong><em>l\u00e4himm\u00e4isen<\/em><\/strong>\u00a0<strong><em>palveleminen<\/em><\/strong>\u00a0<strong>ja\u00a0<em>auttaminen<\/em><\/strong>,\u00a0<strong><em>avoimuus<\/em><\/strong>,\u00a0<strong><em>l\u00e4pin\u00e4kyvyys<\/em><\/strong>\u00a0ja\u00a0<br><strong><em>yhteis\u00f6llisyys<\/em><\/strong><em>.<\/em><\/p>\n\n\n\n<p><em>Rakkaus<\/em> tarkoittaa arvon antamista jokaiselle ihmiselle.\u00a0\u00a0<\/p>\n\n\n\n<p><em>L\u00e4himm\u00e4isen palveleminen ja auttaminen<\/em> tarkoittaa, ett\u00e4 seurakuntalaiset auttavat toisiaan kykyjens\u00e4 mukaan.<\/p>\n\n\n\n<p><em>Avoimuus<\/em> tarkoittaa hienotunteisuutta, joka luo avointa ilmapiiri\u00e4. Avoin ilmapiiri mahdollistaa seurakunnan toiminnan arvioinnin.<\/p>\n\n\n\n<p><em>L\u00e4pin\u00e4kyvyys<\/em> ohjaa seurakunnan p\u00e4\u00e4t\u00f6ksen tekoa.<\/p>\n\n\n\n<p><em>Yhteis\u00f6llisyys<\/em> on l\u00e4sn\u00e4 kirkon j\u00e4senten arjessa ja juhlassa. Vapaaehtoisty\u00f6 on yhteis\u00f6llisyyden ilmentym\u00e4.\u00a0<\/p>\n\n\n\n<p><strong>KEHITT\u00c4MISEN PAINOPISTEET<\/strong><\/p>\n\n\n\n<h3 class=\"wp-block-heading\">Ty\u00f6ntekij\u00f6iden ja vapaaehtoisten hyvinvoinnista, motivoinnista ja valmentamisesta huolehtiminen<\/h3>\n\n\n\n<p>Ilomantsin seurakunnalla on kolme vakituista ty\u00f6ntekij\u00e4\u00e4: pappi, kanttori ja kanslisti. Kirkkoherra on hengellinen\/pastoraalinen is\u00e4 ja hallinnollinen johtaja. Kanttori on seurakunnan kirkkomusiikin asiantuntija. Kirkkoherra ja kanttori ohjaavat lapsi-, nuoriso- ja seniority\u00f6n kehityst\u00e4. Kanslisti on talouden ja hallinnon asiantuntija. Seurakunnan luottamushenkil\u00f6t pit\u00e4v\u00e4t huolta ty\u00f6ntekij\u00f6iden hyvinvoinnista ja ty\u00f6ss\u00e4 jaksamisesta ja kannustavat heid\u00e4t kouluttautumaan.&nbsp;<\/p>\n\n\n\n<p>Seurakunnassa on monenlaisia teht\u00e4vi\u00e4 vapaaehtoisille. Vapaaehtoiset osallistuvat kerhojen vet\u00e4miseen, diakoniaty\u00f6n toteuttamiseen ja lukuisiin muihin teht\u00e4viin. Seurakunta panostaa vapaaehtoisten ty\u00f6ntekij\u00f6iden valmentamiseen ja motivointiin yhteisty\u00f6ss\u00e4 muiden seurakuntien ja j\u00e4rjest\u00f6jen kanssa.<\/p>\n\n\n\n<p><strong>Miten toimintaohjelmassa oleva lause, \u2019<em>ty\u00f6ntekij\u00f6iden ja vapaaehtoisten motivoinnista, hyvinvoinnista ja valmentamisesta huolehtiminen<\/em>\u2019, n\u00e4kyy tekoina Ilomantsin seurakunnassa:<\/strong><\/p>\n\n\n\n<ul class=\"wp-block-list\"><li>vapaaehtoisty\u00f6n esille nostaminen ja arvostaminen esim. vapaaehtoisten p\u00e4iv\u00e4 3.12<\/li><\/ul>\n\n\n\n<ul class=\"wp-block-list\"><li>rohkaistaan seurakuntalaisia antamaan osaamisensa yhteis\u00f6n rakentamiseksi<\/li><\/ul>\n\n\n\n<ul class=\"wp-block-list\"><li>vapaaehtoisten ohjaus\/mentorointi<\/li><\/ul>\n\n\n\n<ul class=\"wp-block-list\"><li>ty\u00f6ntekij\u00f6iden ty\u00f6nohjaus\/mentorointi<\/li><\/ul>\n\n\n\n<h3 class=\"wp-block-heading\">Talouden hoitaminen siten, ett\u00e4 seurakunnan itsen\u00e4inen toiminta mahdollistuu<\/h3>\n\n\n\n<p>Seurakunnan hallinnon perimm\u00e4inen teht\u00e4v\u00e4 on luoda henkiset ja aineelliset edellytykset jumalanpalvelusel\u00e4m\u00e4lle, pastoraaliselle ty\u00f6lle ja muulle kirkolliselle toiminnalle. Seurakunnan alueelta ulosp\u00e4in suuntautuva muuttoliike, ty\u00f6tt\u00f6myys ja v\u00e4est\u00f6n ik\u00e4rakenne pienent\u00e4v\u00e4t hitaasti verotuloja. Talousarvio laaditaan niin, ett\u00e4 seurakunnan tulot kattavat seurakunnan menot. Seurakuntahallinto suunnittelee ja p\u00e4\u00e4tt\u00e4\u00e4 seurakunnan kiinteist\u00f6jen k\u00e4yt\u00f6st\u00e4 niin, ett\u00e4 seurakunnan j\u00e4senm\u00e4\u00e4r\u00e4 ja seurakunnan toiminta ovat tasapainossa kiinteist\u00f6massan kanssa. Seurakuntahallinnon laatima kiinteist\u00f6strategia ja viisivuotinen investointisuunnitelma ohjaavat talouden suunnittelua pitk\u00e4ll\u00e4 aikav\u00e4lill\u00e4. Talousarviota seurataan nelj\u00e4sti vuodessa, jolloin kirkkoherra esittelee sen hetkisen taloustilanteen valtuustolle\/neuvostolle. Talouden mittareita ovat mm. tulorahoitus, maksuvalmius ja vakavaraisuuden tunnusluvut.<\/p>\n\n\n\n<p><strong>Miten toimintaohjelmassa oleva lause, \u2019<em>talouden hoitaminen siten, ett\u00e4 seurakunnan itsen\u00e4inen toiminta mahdollistuu\u2019<\/em>, n\u00e4kyy tekoina Ilomantsin seurakunnassa:<\/strong><\/p>\n\n\n\n<ul class=\"wp-block-list\"><li>keskustelevuus<\/li><\/ul>\n\n\n\n<ul class=\"wp-block-list\"><li>rehellisyys, realistinen suunnitelmallisuus ja talouden ennakoitavuus<\/li><\/ul>\n\n\n\n<ul class=\"wp-block-list\"><li>hallinnon ja p\u00e4\u00e4t\u00f6ksenteon l\u00e4pin\u00e4kyvyys<\/li><\/ul>\n\n\n\n<ul class=\"wp-block-list\"><li>tiedottaminen<\/li><\/ul>\n\n\n\n<h3 class=\"wp-block-heading\">Evankeliumin eteenp\u00e4in vieminen<\/h3>\n\n\n\n<p>Evankeliumin kultainen s\u00e4\u00e4nt\u00f6 on rakastaa l\u00e4himm\u00e4ist\u00e4. Ilomantsin seurakunnan jumalanpalveluksissa ja muissa tilaisuuksissa lis\u00e4t\u00e4\u00e4n seurakuntalaisten tietoisuutta sakramenteista ja ortodoksisesta el\u00e4m\u00e4ntavasta. Kirkon opetuksen tulee antaa ev\u00e4it\u00e4 ihmisten arkiel\u00e4m\u00e4\u00e4n. Tavoite on avata diakoniaty\u00f6n sis\u00e4ll\u00f6n tietoisuutta seurakuntalaisten keskuudessa. Tavoite on luoda diakoniasuunnitelma, joka ohjaa seurakunnan vapaaehtoisten tekem\u00e4\u00e4 auttamisty\u00f6t\u00e4.<\/p>\n\n\n\n<p><strong>Miten toimintaohjelmassa oleva lause, \u2019<em>evankeliumin eteenp\u00e4in vieminen\u2019<\/em>, n\u00e4kyy tekoina Ilomantsin seurakunnassa:<\/strong><\/p>\n\n\n\n<ul class=\"wp-block-list\"><li>seurakunnan identiteetti rakentuu jumalanpalvelusten ja seurakunnan muun toiminnan ymp\u00e4rille<\/li><\/ul>\n\n\n\n<ul class=\"wp-block-list\"><li>evankeliumin eteenp\u00e4in viemisess\u00e4 auttavat seurakunnan kuorot, piirit, kerhot, konsertit, tapahtumat, matkat jne.<\/li><\/ul>\n\n\n\n<h3 class=\"wp-block-heading\">Seurakuntalaisten jumalanpalvelusel\u00e4m\u00e4\u00e4n osallistumisen aktivoiminen<\/h3>\n\n\n\n<p>Ilomantsin ortodoksisen seurakunnan opetus korostaa jumalanpalveluksiin osallistumisen t\u00e4rkeytt\u00e4. Jumalanpalveluksia toimitetaan seurakunnan kaikissa pyh\u00e4k\u00f6iss\u00e4. Seurakunta toimittaa jumalanpalveluksia ihmisten eri el\u00e4m\u00e4ntilanteissa. Seurakunta on pinta-alaltaan laaja. Tavoite on vakiinnuttaa maallikkopalvelusten toimittaminen tsasounoissa ja vied\u00e4 jumalapalveluksen elementit niille kirkkoj\u00e4senille, joilla ei ole mahdollisuutta osallistua jumalapalveluksiin kirkossa ja tsasounassa.<\/p>\n\n\n\n<p><strong>Miten toimintaohjelmassa oleva lause, \u2019<em>seurakuntalaisten jumalanpalvelusel\u00e4m\u00e4\u00e4n osallistumisen aktivoiminen<\/em>\u2019, n\u00e4kyy tekoina Ilomantsin seurakunnassa:<\/strong><\/p>\n\n\n\n<ul class=\"wp-block-list\"><li>sinapinsiemenkerhon aktiivinen markkinointi<\/li><\/ul>\n\n\n\n<ul class=\"wp-block-list\"><li>osallistuminen jumalapalveluksiin joustavasti omien mahdollisuuksien mukaan<\/li><\/ul>\n\n\n\n<ul class=\"wp-block-list\"><li>pidet\u00e4\u00e4n maallikkopalveluksia kirkkolaulupiirin organisoimana<\/li><\/ul>\n\n\n\n<ul class=\"wp-block-list\"><li>vied\u00e4\u00e4n ehtoollista palvelutaloihin<\/li><\/ul>\n\n\n\n<ul class=\"wp-block-list\"><li>jumalanpalvelusten toimittamisen avaaminen k\u00e4yt\u00e4nn\u00f6ss\u00e4<\/li><\/ul>\n\n\n\n<ul class=\"wp-block-list\"><li>kimppakyydit ja kuljetukset palveluksiin<\/li><li>kyytirinki sivukylilt\u00e4, l\u00e4htij\u00e4t ilmoittautuvat kyliss\u00e4 oleville yhteyshenkil\u00f6ille<\/li><\/ul>\n\n\n\n<h3 class=\"wp-block-heading\">Seurakunnan kehitt\u00e4minen jokaisen j\u00e4senen hengelliseksi kodiksi<\/h3>\n\n\n\n<p>Seurakunta on sen j\u00e4senten hengellinen koti ja siksi se on mukana ihmisten arjessa. Seurakunta j\u00e4rjest\u00e4\u00e4 j\u00e4senilleen toimintaa, joka vie kirkon perusteht\u00e4v\u00e4\u00e4 eteenp\u00e4in. Toimintaa suunniteltaessa otetaan huomioon kaikki ik\u00e4ryhm\u00e4t ja erityisryhm\u00e4t. Seurakunnan toiminnan tavoite on tuoda kirkko ihmisten l\u00e4helle. Seurakunta antaa ihmisille mahdollisuuden olla mukana kirkon toiminnassa ja osallistua siihen omista l\u00e4ht\u00f6kohdistaan.<\/p>\n\n\n\n<p><strong>Miten toimintaohjelmassa oleva lause, \u2019<em>seurakunnan kehitt\u00e4minen jokaisen j\u00e4senen hengelliseksi kodiksi<\/em>\u2019, n\u00e4kyy tekoina Ilomantsin seurakunnassa:<\/strong><\/p>\n\n\n\n<ul class=\"wp-block-list\"><li>kirkkoherran vierailu vastasyntyneen kotona eli rotinaperinteen elvytt\u00e4minen<\/li><\/ul>\n\n\n\n<ul class=\"wp-block-list\"><li>papin aktiivinen yhteydenpito seurakuntalaisiin el\u00e4m\u00e4n muutostilanteissa<\/li><\/ul>\n\n\n\n<ul class=\"wp-block-list\"><li>yhteydenotto henkil\u00f6kohtaisesti t\u00e4rke\u00e4\u00e4<\/li><\/ul>\n\n\n\n<ul class=\"wp-block-list\"><li>vied\u00e4\u00e4n toimintaa, tapahtumia keskuksesta kylille<\/li><\/ul>\n\n\n\n<ul class=\"wp-block-list\"><li>ty\u00f6tt\u00f6mien ruokailut yhteisty\u00f6ss\u00e4 muiden seurakuntien\/j\u00e4rjest\u00f6jen kanssa<\/li><\/ul>\n\n\n\n<ul class=\"wp-block-list\"><li>vanhan pappilan toiminta ja toimintapiirien kytkeminen sinne<\/li><\/ul>\n\n\n\n<h3 class=\"wp-block-heading\">Jokaisen seurakuntalaisen aktivoiminen<\/h3>\n\n\n\n<p>Seurakunta rohkaisee jokaista j\u00e4sent\u00e4\u00e4n osallistumaan seurakuntael\u00e4m\u00e4\u00e4n. Erityist\u00e4 huomiota kiinnitet\u00e4\u00e4n nuorten perheiden osallistumiseen. Seurakunta tukee ja rohkaisee perheit\u00e4 ortodoksisen kasvatuksen esill\u00e4 pit\u00e4miseen. Seurakunta j\u00e4rjest\u00e4\u00e4 seurakuntailtoja, leirej\u00e4 ja yhteisi\u00e4 matkoja. Suurin osa seurakuntalaisista el\u00e4\u00e4 ekumeenisessa perheess\u00e4. Ekumeenisissa tilaisuuksissa on mahdollista tavata seurakuntalaisia ja kutsua heit\u00e4 toimintaan mukaan.<\/p>\n\n\n\n<p><strong>Miten toimintaohjelmassa oleva lause, \u2019<em>jokaisen seurakuntalaisen aktivoiminen<\/em>\u2019, n\u00e4kyy tekoina Ilomantsin seurakunnassa:<\/strong><\/p>\n\n\n\n<ul class=\"wp-block-list\"><li>jokainen seurakunnan aktiivi pyyt\u00e4\u00e4 mukaan ja rohkaisee toista<\/li><\/ul>\n\n\n\n<ul class=\"wp-block-list\"><li>pidet\u00e4\u00e4n ekumeenisten perheiden kirkkopyh\u00e4, jolloin perheiden, joissa on eri seurakuntiin kuuluvia j\u00e4seni\u00e4, on helpompi tulla kirkkoon<\/li><\/ul>\n\n\n\n<ul class=\"wp-block-list\"><li>henkil\u00f6kohtainen yhteydenotto seurakuntalaisiin<\/li><\/ul>\n\n\n\n<ul class=\"wp-block-list\"><li>seurakuntalaisten innostaminen projektien kautta<\/li><\/ul>\n\n\n\n<ul class=\"wp-block-list\"><li>uskontokasvatuksen tukeminen perheiss\u00e4<\/li><\/ul>\n\n\n\n<ul class=\"wp-block-list\"><li>seurakunta l\u00e4sn\u00e4 nuorten arjessa (koulussa ja vapaa-ajalla)<\/li><\/ul>\n\n\n\n<ul class=\"wp-block-list\"><li>\u00e4\u00e4nest\u00e4misen aktivoiminen<\/li><\/ul>\n\n\n\n<p><strong>Seurakunnan toimintaymp\u00e4rist\u00f6n muutoksiin vastaaminen<\/strong><\/p>\n\n\n\n<p>Tavoite, on ett\u00e4 seurakunta omalla toiminnallaan osallistuu aktiivisesti keskusteluun kirkon hallinnon uudistamisprosessista. Tavoite on, ett\u00e4 tekem\u00e4ll\u00e4 yhteisty\u00f6t\u00e4 muiden seurakuntien kanssa ja yhteisty\u00f6st\u00e4 tulevalla synergianedulla turvataan seurakunnan toiminnan jatkuvuus taloudellisista haasteista ja muutospaineista huolimatta.<\/p>\n\n\n\n<p><strong>Miten toimintaohjelmassa oleva lause, \u2019<em>seurakunnan muutosvalmiuteen vastaaminen<\/em>\u2019, n\u00e4kyy tekoina Ilomantsin seurakunnassa:<\/strong><\/p>\n\n\n\n<ul class=\"wp-block-list\"><li>muutosta johtaa kirkkoherra yhdess\u00e4 luottamushenkil\u00f6iden kanssa<\/li><\/ul>\n\n\n\n<ul class=\"wp-block-list\"><li>Ilomantsin seurakunnan osaaminen ja tapa toimia esimerkiksi koko kirkolle<\/li><\/ul>\n\n\n\n<ul class=\"wp-block-list\"><li>Ilomantsin kunnan ja ev. lut. ja ortodoksisen seurakuntien hanke \u201dYhteis\u00f6llinen innovointi ja uudet ty\u00f6skentelytavat\u201d<\/li><\/ul>\n\n\n\n<ul class=\"wp-block-list\"><li>yhteisty\u00f6 muiden Pohjois-Karjalan ortodoksisten seurakuntien kanssa<\/li><\/ul>\n","protected":false},"excerpt":{"rendered":"<p>Ilomantsin ortodoksinen seurakunta toimii osana Suomen ortodoksista kirkkoa. Seurakunnan toimintaohjelma 2016\u20132020 jatkaa seurakunnan strategiaa 2011\u20132015. Toimintaohjelma on syntynyt seurakuntalaisten kanssa yhdess\u00e4 keskustellen. Sen teht\u00e4v\u00e4 on ohjata toiminnan suunnittelua ja arviointia. &#8230; <a title=\"Toimintaohjelma 2016-2020\" class=\"read-more\" href=\"https:\/\/ort.fi\/ilomantsi\/hallinto\/toimintaohjelma-2016-2020\/\" aria-label=\"Lue lis\u00e4\u00e4 aiheesta Toimintaohjelma 2016-2020\">Lue lis\u00e4\u00e4<\/a><\/p>\n","protected":false},"author":4,"featured_media":0,"parent":100,"menu_order":0,"comment_status":"closed","ping_status":"closed","template":"","meta":{"ngg_post_thumbnail":0,"footnotes":""},"class_list":["post-1740","page","type-page","status-publish"],"_links":{"self":[{"href":"https:\/\/ort.fi\/ilomantsi\/wp-json\/wp\/v2\/pages\/1740","targetHints":{"allow":["GET"]}}],"collection":[{"href":"https:\/\/ort.fi\/ilomantsi\/wp-json\/wp\/v2\/pages"}],"about":[{"href":"https:\/\/ort.fi\/ilomantsi\/wp-json\/wp\/v2\/types\/page"}],"author":[{"embeddable":true,"href":"https:\/\/ort.fi\/ilomantsi\/wp-json\/wp\/v2\/users\/4"}],"replies":[{"embeddable":true,"href":"https:\/\/ort.fi\/ilomantsi\/wp-json\/wp\/v2\/comments?post=1740"}],"version-history":[{"count":4,"href":"https:\/\/ort.fi\/ilomantsi\/wp-json\/wp\/v2\/pages\/1740\/revisions"}],"predecessor-version":[{"id":2358,"href":"https:\/\/ort.fi\/ilomantsi\/wp-json\/wp\/v2\/pages\/1740\/revisions\/2358"}],"up":[{"embeddable":true,"href":"https:\/\/ort.fi\/ilomantsi\/wp-json\/wp\/v2\/pages\/100"}],"wp:attachment":[{"href":"https:\/\/ort.fi\/ilomantsi\/wp-json\/wp\/v2\/media?parent=1740"}],"curies":[{"name":"wp","href":"https:\/\/api.w.org\/{rel}","templated":true}]}}