{"id":481,"date":"2024-10-23T16:07:41","date_gmt":"2024-10-23T13:07:41","guid":{"rendered":"https:\/\/ort.fi\/uusiarkkipiispa\/?page_id=481"},"modified":"2024-12-16T15:41:01","modified_gmt":"2024-12-16T13:41:01","slug":"medialle","status":"publish","type":"page","link":"https:\/\/ort.fi\/arkkipiispa\/medialle\/","title":{"rendered":"Medialle"},"content":{"rendered":"\t\t<div data-elementor-type=\"wp-page\" data-elementor-id=\"481\" class=\"elementor elementor-481\" data-elementor-post-type=\"page\">\n\t\t\t\t<div class=\"elementor-element elementor-element-33b30af e-flex e-con-boxed e-con e-parent\" data-id=\"33b30af\" data-element_type=\"container\" data-e-type=\"container\">\n\t\t\t\t\t<div class=\"e-con-inner\">\n\t\t\t\t<div class=\"elementor-element elementor-element-0eadc4a elementor-widget elementor-widget-image\" data-id=\"0eadc4a\" data-element_type=\"widget\" data-e-type=\"widget\" data-widget_type=\"image.default\">\n\t\t\t\t<div class=\"elementor-widget-container\">\n\t\t\t\t\t\t\t\t\t\t\t\t<figure class=\"wp-caption\">\n\t\t\t\t\t\t\t\t\t\t<img fetchpriority=\"high\" decoding=\"async\" width=\"1706\" height=\"2560\" src=\"https:\/\/ort.fi\/arkkipiispa\/wp-content\/uploads\/2024\/12\/elia_intronisaatio__A1A1781-scaled.jpg\" class=\"attachment-full size-full wp-image-797\" alt=\"Elia intronisaatio\" srcset=\"https:\/\/ort.fi\/arkkipiispa\/wp-content\/uploads\/2024\/12\/elia_intronisaatio__A1A1781-scaled.jpg 1706w, https:\/\/ort.fi\/arkkipiispa\/wp-content\/uploads\/2024\/12\/elia_intronisaatio__A1A1781-200x300.jpg 200w, https:\/\/ort.fi\/arkkipiispa\/wp-content\/uploads\/2024\/12\/elia_intronisaatio__A1A1781-683x1024.jpg 683w, https:\/\/ort.fi\/arkkipiispa\/wp-content\/uploads\/2024\/12\/elia_intronisaatio__A1A1781-768x1152.jpg 768w, https:\/\/ort.fi\/arkkipiispa\/wp-content\/uploads\/2024\/12\/elia_intronisaatio__A1A1781-1024x1536.jpg 1024w, https:\/\/ort.fi\/arkkipiispa\/wp-content\/uploads\/2024\/12\/elia_intronisaatio__A1A1781-1365x2048.jpg 1365w\" sizes=\"(max-width: 1706px) 100vw, 1706px\" \/>\t\t\t\t\t\t\t\t\t\t\t<figcaption class=\"widget-image-caption wp-caption-text\">Kuva: Jyri Pitk\u00e4nen<\/figcaption>\n\t\t\t\t\t\t\t\t\t\t<\/figure>\n\t\t\t\t\t\t\t\t\t<\/div>\n\t\t\t\t<\/div>\n\t\t\t\t\t<\/div>\n\t\t\t\t<\/div>\n\t\t<div class=\"elementor-element elementor-element-a59f5f7 e-flex e-con-boxed e-con e-parent\" data-id=\"a59f5f7\" data-element_type=\"container\" data-e-type=\"container\">\n\t\t\t\t\t<div class=\"e-con-inner\">\n\t\t\t\t<div class=\"elementor-element elementor-element-6fd247a elementor-widget elementor-widget-image\" data-id=\"6fd247a\" data-element_type=\"widget\" data-e-type=\"widget\" data-widget_type=\"image.default\">\n\t\t\t\t<div class=\"elementor-widget-container\">\n\t\t\t\t\t\t\t\t\t\t\t\t<figure class=\"wp-caption\">\n\t\t\t\t\t\t\t\t\t\t<img decoding=\"async\" width=\"1706\" height=\"2560\" src=\"https:\/\/ort.fi\/arkkipiispa\/wp-content\/uploads\/2024\/12\/elia_intronisaatio_1A1A2019-scaled.jpg\" class=\"attachment-full size-full wp-image-865\" alt=\"Elia intronisaatio\" srcset=\"https:\/\/ort.fi\/arkkipiispa\/wp-content\/uploads\/2024\/12\/elia_intronisaatio_1A1A2019-scaled.jpg 1706w, https:\/\/ort.fi\/arkkipiispa\/wp-content\/uploads\/2024\/12\/elia_intronisaatio_1A1A2019-200x300.jpg 200w, https:\/\/ort.fi\/arkkipiispa\/wp-content\/uploads\/2024\/12\/elia_intronisaatio_1A1A2019-683x1024.jpg 683w, https:\/\/ort.fi\/arkkipiispa\/wp-content\/uploads\/2024\/12\/elia_intronisaatio_1A1A2019-768x1152.jpg 768w, https:\/\/ort.fi\/arkkipiispa\/wp-content\/uploads\/2024\/12\/elia_intronisaatio_1A1A2019-1024x1536.jpg 1024w, https:\/\/ort.fi\/arkkipiispa\/wp-content\/uploads\/2024\/12\/elia_intronisaatio_1A1A2019-1365x2048.jpg 1365w\" sizes=\"(max-width: 1706px) 100vw, 1706px\" \/>\t\t\t\t\t\t\t\t\t\t\t<figcaption class=\"widget-image-caption wp-caption-text\">Kuva: Jyri Pitk\u00e4nen<\/figcaption>\n\t\t\t\t\t\t\t\t\t\t<\/figure>\n\t\t\t\t\t\t\t\t\t<\/div>\n\t\t\t\t<\/div>\n\t\t\t\t\t<\/div>\n\t\t\t\t<\/div>\n\t\t<div class=\"elementor-element elementor-element-5b80b65 e-flex e-con-boxed e-con e-parent\" data-id=\"5b80b65\" data-element_type=\"container\" data-e-type=\"container\">\n\t\t\t\t\t<div class=\"e-con-inner\">\n\t\t\t\t<div class=\"elementor-element elementor-element-e84062a elementor-widget elementor-widget-image\" data-id=\"e84062a\" data-element_type=\"widget\" data-e-type=\"widget\" data-widget_type=\"image.default\">\n\t\t\t\t<div class=\"elementor-widget-container\">\n\t\t\t\t\t\t\t\t\t\t\t\t<figure class=\"wp-caption\">\n\t\t\t\t\t\t\t\t\t\t<img decoding=\"async\" width=\"1706\" height=\"2560\" src=\"https:\/\/ort.fi\/arkkipiispa\/wp-content\/uploads\/2024\/12\/Kirkolliskokous-Valamo-28.11.2024__A1A0954-scaled.jpg\" class=\"attachment-full size-full wp-image-663\" alt=\"Kirkolliskokous Valamo 28.11.2024\" srcset=\"https:\/\/ort.fi\/arkkipiispa\/wp-content\/uploads\/2024\/12\/Kirkolliskokous-Valamo-28.11.2024__A1A0954-scaled.jpg 1706w, https:\/\/ort.fi\/arkkipiispa\/wp-content\/uploads\/2024\/12\/Kirkolliskokous-Valamo-28.11.2024__A1A0954-200x300.jpg 200w, https:\/\/ort.fi\/arkkipiispa\/wp-content\/uploads\/2024\/12\/Kirkolliskokous-Valamo-28.11.2024__A1A0954-683x1024.jpg 683w, https:\/\/ort.fi\/arkkipiispa\/wp-content\/uploads\/2024\/12\/Kirkolliskokous-Valamo-28.11.2024__A1A0954-768x1152.jpg 768w, https:\/\/ort.fi\/arkkipiispa\/wp-content\/uploads\/2024\/12\/Kirkolliskokous-Valamo-28.11.2024__A1A0954-1024x1536.jpg 1024w, https:\/\/ort.fi\/arkkipiispa\/wp-content\/uploads\/2024\/12\/Kirkolliskokous-Valamo-28.11.2024__A1A0954-1365x2048.jpg 1365w\" sizes=\"(max-width: 1706px) 100vw, 1706px\" \/>\t\t\t\t\t\t\t\t\t\t\t<figcaption class=\"widget-image-caption wp-caption-text\">Kuva: Jyri Pitk\u00e4nen<\/figcaption>\n\t\t\t\t\t\t\t\t\t\t<\/figure>\n\t\t\t\t\t\t\t\t\t<\/div>\n\t\t\t\t<\/div>\n\t\t\t\t\t<\/div>\n\t\t\t\t<\/div>\n\t\t<div class=\"elementor-element elementor-element-d756b82 e-flex e-con-boxed e-con e-parent\" data-id=\"d756b82\" data-element_type=\"container\" data-e-type=\"container\">\n\t\t\t\t\t<div class=\"e-con-inner\">\n\t\t\t\t<div class=\"elementor-element elementor-element-940bae7 elementor-widget elementor-widget-image\" data-id=\"940bae7\" data-element_type=\"widget\" data-e-type=\"widget\" data-widget_type=\"image.default\">\n\t\t\t\t<div class=\"elementor-widget-container\">\n\t\t\t\t\t\t\t\t\t\t\t\t<figure class=\"wp-caption\">\n\t\t\t\t\t\t\t\t\t\t<img loading=\"lazy\" decoding=\"async\" width=\"2560\" height=\"1706\" src=\"https:\/\/ort.fi\/arkkipiispa\/wp-content\/uploads\/2024\/12\/Kirkolliskokous-Valamo-28.11.2024__A1A0949-scaled.jpg\" class=\"attachment-full size-full wp-image-661\" alt=\"Kirkolliskokous Valamo 28.11.2024\" srcset=\"https:\/\/ort.fi\/arkkipiispa\/wp-content\/uploads\/2024\/12\/Kirkolliskokous-Valamo-28.11.2024__A1A0949-scaled.jpg 2560w, https:\/\/ort.fi\/arkkipiispa\/wp-content\/uploads\/2024\/12\/Kirkolliskokous-Valamo-28.11.2024__A1A0949-300x200.jpg 300w, https:\/\/ort.fi\/arkkipiispa\/wp-content\/uploads\/2024\/12\/Kirkolliskokous-Valamo-28.11.2024__A1A0949-1024x683.jpg 1024w, https:\/\/ort.fi\/arkkipiispa\/wp-content\/uploads\/2024\/12\/Kirkolliskokous-Valamo-28.11.2024__A1A0949-768x512.jpg 768w, https:\/\/ort.fi\/arkkipiispa\/wp-content\/uploads\/2024\/12\/Kirkolliskokous-Valamo-28.11.2024__A1A0949-1536x1024.jpg 1536w, https:\/\/ort.fi\/arkkipiispa\/wp-content\/uploads\/2024\/12\/Kirkolliskokous-Valamo-28.11.2024__A1A0949-2048x1365.jpg 2048w\" sizes=\"(max-width: 2560px) 100vw, 2560px\" \/>\t\t\t\t\t\t\t\t\t\t\t<figcaption class=\"widget-image-caption wp-caption-text\">Kuva: Jyri Pitk\u00e4nen<\/figcaption>\n\t\t\t\t\t\t\t\t\t\t<\/figure>\n\t\t\t\t\t\t\t\t\t<\/div>\n\t\t\t\t<\/div>\n\t\t\t\t\t<\/div>\n\t\t\t\t<\/div>\n\t\t<div class=\"elementor-element elementor-element-18f243c e-flex e-con-boxed e-con e-parent\" data-id=\"18f243c\" data-element_type=\"container\" data-e-type=\"container\">\n\t\t\t\t\t<div class=\"e-con-inner\">\n\t\t\t\t<div class=\"elementor-element elementor-element-4ec7f1c elementor-widget elementor-widget-text-editor\" data-id=\"4ec7f1c\" data-element_type=\"widget\" data-e-type=\"widget\" data-widget_type=\"text-editor.default\">\n\t\t\t\t<div class=\"elementor-widget-container\">\n\t\t\t\t\t\t\t\t\t<div class=\"x_elementToProof\" data-olk-copy-source=\"MessageBody\">Kuvat vapaasti ladattavissa. Kuvaaja: Jyri Pitk\u00e4nen.<\/div><div class=\"x_elementToProof\">Median yhteydenotot: Maria Hattunen, maria.hattunen@ort.fi, 040 4819240.<\/div>\t\t\t\t\t\t\t\t<\/div>\n\t\t\t\t<\/div>\n\t\t\t\t\t<\/div>\n\t\t\t\t<\/div>\n\t\t<div class=\"elementor-element elementor-element-6935628 e-flex e-con-boxed e-con e-parent\" data-id=\"6935628\" data-element_type=\"container\" data-e-type=\"container\">\n\t\t\t\t\t<div class=\"e-con-inner\">\n\t\t\t\t<div class=\"elementor-element elementor-element-42cea67 elementor-widget elementor-widget-spacer\" data-id=\"42cea67\" data-element_type=\"widget\" data-e-type=\"widget\" data-widget_type=\"spacer.default\">\n\t\t\t\t<div class=\"elementor-widget-container\">\n\t\t\t\t\t\t\t<div class=\"elementor-spacer\">\n\t\t\t<div class=\"elementor-spacer-inner\"><\/div>\n\t\t<\/div>\n\t\t\t\t\t\t<\/div>\n\t\t\t\t<\/div>\n\t\t\t\t\t<\/div>\n\t\t\t\t<\/div>\n\t\t\t\t<\/div>\n\t\t","protected":false},"excerpt":{"rendered":"<p>Kuva: Jyri Pitk\u00e4nen Kuva: Jyri Pitk\u00e4nen Kuva: Jyri Pitk\u00e4nen Kuva: Jyri Pitk\u00e4nen Kuvat vapaasti ladattavissa. Kuvaaja: Jyri Pitk\u00e4nen.Median yhteydenotot: Maria Hattunen, maria.hattunen@ort.fi, 040 4819240.<\/p>\n","protected":false},"author":1,"featured_media":0,"parent":0,"menu_order":0,"comment_status":"closed","ping_status":"closed","template":"","meta":{"footnotes":""},"class_list":["post-481","page","type-page","status-publish","hentry"],"_links":{"self":[{"href":"https:\/\/ort.fi\/arkkipiispa\/wp-json\/wp\/v2\/pages\/481","targetHints":{"allow":["GET"]}}],"collection":[{"href":"https:\/\/ort.fi\/arkkipiispa\/wp-json\/wp\/v2\/pages"}],"about":[{"href":"https:\/\/ort.fi\/arkkipiispa\/wp-json\/wp\/v2\/types\/page"}],"author":[{"embeddable":true,"href":"https:\/\/ort.fi\/arkkipiispa\/wp-json\/wp\/v2\/users\/1"}],"replies":[{"embeddable":true,"href":"https:\/\/ort.fi\/arkkipiispa\/wp-json\/wp\/v2\/comments?post=481"}],"version-history":[{"count":19,"href":"https:\/\/ort.fi\/arkkipiispa\/wp-json\/wp\/v2\/pages\/481\/revisions"}],"predecessor-version":[{"id":871,"href":"https:\/\/ort.fi\/arkkipiispa\/wp-json\/wp\/v2\/pages\/481\/revisions\/871"}],"wp:attachment":[{"href":"https:\/\/ort.fi\/arkkipiispa\/wp-json\/wp\/v2\/media?parent=481"}],"curies":[{"name":"wp","href":"https:\/\/api.w.org\/{rel}","templated":true}]}}