{"id":469,"date":"2024-10-23T16:04:34","date_gmt":"2024-10-23T13:04:34","guid":{"rendered":"https:\/\/ort.fi\/uusiarkkipiispa\/?page_id=469"},"modified":"2025-05-23T12:27:51","modified_gmt":"2025-05-23T09:27:51","slug":"kalenteri","status":"publish","type":"page","link":"https:\/\/ort.fi\/arkkipiispa\/kalenteri\/","title":{"rendered":"Kalenteri"},"content":{"rendered":"\t\t<div data-elementor-type=\"wp-page\" data-elementor-id=\"469\" class=\"elementor elementor-469\" data-elementor-post-type=\"page\">\n\t\t\t\t<div class=\"elementor-element elementor-element-e21d2c0 e-flex e-con-boxed e-con e-parent\" data-id=\"e21d2c0\" data-element_type=\"container\" data-e-type=\"container\">\n\t\t\t\t\t<div class=\"e-con-inner\">\n\t\t\t\t<div class=\"elementor-element elementor-element-2cf0fe8 e-n-tabs-mobile elementor-widget elementor-widget-n-tabs\" data-id=\"2cf0fe8\" data-element_type=\"widget\" data-e-type=\"widget\" data-settings=\"{&quot;horizontal_scroll&quot;:&quot;disable&quot;}\" data-widget_type=\"nested-tabs.default\">\n\t\t\t\t<div class=\"elementor-widget-container\">\n\t\t\t\t\t\t\t<div class=\"e-n-tabs\" data-widget-number=\"47124456\" aria-label=\"Tabs. Open items with Enter or Space, close with Escape and navigate using the Arrow keys.\">\n\t\t\t<div class=\"e-n-tabs-heading\" role=\"tablist\">\n\t\t\t\t\t<button id=\"2025\" data-tab-title-id=\"e-n-tab-title-471244561\" class=\"e-n-tab-title\" aria-selected=\"true\" data-tab-index=\"1\" role=\"tab\" tabindex=\"0\" aria-controls=\"e-n-tab-content-471244561\" style=\"--n-tabs-title-order: 1;\">\n\t\t\t\t\t\t<span class=\"e-n-tab-title-text\">\n\t\t\t\t2025\t\t\t<\/span>\n\t\t<\/button>\n\t\t\t\t<button id=\"2024\" data-tab-title-id=\"e-n-tab-title-471244562\" class=\"e-n-tab-title\" aria-selected=\"false\" data-tab-index=\"2\" role=\"tab\" tabindex=\"-1\" aria-controls=\"e-n-tab-content-471244562\" style=\"--n-tabs-title-order: 2;\">\n\t\t\t\t\t\t<span class=\"e-n-tab-title-text\">\n\t\t\t\t2024\t\t\t<\/span>\n\t\t<\/button>\n\t\t\t\t\t<\/div>\n\t\t\t<div class=\"e-n-tabs-content\">\n\t\t\t\t<div id=\"e-n-tab-content-471244561\" role=\"tabpanel\" aria-labelledby=\"2025\" data-tab-index=\"1\" style=\"--n-tabs-title-order: 1;\" class=\"e-active elementor-element elementor-element-2182117 e-con-full e-flex e-con e-child\" data-id=\"2182117\" data-element_type=\"container\" data-e-type=\"container\">\n\t\t<div class=\"elementor-element elementor-element-37f44f2 e-flex e-con-boxed e-con e-child\" data-id=\"37f44f2\" data-element_type=\"container\" data-e-type=\"container\">\n\t\t\t\t\t<div class=\"e-con-inner\">\n\t\t\t\t\t<\/div>\n\t\t\t\t<\/div>\n\t\t\t\t<div class=\"elementor-element elementor-element-cb1889a elementor-widget elementor-widget-text-editor\" data-id=\"cb1889a\" data-element_type=\"widget\" data-e-type=\"widget\" data-widget_type=\"text-editor.default\">\n\t\t\t\t<div class=\"elementor-widget-container\">\n\t\t\t\t\t\t\t\t\t<p><b>Tammikuu 2025<\/b><\/p>\n<p>12.1. Liturgia Tapiolan kirkossa<br>13.-14.1. Vierailu Tallinnassa pyh\u00e4n Plaatonin juhlassa<br>15.-22.1. Ekumeeninen pyhiinvaellus Roomaan<br>26.1. Liturgia Helsingin pyh\u00e4n Kolminaisuuden kirkossa<\/p>\n<p><b>Helmikuu 2025<\/b><\/p>\n<p>1.-2.2. Paimenmatka Tampereelle<br>8.-9.2. Paimenmatka Turkuun<br>16.2. Liturgia J\u00e4rvenp\u00e4\u00e4n kirkossa<br>23.2. Liturgia Uspenkin katedraalissa<\/p>\n<p><b>Maaliskuu 2025<\/b><\/p>\n<p>4.3. Suuri katumuskanoni Uspenskin katedraalissa<br>6.3. Suuri&nbsp;<span style=\"color: var( --e-global-color-text ); font-family: var( --e-global-typography-text-font-family ), Sans-serif; font-weight: var( --e-global-typography-text-font-weight ); text-align: var(--text-align); font-size: 1rem;\">katumuskanoni Tikkurilan kirkko<\/span><br><span style=\"color: var( --e-global-color-text ); font-family: var( --e-global-typography-text-font-family ), Sans-serif; font-weight: var( --e-global-typography-text-font-weight ); text-align: var(--text-align); font-size: 1rem;\">7.-9.3 Paimenmatka Kaakkois-Suomen seurakuntaan<\/span><br><span style=\"color: var( --e-global-color-text ); font-family: var( --e-global-typography-text-font-family ), Sans-serif; font-weight: var( --e-global-typography-text-font-weight ); text-align: var(--text-align); font-size: 1rem;\">16.3. Liturgia Lahden kirkossa<\/span><br><span style=\"color: var( --e-global-color-text ); font-family: var( --e-global-typography-text-font-family ), Sans-serif; font-weight: var( --e-global-typography-text-font-weight ); text-align: var(--text-align); font-size: 1rem;\">30.3. Liturgia Forssan rukoushuoneella<\/span><\/p>\n<p><span style=\"color: var( --e-global-color-text ); font-family: var( --e-global-typography-text-font-family ), Sans-serif; text-align: var(--text-align); font-size: 1rem;\"><b>Huhtikuu 2025<\/b><\/span><\/p>\n<p>6.4. Liturgia Kotikirkossa<br>12.4. Vigilia Uspenskin katedraalissa<br><span style=\"color: var( --e-global-color-text ); font-family: var( --e-global-typography-text-font-family ), Sans-serif; font-size: 1rem; font-weight: var( --e-global-typography-text-font-weight ); text-align: var(--text-align);\">13.4. Palmusunnuntain liturgia Uspenskin katedraalissa, \u00e4itien palkitseminen<\/span><br><span style=\"color: var( --e-global-color-text ); font-family: var( --e-global-typography-text-font-family ), Sans-serif; font-size: 1rem; font-weight: var( --e-global-typography-text-font-weight ); text-align: var(--text-align);\">17.4. Jalkojenpesupalvelus Uspenskin katedraalissa<\/span><br><span style=\"color: var( --e-global-color-text ); font-family: var( --e-global-typography-text-font-family ), Sans-serif; font-size: 1rem; font-weight: var( --e-global-typography-text-font-weight ); text-align: var(--text-align);\">17.4. Suuren torstain ehtoopalvelus ja liturgia Kotikirkossa<\/span><br>18.4. Suuren perjantain aamupalvelus Metsolan tsaounassa<br>18.4. Suuren perjantain ehtoopalvelus Uspenskin katedraalissa<br>18.4. Suuren lauantain aamupalvelus Uspenskin katedaalissa<br>19.4. Suuren lauantain ehtoopalvelus ja liturgia&nbsp; Uspenskin katedraalissa<br>19.4. P\u00e4\u00e4si\u00e4isy\u00f6palvelus Uspenskin katedaalissa<br>21.4. Lasten p\u00e4\u00e4si\u00e4inen Uspenskin katedraalissa<br>25-28.4. Vierailu Oulussa<\/p>\n<p><span style=\"color: var( --e-global-color-text ); font-family: var( --e-global-typography-text-font-family ), Sans-serif; text-align: var(--text-align); font-size: 1rem;\"><b>Toukokuu 2025<\/b><\/span><\/p>\n<p>11.5. Liturgia Helsingin hautausmaan kirkossa<br>23.-27.5. pyhiinvaellus Turkkiin<br>29.5. Liturgia Helsingin Tikkurilan kirkossa<\/p>\n<p><span style=\"font-weight: bold; font-size: 1rem;\">Kes\u00e4kuu 2025<\/span><\/p>\n<p>5.6. Piispainkokous Kuopiossa<br>6.6. Kirkolliskokousseminaari Joensuussa<br>7.-8.6. Vierailu Lintulassa<br>15.6. Liturgia Uspenskin katedraalissa<\/p>\n<p><span style=\"font-size: 1rem;\"><span style=\"font-weight: bold;\">&nbsp;<\/span><\/span><span style=\"font-size: 1rem; font-weight: bold;\">Hein\u00e4kuu 2025<\/span><\/p>\n<p>19.-20.7. Hangon kirkon 130v praaniekka<\/p>\n<p><span style=\"font-size: 1rem; font-weight: bold; font-family: -apple-system, BlinkMacSystemFont, 'Segoe UI', Roboto, 'Helvetica Neue', Arial, 'Noto Sans', sans-serif, 'Apple Color Emoji', 'Segoe UI Emoji', 'Segoe UI Symbol', 'Noto Color Emoji';\">Elokuu 2025<\/span><\/p>\n<div>\n<p>3.8. Harrstr\u00f6min tsasounan praasniekka<br>8.-9.8. Tapiola kirkon praasniekka<br>14.-15.8. Uspenskin katedraalin praasniekka, piispojen yhteinen palvelus<br>16.-17.8. Lappeenrannan kirkon 240v juhlat<br>19.-24.8. Vierailu Tukholmassa ekumeenisessa juhlatapahtumassa<br>29.-30.8. Myllypuron kappelin 10v praasniekka<\/p>\n<\/div>\n<div><span style=\"font-size: 1rem;\"><span style=\"font-weight: bold;\">&nbsp;<\/span><\/span><\/div>\t\t\t\t\t\t\t\t<\/div>\n\t\t\t\t<\/div>\n\t\t\t\t<\/div>\n\t\t<div id=\"e-n-tab-content-471244562\" role=\"tabpanel\" aria-labelledby=\"2024\" data-tab-index=\"2\" style=\"--n-tabs-title-order: 2;\" class=\" elementor-element elementor-element-36dd1b7 e-con-full e-flex e-con e-child\" data-id=\"36dd1b7\" data-element_type=\"container\" data-e-type=\"container\">\n\t\t\t\t<div class=\"elementor-element elementor-element-02a8543 elementor-widget elementor-widget-text-editor\" data-id=\"02a8543\" data-element_type=\"widget\" data-e-type=\"widget\" data-widget_type=\"text-editor.default\">\n\t\t\t\t<div class=\"elementor-widget-container\">\n\t\t\t\t\t\t\t\t\t<div class=\"x_elementToProof\" data-olk-copy-source=\"MessageBody\"><b>Joulukuu 2024<\/b><\/div>\n<div class=\"x_elementToProof\" data-olk-copy-source=\"MessageBody\"><br><\/div>\n<div class=\"x_elementToProof\" data-olk-copy-source=\"MessageBody\">3.12. Yle Aamun haastattelussa<br>4.12. Dagen -lehden (Ruotsi) ja Kirkko ja kaupunki -lehden haastattelut<\/div>\n<div class=\"x_elementToProof\">5.12. Vigilia Uspenskin katedraalissa<br>6.12. Itsen\u00e4isyysp\u00e4iv\u00e4n ekumeeninen juhlajumalanpalvelus Helsingin tuomiokirkossa, Tasavallan presidentin vastaanotto<br>12.12. Ekumeeninen joulu -tapahtuma Turun tuomiokirkossa<\/div>\n<div class=\"x_elementToProof\">13.12. Arkkipiispa Leon joulupuurolla Helsingiss\u00e4<br>15.12. Arkkipiispan toimeen asettaminen Uspenskin katedraalissa<\/div>\n<div class=\"x_elementToProof\">&nbsp;<\/div>\t\t\t\t\t\t\t\t<\/div>\n\t\t\t\t<\/div>\n\t\t<div class=\"elementor-element elementor-element-c8fa3ee e-flex e-con-boxed e-con e-child\" data-id=\"c8fa3ee\" data-element_type=\"container\" data-e-type=\"container\">\n\t\t\t\t\t<div class=\"e-con-inner\">\n\t\t\t\t\t<\/div>\n\t\t\t\t<\/div>\n\t\t\t\t<\/div>\n\t\t\t\t\t<\/div>\n\t\t<\/div>\n\t\t\t\t\t\t<\/div>\n\t\t\t\t<\/div>\n\t\t\t\t\t<\/div>\n\t\t\t\t<\/div>\n\t\t<div class=\"elementor-element elementor-element-6f6b072 e-flex e-con-boxed e-con e-parent\" data-id=\"6f6b072\" data-element_type=\"container\" data-e-type=\"container\">\n\t\t\t\t\t<div class=\"e-con-inner\">\n\t\t\t\t<div class=\"elementor-element elementor-element-8c97dfc elementor-widget elementor-widget-spacer\" data-id=\"8c97dfc\" data-element_type=\"widget\" data-e-type=\"widget\" data-widget_type=\"spacer.default\">\n\t\t\t\t<div class=\"elementor-widget-container\">\n\t\t\t\t\t\t\t<div class=\"elementor-spacer\">\n\t\t\t<div class=\"elementor-spacer-inner\"><\/div>\n\t\t<\/div>\n\t\t\t\t\t\t<\/div>\n\t\t\t\t<\/div>\n\t\t\t\t\t<\/div>\n\t\t\t\t<\/div>\n\t\t\t\t<\/div>\n\t\t","protected":false},"excerpt":{"rendered":"<p>2025 2024 Tammikuu 2025 12.1. Liturgia Tapiolan kirkossa13.-14.1. Vierailu Tallinnassa pyh\u00e4n Plaatonin juhlassa15.-22.1. Ekumeeninen pyhiinvaellus Roomaan26.1. Liturgia Helsingin pyh\u00e4n Kolminaisuuden kirkossa Helmikuu 2025 1.-2.2. Paimenmatka Tampereelle8.-9.2. Paimenmatka Turkuun16.2. Liturgia J\u00e4rvenp\u00e4\u00e4n kirkossa23.2. Liturgia Uspenkin katedraalissa Maaliskuu 2025 4.3. Suuri katumuskanoni Uspenskin katedraalissa6.3. Suuri&nbsp;katumuskanoni Tikkurilan kirkko7.-9.3 Paimenmatka Kaakkois-Suomen seurakuntaan16.3. Liturgia Lahden kirkossa30.3. Liturgia Forssan rukoushuoneella Huhtikuu 2025 [&hellip;]<\/p>\n","protected":false},"author":1,"featured_media":0,"parent":0,"menu_order":0,"comment_status":"closed","ping_status":"closed","template":"","meta":{"footnotes":""},"class_list":["post-469","page","type-page","status-publish","hentry"],"_links":{"self":[{"href":"https:\/\/ort.fi\/arkkipiispa\/wp-json\/wp\/v2\/pages\/469","targetHints":{"allow":["GET"]}}],"collection":[{"href":"https:\/\/ort.fi\/arkkipiispa\/wp-json\/wp\/v2\/pages"}],"about":[{"href":"https:\/\/ort.fi\/arkkipiispa\/wp-json\/wp\/v2\/types\/page"}],"author":[{"embeddable":true,"href":"https:\/\/ort.fi\/arkkipiispa\/wp-json\/wp\/v2\/users\/1"}],"replies":[{"embeddable":true,"href":"https:\/\/ort.fi\/arkkipiispa\/wp-json\/wp\/v2\/comments?post=469"}],"version-history":[{"count":37,"href":"https:\/\/ort.fi\/arkkipiispa\/wp-json\/wp\/v2\/pages\/469\/revisions"}],"predecessor-version":[{"id":1045,"href":"https:\/\/ort.fi\/arkkipiispa\/wp-json\/wp\/v2\/pages\/469\/revisions\/1045"}],"wp:attachment":[{"href":"https:\/\/ort.fi\/arkkipiispa\/wp-json\/wp\/v2\/media?parent=469"}],"curies":[{"name":"wp","href":"https:\/\/api.w.org\/{rel}","templated":true}]}}