{"id":457,"date":"2024-10-23T16:00:51","date_gmt":"2024-10-23T13:00:51","guid":{"rendered":"https:\/\/ort.fi\/uusiarkkipiispa\/?page_id=457"},"modified":"2024-12-16T13:10:35","modified_gmt":"2024-12-16T11:10:35","slug":"puheet-ja-kannanotot","status":"publish","type":"page","link":"https:\/\/ort.fi\/arkkipiispa\/puheet-ja-kannanotot\/","title":{"rendered":"Puheet ja kannanotot"},"content":{"rendered":"\t\t<div data-elementor-type=\"wp-page\" data-elementor-id=\"457\" class=\"elementor elementor-457\" data-elementor-post-type=\"page\">\n\t\t\t\t<div class=\"elementor-element elementor-element-9435b4c e-flex e-con-boxed e-con e-parent\" data-id=\"9435b4c\" data-element_type=\"container\" data-e-type=\"container\">\n\t\t\t\t\t<div class=\"e-con-inner\">\n\t\t\t\t<div class=\"elementor-element elementor-element-430bde8 elementor-grid-2 elementor-grid-tablet-2 elementor-grid-mobile-1 elementor-posts--thumbnail-top elementor-card-shadow-yes elementor-posts__hover-gradient elementor-widget elementor-widget-posts\" data-id=\"430bde8\" data-element_type=\"widget\" data-e-type=\"widget\" data-settings=\"{&quot;cards_columns&quot;:&quot;2&quot;,&quot;cards_masonry&quot;:&quot;yes&quot;,&quot;cards_columns_tablet&quot;:&quot;2&quot;,&quot;cards_columns_mobile&quot;:&quot;1&quot;,&quot;cards_row_gap&quot;:{&quot;unit&quot;:&quot;px&quot;,&quot;size&quot;:35,&quot;sizes&quot;:[]},&quot;cards_row_gap_tablet&quot;:{&quot;unit&quot;:&quot;px&quot;,&quot;size&quot;:&quot;&quot;,&quot;sizes&quot;:[]},&quot;cards_row_gap_mobile&quot;:{&quot;unit&quot;:&quot;px&quot;,&quot;size&quot;:&quot;&quot;,&quot;sizes&quot;:[]}}\" data-widget_type=\"posts.cards\">\n\t\t\t\t<div class=\"elementor-widget-container\">\n\t\t\t\t\t\t\t<div class=\"elementor-posts-container elementor-posts elementor-posts--skin-cards elementor-grid\" role=\"list\">\n\t\t\t\t<article class=\"elementor-post elementor-grid-item post-955 post type-post status-publish format-standard hentry category-yleinen\" role=\"listitem\">\n\t\t\t<div class=\"elementor-post__card\">\n\t\t\t\t<div class=\"elementor-post__text\">\n\t\t\t\t<h3 class=\"elementor-post__title\">\n\t\t\t<a href=\"https:\/\/ort.fi\/arkkipiispa\/2025\/01\/20\/helsingin-ja-koko-suomen-arkkipiispa-elian-opetuspuhe-ekumeenisessa-vesperissa-pyhan-henrikin-pyhiinvaelluksella-roomassa-18-tammikuuta-joh-1117-27\/\" >\n\t\t\t\tHelsingin ja koko Suomen arkkipiispa Elian opetuspuhe ekumeenisessa vesperiss\u00e4 pyh\u00e4n Henrikin pyhiinvaelluksella Roomassa 18. tammikuuta (Joh. 11:17\u201327)\t\t\t<\/a>\n\t\t<\/h3>\n\t\t\t\t<div class=\"elementor-post__excerpt\">\n\t\t\t<p>Kristuksessa rakkaat esipaimenet, sisaret ja veljet, T\u00e4n\u00e4\u00e4n seisomme pyh\u00e4n Birgitan perinn\u00f6n \u00e4\u00e4rell\u00e4, t\u00e4ss\u00e4 tilassa, jossa rukouksen tuoksu on kerrostunut vuosisatojen ajan. Juuri t\u00e4ss\u00e4 tilassa, t\u00e4n\u00e4\u00e4n,<\/p>\n\t\t<\/div>\n\t\t\n\t\t<a class=\"elementor-post__read-more\" href=\"https:\/\/ort.fi\/arkkipiispa\/2025\/01\/20\/helsingin-ja-koko-suomen-arkkipiispa-elian-opetuspuhe-ekumeenisessa-vesperissa-pyhan-henrikin-pyhiinvaelluksella-roomassa-18-tammikuuta-joh-1117-27\/\" aria-label=\"Read more about Helsingin ja koko Suomen arkkipiispa Elian opetuspuhe ekumeenisessa vesperiss\u00e4 pyh\u00e4n Henrikin pyhiinvaelluksella Roomassa 18. tammikuuta (Joh. 11:17\u201327)\" tabindex=\"-1\" >\n\t\t\tLue lis\u00e4\u00e4 \u00bb\t\t<\/a>\n\n\t\t\t\t<\/div>\n\t\t\t\t<div class=\"elementor-post__meta-data\">\n\t\t\t\t\t<span class=\"elementor-post-date\">\n\t\t\t20.1.2025\t\t<\/span>\n\t\t\t\t<\/div>\n\t\t\t\t\t<\/div>\n\t\t<\/article>\n\t\t\t\t<article class=\"elementor-post elementor-grid-item post-907 post type-post status-publish format-standard hentry category-yleinen\" role=\"listitem\">\n\t\t\t<div class=\"elementor-post__card\">\n\t\t\t\t<div class=\"elementor-post__text\">\n\t\t\t\t<h3 class=\"elementor-post__title\">\n\t\t\t<a href=\"https:\/\/ort.fi\/arkkipiispa\/2025\/01\/14\/arkkipiispa-elian-opetuspuhe-viron-pappismarttyyrien-pyhien-platonin-mihailin-ja-nikolain-muistopaivana-tallinnassa-14-tammikuuta-2025\/\" >\n\t\t\t\tArkkipiispa Elian opetuspuhe Viron pappismarttyyrien, pyhien Platonin, Mihailin ja Nikolain muistop\u00e4iv\u00e4n\u00e4 Tallinnassa 14. tammikuuta 2025\t\t\t<\/a>\n\t\t<\/h3>\n\t\t\t\t<div class=\"elementor-post__excerpt\">\n\t\t\t<p>Kristuksessa rakkaat esipaimenet, is\u00e4t, sisaret ja veljet! \u201dOnnellisia ovat ne, joiden silm\u00e4t n\u00e4kev\u00e4t sen, mit\u00e4 te n\u00e4ette\u201d (Luuk. 10:23). Kristuksen sanat kantavat sis\u00e4ll\u00e4\u00e4n uskon syvint\u00e4<\/p>\n\t\t<\/div>\n\t\t\n\t\t<a class=\"elementor-post__read-more\" href=\"https:\/\/ort.fi\/arkkipiispa\/2025\/01\/14\/arkkipiispa-elian-opetuspuhe-viron-pappismarttyyrien-pyhien-platonin-mihailin-ja-nikolain-muistopaivana-tallinnassa-14-tammikuuta-2025\/\" aria-label=\"Read more about Arkkipiispa Elian opetuspuhe Viron pappismarttyyrien, pyhien Platonin, Mihailin ja Nikolain muistop\u00e4iv\u00e4n\u00e4 Tallinnassa 14. tammikuuta 2025\" tabindex=\"-1\" >\n\t\t\tLue lis\u00e4\u00e4 \u00bb\t\t<\/a>\n\n\t\t\t\t<\/div>\n\t\t\t\t<div class=\"elementor-post__meta-data\">\n\t\t\t\t\t<span class=\"elementor-post-date\">\n\t\t\t14.1.2025\t\t<\/span>\n\t\t\t\t<\/div>\n\t\t\t\t\t<\/div>\n\t\t<\/article>\n\t\t\t\t<article class=\"elementor-post elementor-grid-item post-903 post type-post status-publish format-standard hentry category-yleinen\" role=\"listitem\">\n\t\t\t<div class=\"elementor-post__card\">\n\t\t\t\t<div class=\"elementor-post__text\">\n\t\t\t\t<h3 class=\"elementor-post__title\">\n\t\t\t<a href=\"https:\/\/ort.fi\/arkkipiispa\/2025\/01\/14\/helsingin-ja-koko-suomen-arkkipiispa-elian-joulutervehdys-joulun-mysteeri-sarkyvassa-maailmassa\/\" >\n\t\t\t\tHelsingin ja koko Suomen arkkipiispa Elian joulutervehdys: Joulun mysteeri s\u00e4rkyv\u00e4ss\u00e4 maailmassa\t\t\t<\/a>\n\t\t<\/h3>\n\t\t\t\t<div class=\"elementor-post__excerpt\">\n\t\t\t<p>Kun katselemme t\u00e4m\u00e4n hetken maailmaa, pyh\u00e4n syntymisen salaisuus puhuttelee meit\u00e4 tavalla, joka ylitt\u00e4\u00e4 pelk\u00e4n kalenterivuoden vaihtumisen merkityksen. Palestiinan ja Gazan piispa Kosmaksen muinaiset sanat kaikuvat<\/p>\n\t\t<\/div>\n\t\t\n\t\t<a class=\"elementor-post__read-more\" href=\"https:\/\/ort.fi\/arkkipiispa\/2025\/01\/14\/helsingin-ja-koko-suomen-arkkipiispa-elian-joulutervehdys-joulun-mysteeri-sarkyvassa-maailmassa\/\" aria-label=\"Read more about Helsingin ja koko Suomen arkkipiispa Elian joulutervehdys: Joulun mysteeri s\u00e4rkyv\u00e4ss\u00e4 maailmassa\" tabindex=\"-1\" >\n\t\t\tLue lis\u00e4\u00e4 \u00bb\t\t<\/a>\n\n\t\t\t\t<\/div>\n\t\t\t\t<div class=\"elementor-post__meta-data\">\n\t\t\t\t\t<span class=\"elementor-post-date\">\n\t\t\t14.1.2025\t\t<\/span>\n\t\t\t\t<\/div>\n\t\t\t\t\t<\/div>\n\t\t<\/article>\n\t\t\t\t<article class=\"elementor-post elementor-grid-item post-841 post type-post status-publish format-standard has-post-thumbnail hentry category-yleinen\" role=\"listitem\">\n\t\t\t<div class=\"elementor-post__card\">\n\t\t\t\t<a class=\"elementor-post__thumbnail__link\" href=\"https:\/\/ort.fi\/arkkipiispa\/2024\/12\/16\/arkkipiispa-elian-paimen-ja-kiitospuhe-toimeen-asettamisen-yhteydessa-uspenskin-katedraalissa-15-12-2024\/\" tabindex=\"-1\" ><div class=\"elementor-post__thumbnail\"><img fetchpriority=\"high\" decoding=\"async\" width=\"1706\" height=\"2560\" src=\"https:\/\/ort.fi\/arkkipiispa\/wp-content\/uploads\/2024\/12\/elia_intronisaatio__A1A1781-scaled.jpg\" class=\"attachment-full size-full wp-image-797\" alt=\"Elia intronisaatio\" srcset=\"https:\/\/ort.fi\/arkkipiispa\/wp-content\/uploads\/2024\/12\/elia_intronisaatio__A1A1781-scaled.jpg 1706w, https:\/\/ort.fi\/arkkipiispa\/wp-content\/uploads\/2024\/12\/elia_intronisaatio__A1A1781-200x300.jpg 200w, https:\/\/ort.fi\/arkkipiispa\/wp-content\/uploads\/2024\/12\/elia_intronisaatio__A1A1781-683x1024.jpg 683w, https:\/\/ort.fi\/arkkipiispa\/wp-content\/uploads\/2024\/12\/elia_intronisaatio__A1A1781-768x1152.jpg 768w, https:\/\/ort.fi\/arkkipiispa\/wp-content\/uploads\/2024\/12\/elia_intronisaatio__A1A1781-1024x1536.jpg 1024w, https:\/\/ort.fi\/arkkipiispa\/wp-content\/uploads\/2024\/12\/elia_intronisaatio__A1A1781-1365x2048.jpg 1365w\" sizes=\"(max-width: 1706px) 100vw, 1706px\" \/><\/div><\/a>\n\t\t\t\t<div class=\"elementor-post__text\">\n\t\t\t\t<h3 class=\"elementor-post__title\">\n\t\t\t<a href=\"https:\/\/ort.fi\/arkkipiispa\/2024\/12\/16\/arkkipiispa-elian-paimen-ja-kiitospuhe-toimeen-asettamisen-yhteydessa-uspenskin-katedraalissa-15-12-2024\/\" >\n\t\t\t\tArkkipiispa Elian paimen- ja kiitospuhe toimeen asettamisen yhteydess\u00e4 Uspenskin katedraalissa 15.12.2024\t\t\t<\/a>\n\t\t<\/h3>\n\t\t\t\t<div class=\"elementor-post__excerpt\">\n\t\t\t<p>Hyv\u00e4t is\u00e4t esipaimenet Arsenios, Arseni, Kleopas, Agapit, Daniel, Aleksanteri&nbsp;ja Sergei, sek\u00e4 emeritusesipaimenet Leo, Ambrosius&nbsp;ja Panteleimon,Kunnioitettu eduskunnan puhemies,Arvoisat valtiomme edustajat ja muiden valtioiden suurl\u00e4hettil\u00e4\u00e4t,Arvostetut evankelisluterilaisen kirkon<\/p>\n\t\t<\/div>\n\t\t\n\t\t<a class=\"elementor-post__read-more\" href=\"https:\/\/ort.fi\/arkkipiispa\/2024\/12\/16\/arkkipiispa-elian-paimen-ja-kiitospuhe-toimeen-asettamisen-yhteydessa-uspenskin-katedraalissa-15-12-2024\/\" aria-label=\"Read more about Arkkipiispa Elian paimen- ja kiitospuhe toimeen asettamisen yhteydess\u00e4 Uspenskin katedraalissa 15.12.2024\" tabindex=\"-1\" >\n\t\t\tLue lis\u00e4\u00e4 \u00bb\t\t<\/a>\n\n\t\t\t\t<\/div>\n\t\t\t\t<div class=\"elementor-post__meta-data\">\n\t\t\t\t\t<span class=\"elementor-post-date\">\n\t\t\t16.12.2024\t\t<\/span>\n\t\t\t\t<\/div>\n\t\t\t\t\t<\/div>\n\t\t<\/article>\n\t\t\t\t<\/div>\n\t\t\n\t\t\t\t\t\t<\/div>\n\t\t\t\t<\/div>\n\t\t\t\t\t<\/div>\n\t\t\t\t<\/div>\n\t\t<div class=\"elementor-element elementor-element-8086454 e-flex e-con-boxed e-con e-parent\" data-id=\"8086454\" data-element_type=\"container\" data-e-type=\"container\">\n\t\t\t\t\t<div class=\"e-con-inner\">\n\t\t\t\t<div class=\"elementor-element elementor-element-c7c817a elementor-widget elementor-widget-text-editor\" data-id=\"c7c817a\" data-element_type=\"widget\" data-e-type=\"widget\" data-widget_type=\"text-editor.default\">\n\t\t\t\t<div class=\"elementor-widget-container\">\n\t\t\t\t\t\t\t\t\t<p><a href=\"https:\/\/www.aamunkoitto.fi\/ajassa\/arkkipiispaksi-valittu-metropoliitta-elia-haluaa-johtaa-keskustelevaa-kirkkoa-jossa\" target=\"_blank\" rel=\"noopener\"><span data-olk-copy-source=\"MessageBody\">Aamun Koiton haastattelu arkkipiispaksi valinnan j\u00e4lkeen 28.11.2024.<\/span><\/a><\/p>\t\t\t\t\t\t\t\t<\/div>\n\t\t\t\t<\/div>\n\t\t\t\t\t<\/div>\n\t\t\t\t<\/div>\n\t\t<div class=\"elementor-element elementor-element-e684d27 e-flex e-con-boxed e-con e-parent\" data-id=\"e684d27\" data-element_type=\"container\" data-e-type=\"container\">\n\t\t\t\t\t<div class=\"e-con-inner\">\n\t\t\t\t<div class=\"elementor-element elementor-element-bcdb1c4 elementor-widget elementor-widget-spacer\" data-id=\"bcdb1c4\" data-element_type=\"widget\" data-e-type=\"widget\" data-widget_type=\"spacer.default\">\n\t\t\t\t<div class=\"elementor-widget-container\">\n\t\t\t\t\t\t\t<div class=\"elementor-spacer\">\n\t\t\t<div class=\"elementor-spacer-inner\"><\/div>\n\t\t<\/div>\n\t\t\t\t\t\t<\/div>\n\t\t\t\t<\/div>\n\t\t\t\t\t<\/div>\n\t\t\t\t<\/div>\n\t\t\t\t<\/div>\n\t\t","protected":false},"excerpt":{"rendered":"<p>Aamun Koiton haastattelu arkkipiispaksi valinnan j\u00e4lkeen 28.11.2024.<\/p>\n","protected":false},"author":1,"featured_media":0,"parent":0,"menu_order":0,"comment_status":"closed","ping_status":"closed","template":"","meta":{"footnotes":""},"class_list":["post-457","page","type-page","status-publish","hentry"],"_links":{"self":[{"href":"https:\/\/ort.fi\/arkkipiispa\/wp-json\/wp\/v2\/pages\/457","targetHints":{"allow":["GET"]}}],"collection":[{"href":"https:\/\/ort.fi\/arkkipiispa\/wp-json\/wp\/v2\/pages"}],"about":[{"href":"https:\/\/ort.fi\/arkkipiispa\/wp-json\/wp\/v2\/types\/page"}],"author":[{"embeddable":true,"href":"https:\/\/ort.fi\/arkkipiispa\/wp-json\/wp\/v2\/users\/1"}],"replies":[{"embeddable":true,"href":"https:\/\/ort.fi\/arkkipiispa\/wp-json\/wp\/v2\/comments?post=457"}],"version-history":[{"count":16,"href":"https:\/\/ort.fi\/arkkipiispa\/wp-json\/wp\/v2\/pages\/457\/revisions"}],"predecessor-version":[{"id":857,"href":"https:\/\/ort.fi\/arkkipiispa\/wp-json\/wp\/v2\/pages\/457\/revisions\/857"}],"wp:attachment":[{"href":"https:\/\/ort.fi\/arkkipiispa\/wp-json\/wp\/v2\/media?parent=457"}],"curies":[{"name":"wp","href":"https:\/\/api.w.org\/{rel}","templated":true}]}}