{"id":377,"date":"2024-10-18T15:49:43","date_gmt":"2024-10-18T12:49:43","guid":{"rendered":"https:\/\/ort.fi\/uusiarkkipiispa\/?page_id=377"},"modified":"2026-02-24T15:04:28","modified_gmt":"2026-02-24T13:04:28","slug":"hiippakunnan-papisto","status":"publish","type":"page","link":"https:\/\/ort.fi\/arkkipiispa\/hiippakunnan-papisto\/","title":{"rendered":"Hiippakunnan papisto"},"content":{"rendered":"\t\t<div data-elementor-type=\"wp-page\" data-elementor-id=\"377\" class=\"elementor elementor-377\" data-elementor-post-type=\"page\">\n\t\t\t\t<div class=\"elementor-element elementor-element-85a1a3f e-flex e-con-boxed e-con e-parent\" data-id=\"85a1a3f\" data-element_type=\"container\" data-e-type=\"container\">\n\t\t\t\t\t<div class=\"e-con-inner\">\n\t\t\t\t<div class=\"elementor-element elementor-element-f9b91bb elementor-widget elementor-widget-text-editor\" data-id=\"f9b91bb\" data-element_type=\"widget\" data-e-type=\"widget\" data-widget_type=\"text-editor.default\">\n\t\t\t\t<div class=\"elementor-widget-container\">\n\t\t\t\t\t\t\t\t\t<p><span data-olk-copy-source=\"MessageBody\">Luettelo p\u00e4ivitetty 24.02.2026.<\/span><\/p>\t\t\t\t\t\t\t\t<\/div>\n\t\t\t\t<\/div>\n\t\t\t\t\t<\/div>\n\t\t\t\t<\/div>\n\t\t<div class=\"elementor-element elementor-element-15c972d e-flex e-con-boxed e-con e-parent\" data-id=\"15c972d\" data-element_type=\"container\" data-e-type=\"container\">\n\t\t\t\t\t<div class=\"e-con-inner\">\n\t\t\t\t<div class=\"elementor-element elementor-element-e40f848 elementor-widget elementor-widget-text-editor\" data-id=\"e40f848\" data-element_type=\"widget\" data-e-type=\"widget\" data-widget_type=\"text-editor.default\">\n\t\t\t\t<div class=\"elementor-widget-container\">\n\t\t\t\t\t\t\t\t\t<p>ARKKIMANDRIITAT<\/p>\n<p>\u2022 Arkkimandriitta Serafim, vihitty arkkimandriitaksi 25.3.2024, Helsinki<\/p>\n<p>ROVASTIT<\/p>\n<p>\u2022 Alava Jukka, vihitty rovastiksi 5.3.2017, Helsinki<br \/>\u2022 Aroma Markku, vihitty rovastiksi 11.5.2007, H\u00e4meenlinna<br \/>\u2022 Bergenstad Jonas, vihitty rovastiksi 17.11.2024, Helsinki<br \/>\u2022 Durac Ion, vihitty rovastiksi 22.9.2013, Turku<br \/>\u2022 Hirvonen Juha, vihitty rovastiksi 7.10.2023, Helsinki<br \/>\u2022 Hjertberg Andreas, vihitty rovastiksi 27.3.2005, Turku<br \/>\u2022 Honkaselk\u00e4 Martti, vihitty rovastiksi 6.4.1990, Hamina<br \/>\u2022 Huttunen Heikki, vihitty rovastiksi 6.12.2011, Helsinki<br \/>\u2022 H\u00e4rkin Juhani, vihitty rovastiksi 2.4.1994, Helsinki<br \/>\u2022 Kasala Kalevi, vihitty rovastiksi 4.11.2017, Helsinki<br \/>\u2022 Korhonen Petri, vihitty rovastiksi 31.10.2024, Helsinki<br \/>\u2022 K\u00e4rki Mikko, vihitty rovastiksi 25.12.1993, Helsinki<br \/>\u2022 Lampropoulos Ioannis, vihitty rovastiksi 28.1.2024, Turku<br \/>\u2022 Leistola Mikko, vihitty rovastiksi 27.10.2024, Turku<br \/>\u2022 Lipits\u00e4inen Matti, vihitty rovastiksi, 28.5.2023, Lahti<br \/>\u2022 Lisitsin Veikko, vihitty rovastiksi 16.4.1995, Kotka<br \/>\u2022 Merras Olavi, vihitty rovastiksi 3.6.1990, Lahti<br \/>\u2022 Merras Teo, vihitty rovastiksi, 4.4.2021, Helsinki<br \/>\u2022 Patronen Mauri, vihitty rovastiksi 1.4.2001, Lappeenranta<br \/>\u2022 Petsalo Markus, vihitty rovastiksi 23.6.1990, Lappeenranta<br \/>\u2022 Porkka Matti, vihitty rovastiksi 29.6.2007, Helsinki<br \/>\u2022 Pugovkin, Pavel, vihitty rovastiksi 6.5.2018, Hamina<br \/>\u2022 Salminen Markku, vihitty rovastiksi 19.2.2012, Helsinki<br \/>\u2022 Sidoroff Matti, vihitty rovastiksi 6.12.2015, Helsinki<br \/>\u2022 Siili Teppo, vihitty rovastiksi 25.12.1987, Helsinki<br \/>\u2022 Soisalo Timo, vihitty rovastiksi 8.4.2009, Helsinki<br \/>\u2022 Strekachev Konstantin, vihitty rovastiksi 18.4.2008, Kotka<br \/>\u2022 Sundkvist Mikael, vihitty rovastiksi 10.9.2017, Helsinki<br \/>\u2022 Toivonen Teemu, vihitty rovastiksi 16.5.2023, Helsinki<br \/>\u2022 Tynkkynen Timo, vihitty rovastiksi 26.10.2014, Lappeenranta<br \/>\u2022 Verikov Andrei, vihitty rovastiksi 4.4.2021, Lappeenranta<br \/>\u2022 Wuorlinna Johannes, vihitty rovastiksi 15.9.2019, Hamina<br \/>\u2022 Ylinen Mikko, vihitty rovastiksi 27.10.2024, Turku<br \/>\u2022 Yl\u00e4-Jussila Aarne, vihitty rovastiksi 16.4.2023, Lappeenranta<\/p>\n<p>PASTORIT<\/p>\n<p>\u2022 Alatalo Makarios, vihitty papiksi, 21.5.2006, Lappeenranta<br \/>\u2022 Backman Veli, vihitty papiksi 3.12.2023, H\u00e4meenlinna<br \/>\u2022 Bj\u00f6rklund Alexander, vihitty papiksi 15.8.2006, Helsinki<br \/>\u2022 Danilov Sehrii, vihitty papiksi 15.8.2024, Helsinki<br \/>\u2022 Fagerlund Harry, vihitty papiksi 19.7.2020, Helsinki<br \/>\u2022 Hakonen Petri, vihitty papiksi 17.11.1991, Helsinki<br \/>\u2022 Hautam\u00e4ki Alexander, vihitty papiksi 9.4.2009, Kotka<br \/>\u2022 Heino Ky\u00f6sti, vihitty papiksi 19.9.2010, Turku (toimituskielto)<br \/>\u2022 Hirvonen Juha, vihitty papiksi 3.10.1993, Helsinki<br \/>\u2022 Jalonen Lasarus, vihitty papiksi 23.7.2017, Helsinki<br \/>\u2022 Jauhiainen Jukka, vihitty papiksi 29.4.2012, Hamina<br \/>\u2022 Kallinen Kimmo, vihitty papiksi 5.3.2017, Helsinki<br \/>\u2022 Kinkki Markku, vihitty papiksi 17.3.2013, Helsinki<br \/>\u2022 Kozyrev Oleg, vihitty papiksi 1.3.2015, Helsinki<br \/>\u2022 Loima Jyrki, vihitty papiksi 22.10.1996<\/p>\n<p>\u2022 Markolainen Ivan, vihitty papiksi 13.10.2019, Turku <p>\u2022 Mata Federico, vihitty papiksi 14.12.2025, H\u00e4meenlinna<\/p>\n<p>\u2022 Petsalo Sergei, vihitty papiksi 15.8.2016, Helsinki<br \/>\u2022 Ratilainen Petri, vihitty papiksi 10.5.1987, Turku<br \/>\u2022 Rautam\u00e4ki Tapio, vihitty papiksi 14.5.2006, , Helsinki<br \/>\u2022 Repo Mitro, vihitty papiksi 6.12.1990, Helsinki<br \/>\u2022 Rikkonen Taisto, vihitty papiksi 27.10.2013, Lahti<br \/>\u2022 R\u00e4ntil\u00e4 Kari, vihitty papiksi 14.2.2010, H\u00e4meenlinna<br \/>\u2022 Schiel Peter, vihitty papiksi 19.3.2023, Helsinki<br \/>\u2022 Sil\u00e9n P\u00e4r, vihitty papiksi 14.5.2023, Helsinki<br \/>\u2022 Skopets Vaslav, vihitty papiksi 16.10.2005, Helsinki<br \/>\u2022 Sokratilin Vladimir, vihitty papiksi 17.12.2023, Helsinki<br \/>\u2022 Tchoukanov Vadim, vihitty papiksi 4.8.2024, Helsinki<br \/>\u2022 Tihonov Oleg, vihitty papiksi 19.1.1991, Helsinki<br \/>\u2022 Vola Joosef, vihitty papiksi 27.8.2017, Helsinki<br \/>\u2022 V\u00e4is\u00e4nen Teppo, vihitty papiksi 30.5.2019, Helsinki<\/p>\n<p>PAPPISMUNKIT<\/p>\n<p>\u2022 Pappismunkki Foma, vihitty papiksi 26.11.2017, Helsinki<br \/>\u2022 Pappismunkki Hariton, vihitty papiksi 16.11.2008, Helsinki<br \/>\u2022 Pappismunkki Vladimiros Rusanen, vihitty papiksi <span data-olk-copy-source=\"MessageBody\">20.4.2019<\/span>, Turku<\/p>\n<p>YLIDIAKONIT<\/p>\n<p>\u2022 Lampinen Juha, vihitty ylidiakoniksi 25.4.1999, Helsinki<br \/>\u2022 Salminen Andreas, vihitty ylidiakoniksi 21.12.2014, Helsinki<\/p>\n<p>DIAKONIT<\/p>\n<p>\u2022 Ananin Jari, vihitty diakoniksi 29.8.2004, Helsinki<br \/>\u2022 Avdouevski Ioann, vihitty diakoniksi 16.10.2011, Helsinki<br \/>\u2022 Buravikhin Gleb, vihitty diakoniksi 6.10.2024, Kotka<br \/>\u2022 Haataja Johnny, vihitty diakoniksi 25.11.2007, Kotka<br \/>\u2022 Haahtela Joel, vihitty diakoniksi 12.12.2021, Espoo<br \/>\u2022 Ik\u00e4heimo Risto, vihitty diakoniksi 25.12.2017, Helsinki<br \/>\u2022 Ik\u00e4valko Keijo, vihitty diakoniksi 25.3.2012, Hamina<br \/>\u2022 Ilmonen Tommi, vihitty diakoniksi 9.8.2025, Helsinki<br \/>\u2022 Kaski Heikki, vihitty diakoniksi 31.10.1993, Helsinki<br \/>\u2022 Korpela Aki, vihitty diakoniksi 5.6.2011, Lahti<br \/>\u2022 Lang Dmytro, vihitty diakoniksi 14.9.2024, Kouvola<br \/>\u2022 Lappalainen Anatoli, vihitty diakoniksi 19.11.2023, Lahti<br \/>\u2022 Lasarenko Mihail, vihitty diakoniksi 11.11.2011, Helsinki<br \/>\u2022 Lassila Olli, vihitty diakoniksi 15.8.2007, Helsinki<br \/>\u2022 Liesma Jorma, vihitty diakoniksi 10.10.2010, Lappeenranta<br \/>\u2022 Lipponen Kari, vihitty diakoniksi 10.10.2021, Lappeenranta<br \/>\u2022 Lumisalmi Erkki, vihitty diakoniksi 25.3.2012, H\u00e4meenlinna<br \/>\u2022 Oksa Valtteri, vihitty diakoniksi 23.4.2023, Turku<br \/>\u2022 Okulov Juha, vihitty diakoniksi 16.2.1986, Helsinki<br \/>\u2022 Parila Pasi, vihitty diakoniksi 18.5.2023, Helsinki<br \/>\u2022 Pesonen Seppo, vihitty diakoniksi 15.2.2009, Helsinki<br \/>\u2022 Pylsy Andrei, vihitty diakoniksi 17.3.2024, Helsinki<br \/>\u2022 Sailo Sami, vihitty diakoniksi 25.2.2024, Helsinki<br \/>\u2022 Seleznev Vladimir, vihitty diakoniksi 29.6.2024, Hamina<br \/>\u2022 Stenberg Andreas, vihitty diakoniksi 14.5.2015, Helsinki<br \/>\u2022 Tiittanen Veikko, vihitty diakoniksi 26.5.1991, Lappeenranta<br \/>\u2022 Toivonen Erkki, vihitty diakoniksi 12.3.2000, Helsinki<br \/>\u2022 Tuominen Simo, vihitty diakoniksi 7.5.2022, Helsinki<\/p>\t\t\t\t\t\t\t\t<\/div>\n\t\t\t\t<\/div>\n\t\t\t\t\t<\/div>\n\t\t\t\t<\/div>\n\t\t<div class=\"elementor-element elementor-element-1b225a6 e-flex e-con-boxed e-con e-parent\" data-id=\"1b225a6\" data-element_type=\"container\" data-e-type=\"container\">\n\t\t\t\t\t<div class=\"e-con-inner\">\n\t\t\t\t\t<\/div>\n\t\t\t\t<\/div>\n\t\t\t\t<\/div>\n\t\t","protected":false},"excerpt":{"rendered":"<p>Luettelo p\u00e4ivitetty 24.02.2026. ARKKIMANDRIITAT \u2022 Arkkimandriitta Serafim, vihitty arkkimandriitaksi 25.3.2024, Helsinki ROVASTIT \u2022 Alava Jukka, vihitty rovastiksi 5.3.2017, Helsinki\u2022 Aroma Markku, vihitty rovastiksi 11.5.2007, H\u00e4meenlinna\u2022 Bergenstad Jonas, vihitty rovastiksi 17.11.2024, Helsinki\u2022 Durac Ion, vihitty rovastiksi 22.9.2013, Turku\u2022 Hirvonen Juha, vihitty rovastiksi 7.10.2023, Helsinki\u2022 Hjertberg Andreas, vihitty rovastiksi 27.3.2005, Turku\u2022 Honkaselk\u00e4 Martti, vihitty rovastiksi 6.4.1990, Hamina\u2022 [&hellip;]<\/p>\n","protected":false},"author":1,"featured_media":0,"parent":0,"menu_order":0,"comment_status":"closed","ping_status":"closed","template":"","meta":{"footnotes":""},"class_list":["post-377","page","type-page","status-publish","hentry"],"_links":{"self":[{"href":"https:\/\/ort.fi\/arkkipiispa\/wp-json\/wp\/v2\/pages\/377","targetHints":{"allow":["GET"]}}],"collection":[{"href":"https:\/\/ort.fi\/arkkipiispa\/wp-json\/wp\/v2\/pages"}],"about":[{"href":"https:\/\/ort.fi\/arkkipiispa\/wp-json\/wp\/v2\/types\/page"}],"author":[{"embeddable":true,"href":"https:\/\/ort.fi\/arkkipiispa\/wp-json\/wp\/v2\/users\/1"}],"replies":[{"embeddable":true,"href":"https:\/\/ort.fi\/arkkipiispa\/wp-json\/wp\/v2\/comments?post=377"}],"version-history":[{"count":73,"href":"https:\/\/ort.fi\/arkkipiispa\/wp-json\/wp\/v2\/pages\/377\/revisions"}],"predecessor-version":[{"id":1099,"href":"https:\/\/ort.fi\/arkkipiispa\/wp-json\/wp\/v2\/pages\/377\/revisions\/1099"}],"wp:attachment":[{"href":"https:\/\/ort.fi\/arkkipiispa\/wp-json\/wp\/v2\/media?parent=377"}],"curies":[{"name":"wp","href":"https:\/\/api.w.org\/{rel}","templated":true}]}}