{"id":195,"date":"2024-10-18T13:15:47","date_gmt":"2024-10-18T10:15:47","guid":{"rendered":"https:\/\/ort.fi\/uusiarkkipiispa\/?page_id=195"},"modified":"2024-10-23T18:37:42","modified_gmt":"2024-10-23T15:37:42","slug":"edelliset-arkkipiispat","status":"publish","type":"page","link":"https:\/\/ort.fi\/arkkipiispa\/edelliset-arkkipiispat\/","title":{"rendered":"Edelliset arkkipiispat"},"content":{"rendered":"\t\t<div data-elementor-type=\"wp-page\" data-elementor-id=\"195\" class=\"elementor elementor-195\" data-elementor-post-type=\"page\">\n\t\t\t\t<div class=\"elementor-element elementor-element-6beb431 e-flex e-con-boxed e-con e-parent\" data-id=\"6beb431\" data-element_type=\"container\" data-e-type=\"container\">\n\t\t\t\t\t<div class=\"e-con-inner\">\n\t\t<div class=\"elementor-element elementor-element-20a916c e-con-full e-flex e-con e-child\" data-id=\"20a916c\" data-element_type=\"container\" data-e-type=\"container\">\n\t\t\t\t<div class=\"elementor-element elementor-element-c43c9aa elementor-widget elementor-widget-image\" data-id=\"c43c9aa\" data-element_type=\"widget\" data-e-type=\"widget\" data-widget_type=\"image.default\">\n\t\t\t\t<div class=\"elementor-widget-container\">\n\t\t\t\t\t\t\t\t\t\t\t\t\t\t\t<img fetchpriority=\"high\" decoding=\"async\" width=\"2077\" height=\"2560\" src=\"https:\/\/ort.fi\/arkkipiispa\/wp-content\/uploads\/2024\/10\/leo-scaled.jpg\" class=\"attachment-full size-full wp-image-211\" alt=\"\" srcset=\"https:\/\/ort.fi\/arkkipiispa\/wp-content\/uploads\/2024\/10\/leo-scaled.jpg 2077w, https:\/\/ort.fi\/arkkipiispa\/wp-content\/uploads\/2024\/10\/leo-243x300.jpg 243w, https:\/\/ort.fi\/arkkipiispa\/wp-content\/uploads\/2024\/10\/leo-831x1024.jpg 831w, https:\/\/ort.fi\/arkkipiispa\/wp-content\/uploads\/2024\/10\/leo-768x947.jpg 768w, https:\/\/ort.fi\/arkkipiispa\/wp-content\/uploads\/2024\/10\/leo-1246x1536.jpg 1246w, https:\/\/ort.fi\/arkkipiispa\/wp-content\/uploads\/2024\/10\/leo-1662x2048.jpg 1662w\" sizes=\"(max-width: 2077px) 100vw, 2077px\" \/>\t\t\t\t\t\t\t\t\t\t\t\t\t\t\t<\/div>\n\t\t\t\t<\/div>\n\t\t\t\t<\/div>\n\t\t<div class=\"elementor-element elementor-element-2dd5773 e-con-full e-flex e-con e-child\" data-id=\"2dd5773\" data-element_type=\"container\" data-e-type=\"container\">\n\t\t\t\t<div class=\"elementor-element elementor-element-7350234 elementor-widget elementor-widget-text-editor\" data-id=\"7350234\" data-element_type=\"widget\" data-e-type=\"widget\" data-widget_type=\"text-editor.default\">\n\t\t\t\t<div class=\"elementor-widget-container\">\n\t\t\t\t\t\t\t\t\t<p><strong>Arkkipiispa Leo<\/strong><br \/>(Leo Makkonen)<br \/>arkkipiispana 2001\u20132024<\/p>\t\t\t\t\t\t\t\t<\/div>\n\t\t\t\t<\/div>\n\t\t\t\t<div class=\"elementor-element elementor-element-f8c1d83 elementor-widget elementor-widget-text-editor\" data-id=\"f8c1d83\" data-element_type=\"widget\" data-e-type=\"widget\" data-widget_type=\"text-editor.default\">\n\t\t\t\t<div class=\"elementor-widget-container\">\n\t\t\t\t\t\t\t\t\t<p>Leo Makkonen<\/p>\n<ul>\n<li>s. 4.6.1948 Pielavedell\u00e4<\/li>\n<li>yo, Pielaveden yhteiskoulu 1967<\/li>\n<li>pappiskandidaatti, Suomen ortodoksinen pappisseminaari Kuopio 1972<\/li>\n<li>ortodoksisen uskonnonopettajapappina It\u00e4-Karjalan kansanopistossa 1972\u20131973<\/li>\n<li>Ilomantsin ja Turun matkapapistopiirin matkapappi 1973\u20131979<\/li>\n<li>opetusopilliset opinnot ja auskultointi Turun yliopiston kasvatustieteiden tiedekunnan opettajankoulutuslaitoksessa 1978<\/li>\n<li>Lintulan luostarin yst\u00e4v\u00e4t ry:n puheenjohtaja 1978\u20131993<\/li>\n<li>ortodoksisen kirkon apulaispiispa 1979\u20131980<\/li>\n<li>Pyhien Sergein ja Hermanin veljeskunnan puheenjohtaja 1979\u20131994<\/li>\n<li>Oulun metropoliitta 1980\u20131996<\/li>\n<li>Suomen ekumeeniseen neuvoston varapuheenjohtaja ja puheenjohtaja 1987\u20132000<\/li>\n<li>Oulun ortodoksisen hiippakunnan s\u00e4\u00e4ti\u00f6n hallintoneuvoston puheenjohtaja 1988\u20131996<\/li>\n<li>Salmilaisj\u00e4rjest\u00f6jen yhteisty\u00f6toimikunnan puheenjohtaja 1990\u2013<\/li>\n<li>Laatokan Valamon tukirahaston hoitokunnan puheenjohtaja 1991\u2013<\/li>\n<li>ortodoksisukujen tutkijapiirin puheenjohtaja 1993\u20131995<\/li>\n<li>teologian maisteri, Joensuun yliopisto 1995<\/li>\n<li>Karjalan kielen seuran puheenjohtaja 1995\u2013<\/li>\n<li>Helsingin metropoliitta 1996\u20132001<\/li>\n<li>Helsingin metropoliittakunnan s\u00e4\u00e4ti\u00f6n hallintoneuvoston puheenjohtajana 1998\u20132001<\/li>\n<li>Karjalan ja koko Suomen arkkipiispa 2001\u20132017<\/li>\n<li>Helsingin ja koko Suomen arkkipiispa 2018\u20132024<\/li>\n<li>teologian tohtori hc, Joensuun yliopisto 2004<\/li>\n<li>teologian tohtori hc, Pariisin teologinen instituutti Saint-Serge 2005<\/li>\n<\/ul>\t\t\t\t\t\t\t\t<\/div>\n\t\t\t\t<\/div>\n\t\t\t\t<\/div>\n\t\t\t\t\t<\/div>\n\t\t\t\t<\/div>\n\t\t<div class=\"elementor-element elementor-element-6d89e3d9 e-flex e-con-boxed e-con e-parent\" data-id=\"6d89e3d9\" data-element_type=\"container\" data-e-type=\"container\">\n\t\t\t\t\t<div class=\"e-con-inner\">\n\t\t\t\t<div class=\"elementor-element elementor-element-7d848882 elementor-widget elementor-widget-text-editor\" data-id=\"7d848882\" data-element_type=\"widget\" data-e-type=\"widget\" data-widget_type=\"text-editor.default\">\n\t\t\t\t<div class=\"elementor-widget-container\">\n\t\t\t\t\t\t\t\t\t\n<p><\/p>\n\n\n\n<p><\/p>\n\t\t\t\t\t\t\t\t<\/div>\n\t\t\t\t<\/div>\n\t\t\t\t\t<\/div>\n\t\t\t\t<\/div>\n\t\t<div class=\"elementor-element elementor-element-29ec896 e-flex e-con-boxed e-con e-parent\" data-id=\"29ec896\" data-element_type=\"container\" data-e-type=\"container\">\n\t\t\t\t\t<div class=\"e-con-inner\">\n\t\t<div class=\"elementor-element elementor-element-c2ccd4e e-con-full e-flex e-con e-child\" data-id=\"c2ccd4e\" data-element_type=\"container\" data-e-type=\"container\">\n\t\t\t\t<div class=\"elementor-element elementor-element-415c51c elementor-widget elementor-widget-image\" data-id=\"415c51c\" data-element_type=\"widget\" data-e-type=\"widget\" data-widget_type=\"image.default\">\n\t\t\t\t<div class=\"elementor-widget-container\">\n\t\t\t\t\t\t\t\t\t\t\t\t\t\t\t<img decoding=\"async\" width=\"515\" height=\"700\" src=\"https:\/\/ort.fi\/arkkipiispa\/wp-content\/uploads\/2024\/10\/johannes.jpg\" class=\"attachment-full size-full wp-image-209\" alt=\"\" srcset=\"https:\/\/ort.fi\/arkkipiispa\/wp-content\/uploads\/2024\/10\/johannes.jpg 515w, https:\/\/ort.fi\/arkkipiispa\/wp-content\/uploads\/2024\/10\/johannes-221x300.jpg 221w\" sizes=\"(max-width: 515px) 100vw, 515px\" \/>\t\t\t\t\t\t\t\t\t\t\t\t\t\t\t<\/div>\n\t\t\t\t<\/div>\n\t\t\t\t<\/div>\n\t\t<div class=\"elementor-element elementor-element-6ac62d1 e-con-full e-flex e-con e-child\" data-id=\"6ac62d1\" data-element_type=\"container\" data-e-type=\"container\">\n\t\t\t\t<div class=\"elementor-element elementor-element-b2104b9 elementor-widget elementor-widget-text-editor\" data-id=\"b2104b9\" data-element_type=\"widget\" data-e-type=\"widget\" data-widget_type=\"text-editor.default\">\n\t\t\t\t<div class=\"elementor-widget-container\">\n\t\t\t\t\t\t\t\t\t<p><strong>Arkkipiispa Johannes<\/strong><br \/>(Wilho Rinne)<br \/>arkkipiispana 1987\u20132001<\/p>\t\t\t\t\t\t\t\t<\/div>\n\t\t\t\t<\/div>\n\t\t\t\t<div class=\"elementor-element elementor-element-cd23607 elementor-widget elementor-widget-text-editor\" data-id=\"cd23607\" data-element_type=\"widget\" data-e-type=\"widget\" data-widget_type=\"text-editor.default\">\n\t\t\t\t<div class=\"elementor-widget-container\">\n\t\t\t\t\t\t\t\t\t<p>Wilho Rinne<\/p>\n<ul>\n<li>s. 16.8.1923 Turku<\/li>\n<li>yo, Turun suomalainen klassillinen lyseo, 1942<\/li>\n<li>teologian kandidaatti, \u00c5bo Akademi, 1948<\/li>\n<li>teologian lisensiaatti, \u00c5bo Akademi, 1952<\/li>\n<li>Master of Theology, 1953<\/li>\n<li>opettaja, Kannaksen yhteiskoulu, Lahti, 1953\u20131954<\/li>\n<li>opettaja ja rehtori, Kittil\u00e4n yhteislyseo, 1954\u20131962<\/li>\n<li>opettaja, Joensuun normaalilyseo, 1962<\/li>\n<li>opettaja, Turun klassillinen lyseo, 1963<\/li>\n<li>teologian tohtori, \u00c5bo Akademi, 1966<\/li>\n<li>ortodoksisen kirkon j\u00e4seneksi 1966<\/li>\n<li>vihitty diakoniksi 1967<\/li>\n<li>vihitty munkiksi ja pappismunkiksi 1967<\/li>\n<li>arkkimandriitan arvo 1967<\/li>\n<li>Ortodoksisen kirjallisuuden julkaisuneuvoston p\u00e4\u00e4toimittaja 1968\u20131979<\/li>\n<li>Valittiin Suomen ortodoksisen kirkon apulaispiispaksi 1969 nimikkeell\u00e4 Lapin piispa<\/li>\n<li>Helsingin piispan teht\u00e4vien hoitaja 1969<\/li>\n<li>valittiin Helsingin hiippakunnan piispaksi 1970<\/li>\n<li>Helsingin metropoliitan arvo 1972<\/li>\n<li>Karjalan ja koko Suomen arkkipiispa 1987\u20132001<\/li>\n<li>teologian kunniatohtori 1972, Debrecenin yliopisto, Unkari<\/li>\n<li>Nikean metropoliitta ja Bithynian eksarkki 2001<\/li>\n<\/ul>\n<p>\u00a0<\/p>\n<p>Kunniamerkit:<\/p>\n<ul>\n<li>Suomen Leijonan ritarikunnan suurristi<\/li>\n<li>Pyh\u00e4n Karitsan ritarikunnan suurristi<\/li>\n<li>Kreikan tasavallan Feeniksin ritarikunnan suurristi<\/li>\n<li>Kreikan tasavallan Kunniaritarikunnan suurristi<\/li>\n<li>Kreikan ortodoksisen kirkon Apostoli Paavalin ritarikunnan suurristi<\/li>\n<li>Viron tasavallan Maarianmaan ritarikunnan II luokan kunniamerkki<\/li>\n<li>Viron Apostolisen Ortodoksisen kirkon Pyh\u00e4n Platonin ritarikunnan kunniamerkki<\/li>\n<li>Ven\u00e4j\u00e4n ortodoksisen kirkon Pyh\u00e4n Sergei Radonesilaisen ritarikunnan II luokan kunniamerkki<\/li>\n<li>Ven\u00e4j\u00e4n ortodoksisen kirkon Pyh\u00e4n Vladimirin I luokan kunniamerkki<\/li>\n<li>Aleksandrian patriarkaatin Pyh\u00e4n Markuksen I luokan kunniamerkki<\/li>\n<li>Puolan ortodoksisen kirkon Maria Magdalenan I luokan kunniamerkki<\/li>\n<li>Pyh\u00e4n Lasaruksen ritarikunnan suurristi<\/li>\n<li>Pyh\u00e4n Konstantinos Suuren ritarikunnan suurristi<\/li>\n<\/ul>\t\t\t\t\t\t\t\t<\/div>\n\t\t\t\t<\/div>\n\t\t\t\t<\/div>\n\t\t\t\t\t<\/div>\n\t\t\t\t<\/div>\n\t\t<div class=\"elementor-element elementor-element-0f5fb5d e-flex e-con-boxed e-con e-parent\" data-id=\"0f5fb5d\" data-element_type=\"container\" data-e-type=\"container\">\n\t\t\t\t\t<div class=\"e-con-inner\">\n\t\t<div class=\"elementor-element elementor-element-b13f4d6 e-con-full e-flex e-con e-child\" data-id=\"b13f4d6\" data-element_type=\"container\" data-e-type=\"container\">\n\t\t\t\t<div class=\"elementor-element elementor-element-7ef8820 elementor-widget elementor-widget-image\" data-id=\"7ef8820\" data-element_type=\"widget\" data-e-type=\"widget\" data-widget_type=\"image.default\">\n\t\t\t\t<div class=\"elementor-widget-container\">\n\t\t\t\t\t\t\t\t\t\t\t\t\t\t\t<img decoding=\"async\" width=\"513\" height=\"700\" src=\"https:\/\/ort.fi\/arkkipiispa\/wp-content\/uploads\/2024\/10\/paavali.jpg\" class=\"attachment-full size-full wp-image-215\" alt=\"\" srcset=\"https:\/\/ort.fi\/arkkipiispa\/wp-content\/uploads\/2024\/10\/paavali.jpg 513w, https:\/\/ort.fi\/arkkipiispa\/wp-content\/uploads\/2024\/10\/paavali-220x300.jpg 220w\" sizes=\"(max-width: 513px) 100vw, 513px\" \/>\t\t\t\t\t\t\t\t\t\t\t\t\t\t\t<\/div>\n\t\t\t\t<\/div>\n\t\t\t\t<\/div>\n\t\t<div class=\"elementor-element elementor-element-945fef2 e-con-full e-flex e-con e-child\" data-id=\"945fef2\" data-element_type=\"container\" data-e-type=\"container\">\n\t\t\t\t<div class=\"elementor-element elementor-element-0c2e3a7 elementor-widget elementor-widget-text-editor\" data-id=\"0c2e3a7\" data-element_type=\"widget\" data-e-type=\"widget\" data-widget_type=\"text-editor.default\">\n\t\t\t\t<div class=\"elementor-widget-container\">\n\t\t\t\t\t\t\t\t\t<p><strong>Arkkipiispa Paavali<\/strong><br \/>(Yrj\u00f6 Olmari)<br \/>\n(28.2.1914\u20132.12.1988)<br \/>arkkipiispana 1960\u20131987<\/p>\t\t\t\t\t\t\t\t<\/div>\n\t\t\t\t<\/div>\n\t\t\t\t<div class=\"elementor-element elementor-element-6f76934 elementor-widget elementor-widget-text-editor\" data-id=\"6f76934\" data-element_type=\"widget\" data-e-type=\"widget\" data-widget_type=\"text-editor.default\">\n\t\t\t\t<div class=\"elementor-widget-container\">\n\t\t\t\t\t\t\t\t\t<p>Yrj\u00f6 Olmari<\/p>\n<ul>\n<li>s. 28.8.1914, Pietari<\/li>\n<li>Ortodoksinen pappisseminaari, Sortavala 1932\u20131936 (pappiskandidaatti)<\/li>\n<li>Valamon luostarin veljest\u00f6\u00f6n 1937<\/li>\n<li>Vihitty pappismunkiksi nimell\u00e4 Paavali 1938<\/li>\n<li>Sotilaspastori, sotavankien sielunhoitaja ja ortodoksisen uskonnon opettaja 1939\u20131944<\/li>\n<li>Aamun Koitto -lehden p\u00e4\u00e4toimittaja 1945\u20131950<\/li>\n<li>Valittiin Suomen ortodoksisen kirkon apulaispiispaksi 1955<\/li>\n<li>Karjalan ja koko Suomen arkkipiispa 1960\u20131987<\/li>\n<\/ul>\n<p>\u00a0<\/p>\n<p>Kunniamerkit<\/p>\n<ul>\n<li>Vapaudenristin ritarikunnan 4.luokan Vapaudenristi miekkojen kera<\/li>\n<li>Suomen Valkoisen Ruusun ritarikunnan 1. luokan komentajamerkki (1964)<\/li>\n<li>Suomen Leijonan ritarikunnan suurristi (1979)<\/li>\n<li>Kreikan tasavallan Fenixin ritarikunnan suurristi (1972)<\/li>\n<li>Sotilasansiomitali (1980)<\/li>\n<li>Pyh\u00e4n Karitsan ritarikunnan suurristi (1960)<\/li>\n<li>Pyhien Sergein ja Hermanin Veljeskunnan hopeinen ansiomerkki (1964)<\/li>\n<li>Pyhien Sergein ja Hermanin Veljeskunnan kultainen ansiomerkki (1985)<\/li>\n<li>Georgian ortodoksisen kirkon Pyh\u00e4n Georgioksen kunniamerkki (1967)<\/li>\n<li>Ven\u00e4j\u00e4n ortodoksisen kirkon Pyh\u00e4n Vladimirin 1.luokan kunniamerkki (1967)<\/li>\n<li>Kreikan ortodoksisen kirkon Pyh\u00e4n Apostoli Paavalin ritarikunnan suurristi (1972)<\/li>\n<li>Puolan ortodoksisen kirkon Pyh\u00e4n Maria Magdalenan ritarikunnan 1. luokan kunniamerkki<\/li>\n<li>Helsingin yliopisto, teologian kunniatohtori 1967<\/li>\n<li>Leningradin Hengellisen Akatemian kunniaj\u00e4sen 1967 (Neuvostoliitto)<\/li>\n<li>Pyh\u00e4n Vladimirin seminaari (Yhdysvallat), teologian kunniatohtori 1978<\/li>\n<\/ul>\t\t\t\t\t\t\t\t<\/div>\n\t\t\t\t<\/div>\n\t\t\t\t<\/div>\n\t\t\t\t\t<\/div>\n\t\t\t\t<\/div>\n\t\t<div class=\"elementor-element elementor-element-775ea1e e-flex e-con-boxed e-con e-parent\" data-id=\"775ea1e\" data-element_type=\"container\" data-e-type=\"container\">\n\t\t\t\t\t<div class=\"e-con-inner\">\n\t\t<div class=\"elementor-element elementor-element-28e82b5 e-con-full e-flex e-con e-child\" data-id=\"28e82b5\" data-element_type=\"container\" data-e-type=\"container\">\n\t\t\t\t<div class=\"elementor-element elementor-element-6e09887 elementor-widget elementor-widget-image\" data-id=\"6e09887\" data-element_type=\"widget\" data-e-type=\"widget\" data-widget_type=\"image.default\">\n\t\t\t\t<div class=\"elementor-widget-container\">\n\t\t\t\t\t\t\t\t\t\t\t\t\t\t\t<img loading=\"lazy\" decoding=\"async\" width=\"526\" height=\"700\" src=\"https:\/\/ort.fi\/arkkipiispa\/wp-content\/uploads\/2024\/10\/herman.jpg\" class=\"attachment-full size-full wp-image-207\" alt=\"\" srcset=\"https:\/\/ort.fi\/arkkipiispa\/wp-content\/uploads\/2024\/10\/herman.jpg 526w, https:\/\/ort.fi\/arkkipiispa\/wp-content\/uploads\/2024\/10\/herman-225x300.jpg 225w\" sizes=\"(max-width: 526px) 100vw, 526px\" \/>\t\t\t\t\t\t\t\t\t\t\t\t\t\t\t<\/div>\n\t\t\t\t<\/div>\n\t\t\t\t<\/div>\n\t\t<div class=\"elementor-element elementor-element-a53744a e-con-full e-flex e-con e-child\" data-id=\"a53744a\" data-element_type=\"container\" data-e-type=\"container\">\n\t\t\t\t<div class=\"elementor-element elementor-element-7c593ff elementor-widget elementor-widget-text-editor\" data-id=\"7c593ff\" data-element_type=\"widget\" data-e-type=\"widget\" data-widget_type=\"text-editor.default\">\n\t\t\t\t<div class=\"elementor-widget-container\">\n\t\t\t\t\t\t\t\t\t<p><strong>Arkkipiispa Herman<\/strong><br \/>(Herman Aav)<br \/>arkkipiispana 1924\u20131960<\/p>\t\t\t\t\t\t\t\t<\/div>\n\t\t\t\t<\/div>\n\t\t\t\t<\/div>\n\t\t\t\t\t<\/div>\n\t\t\t\t<\/div>\n\t\t<div class=\"elementor-element elementor-element-4d079ab e-flex e-con-boxed e-con e-parent\" data-id=\"4d079ab\" data-element_type=\"container\" data-e-type=\"container\">\n\t\t\t\t\t<div class=\"e-con-inner\">\n\t\t<div class=\"elementor-element elementor-element-16a3141 e-con-full e-flex e-con e-child\" data-id=\"16a3141\" data-element_type=\"container\" data-e-type=\"container\">\n\t\t\t\t<div class=\"elementor-element elementor-element-e08a212 elementor-widget elementor-widget-image\" data-id=\"e08a212\" data-element_type=\"widget\" data-e-type=\"widget\" data-widget_type=\"image.default\">\n\t\t\t\t<div class=\"elementor-widget-container\">\n\t\t\t\t\t\t\t\t\t\t\t\t\t\t\t<img loading=\"lazy\" decoding=\"async\" width=\"504\" height=\"700\" src=\"https:\/\/ort.fi\/arkkipiispa\/wp-content\/uploads\/2024\/10\/serafim.jpg\" class=\"attachment-full size-full wp-image-217\" alt=\"\" srcset=\"https:\/\/ort.fi\/arkkipiispa\/wp-content\/uploads\/2024\/10\/serafim.jpg 504w, https:\/\/ort.fi\/arkkipiispa\/wp-content\/uploads\/2024\/10\/serafim-216x300.jpg 216w\" sizes=\"(max-width: 504px) 100vw, 504px\" \/>\t\t\t\t\t\t\t\t\t\t\t\t\t\t\t<\/div>\n\t\t\t\t<\/div>\n\t\t\t\t<\/div>\n\t\t<div class=\"elementor-element elementor-element-29d7349 e-con-full e-flex e-con e-child\" data-id=\"29d7349\" data-element_type=\"container\" data-e-type=\"container\">\n\t\t\t\t<div class=\"elementor-element elementor-element-a41b651 elementor-widget elementor-widget-text-editor\" data-id=\"a41b651\" data-element_type=\"widget\" data-e-type=\"widget\" data-widget_type=\"text-editor.default\">\n\t\t\t\t<div class=\"elementor-widget-container\">\n\t\t\t\t\t\t\t\t\t<p><strong>Arkkipiispa Serafim<\/strong><br \/>(Aleksander Lukjanov)<br \/>arkkipiispana 1921\u20131923<\/p>\t\t\t\t\t\t\t\t<\/div>\n\t\t\t\t<\/div>\n\t\t\t\t<\/div>\n\t\t\t\t\t<\/div>\n\t\t\t\t<\/div>\n\t\t<div class=\"elementor-element elementor-element-5b96337 e-flex e-con-boxed e-con e-parent\" data-id=\"5b96337\" data-element_type=\"container\" data-e-type=\"container\">\n\t\t\t\t\t<div class=\"e-con-inner\">\n\t\t<div class=\"elementor-element elementor-element-8263b25 e-con-full e-flex e-con e-child\" data-id=\"8263b25\" data-element_type=\"container\" data-e-type=\"container\">\n\t\t\t\t<div class=\"elementor-element elementor-element-639472f elementor-widget elementor-widget-image\" data-id=\"639472f\" data-element_type=\"widget\" data-e-type=\"widget\" data-widget_type=\"image.default\">\n\t\t\t\t<div class=\"elementor-widget-container\">\n\t\t\t\t\t\t\t\t\t\t\t\t\t\t\t<img loading=\"lazy\" decoding=\"async\" width=\"531\" height=\"700\" src=\"https:\/\/ort.fi\/arkkipiispa\/wp-content\/uploads\/2024\/10\/sergei.jpg\" class=\"attachment-full size-full wp-image-219\" alt=\"\" srcset=\"https:\/\/ort.fi\/arkkipiispa\/wp-content\/uploads\/2024\/10\/sergei.jpg 531w, https:\/\/ort.fi\/arkkipiispa\/wp-content\/uploads\/2024\/10\/sergei-228x300.jpg 228w\" sizes=\"(max-width: 531px) 100vw, 531px\" \/>\t\t\t\t\t\t\t\t\t\t\t\t\t\t\t<\/div>\n\t\t\t\t<\/div>\n\t\t\t\t<\/div>\n\t\t<div class=\"elementor-element elementor-element-6a07412 e-con-full e-flex e-con e-child\" data-id=\"6a07412\" data-element_type=\"container\" data-e-type=\"container\">\n\t\t\t\t<div class=\"elementor-element elementor-element-d5237cb elementor-widget elementor-widget-text-editor\" data-id=\"d5237cb\" data-element_type=\"widget\" data-e-type=\"widget\" data-widget_type=\"text-editor.default\">\n\t\t\t\t<div class=\"elementor-widget-container\">\n\t\t\t\t\t\t\t\t\t<p><strong>Arkkipiispa Sergei<\/strong><br \/>(Ivan Stragorodski)<br \/>arkkipiispana 1905\u20131917<\/p>\t\t\t\t\t\t\t\t<\/div>\n\t\t\t\t<\/div>\n\t\t\t\t<\/div>\n\t\t\t\t\t<\/div>\n\t\t\t\t<\/div>\n\t\t<div class=\"elementor-element elementor-element-59bb6e5 e-flex e-con-boxed e-con e-parent\" data-id=\"59bb6e5\" data-element_type=\"container\" data-e-type=\"container\">\n\t\t\t\t\t<div class=\"e-con-inner\">\n\t\t<div class=\"elementor-element elementor-element-6e5e0c5 e-con-full e-flex e-con e-child\" data-id=\"6e5e0c5\" data-element_type=\"container\" data-e-type=\"container\">\n\t\t\t\t<div class=\"elementor-element elementor-element-5534e86 elementor-widget elementor-widget-image\" data-id=\"5534e86\" data-element_type=\"widget\" data-e-type=\"widget\" data-widget_type=\"image.default\">\n\t\t\t\t<div class=\"elementor-widget-container\">\n\t\t\t\t\t\t\t\t\t\t\t\t\t\t\t<img loading=\"lazy\" decoding=\"async\" width=\"524\" height=\"700\" src=\"https:\/\/ort.fi\/arkkipiispa\/wp-content\/uploads\/2024\/10\/nikolai.jpg\" class=\"attachment-full size-full wp-image-213\" alt=\"\" srcset=\"https:\/\/ort.fi\/arkkipiispa\/wp-content\/uploads\/2024\/10\/nikolai.jpg 524w, https:\/\/ort.fi\/arkkipiispa\/wp-content\/uploads\/2024\/10\/nikolai-225x300.jpg 225w\" sizes=\"(max-width: 524px) 100vw, 524px\" \/>\t\t\t\t\t\t\t\t\t\t\t\t\t\t\t<\/div>\n\t\t\t\t<\/div>\n\t\t\t\t<\/div>\n\t\t<div class=\"elementor-element elementor-element-a299dff e-con-full e-flex e-con e-child\" data-id=\"a299dff\" data-element_type=\"container\" data-e-type=\"container\">\n\t\t\t\t<div class=\"elementor-element elementor-element-8b1f362 elementor-widget elementor-widget-text-editor\" data-id=\"8b1f362\" data-element_type=\"widget\" data-e-type=\"widget\" data-widget_type=\"text-editor.default\">\n\t\t\t\t<div class=\"elementor-widget-container\">\n\t\t\t\t\t\t\t\t\t<p><strong>Arkkipiispa Nikolai<\/strong><br \/>(Nikolai Nalimov)<br \/>arkkipiispana 1899\u20131905<\/p>\t\t\t\t\t\t\t\t<\/div>\n\t\t\t\t<\/div>\n\t\t\t\t<\/div>\n\t\t\t\t\t<\/div>\n\t\t\t\t<\/div>\n\t\t<div class=\"elementor-element elementor-element-54f6f19 e-flex e-con-boxed e-con e-parent\" data-id=\"54f6f19\" data-element_type=\"container\" data-e-type=\"container\">\n\t\t\t\t\t<div class=\"e-con-inner\">\n\t\t<div class=\"elementor-element elementor-element-c18a999 e-con-full e-flex e-con e-child\" data-id=\"c18a999\" data-element_type=\"container\" data-e-type=\"container\">\n\t\t\t\t<div class=\"elementor-element elementor-element-532fac4 elementor-widget elementor-widget-image\" data-id=\"532fac4\" data-element_type=\"widget\" data-e-type=\"widget\" data-widget_type=\"image.default\">\n\t\t\t\t<div class=\"elementor-widget-container\">\n\t\t\t\t\t\t\t\t\t\t\t\t\t\t\t<img loading=\"lazy\" decoding=\"async\" width=\"529\" height=\"700\" src=\"https:\/\/ort.fi\/arkkipiispa\/wp-content\/uploads\/2024\/10\/antoni.jpg\" class=\"attachment-full size-full wp-image-205\" alt=\"\" srcset=\"https:\/\/ort.fi\/arkkipiispa\/wp-content\/uploads\/2024\/10\/antoni.jpg 529w, https:\/\/ort.fi\/arkkipiispa\/wp-content\/uploads\/2024\/10\/antoni-227x300.jpg 227w\" sizes=\"(max-width: 529px) 100vw, 529px\" \/>\t\t\t\t\t\t\t\t\t\t\t\t\t\t\t<\/div>\n\t\t\t\t<\/div>\n\t\t\t\t<\/div>\n\t\t<div class=\"elementor-element elementor-element-24df0d8 e-con-full e-flex e-con e-child\" data-id=\"24df0d8\" data-element_type=\"container\" data-e-type=\"container\">\n\t\t\t\t<div class=\"elementor-element elementor-element-6fce1bc elementor-widget elementor-widget-text-editor\" data-id=\"6fce1bc\" data-element_type=\"widget\" data-e-type=\"widget\" data-widget_type=\"text-editor.default\">\n\t\t\t\t<div class=\"elementor-widget-container\">\n\t\t\t\t\t\t\t\t\t<p><strong>Arkkipiispa Antoni<\/strong><br \/>(Aleksander Vadkovski)<br \/>arkkipiispana 1892\u20131898<\/p>\t\t\t\t\t\t\t\t<\/div>\n\t\t\t\t<\/div>\n\t\t\t\t<\/div>\n\t\t\t\t\t<\/div>\n\t\t\t\t<\/div>\n\t\t\t\t<\/div>\n\t\t","protected":false},"excerpt":{"rendered":"<p>Arkkipiispa Leo(Leo Makkonen)arkkipiispana 2001\u20132024 Leo Makkonen s. 4.6.1948 Pielavedell\u00e4 yo, Pielaveden yhteiskoulu 1967 pappiskandidaatti, Suomen ortodoksinen pappisseminaari Kuopio 1972 ortodoksisen uskonnonopettajapappina It\u00e4-Karjalan kansanopistossa 1972\u20131973 Ilomantsin ja Turun matkapapistopiirin matkapappi 1973\u20131979 opetusopilliset opinnot ja auskultointi Turun yliopiston kasvatustieteiden tiedekunnan opettajankoulutuslaitoksessa 1978 Lintulan luostarin yst\u00e4v\u00e4t ry:n puheenjohtaja 1978\u20131993 ortodoksisen kirkon apulaispiispa 1979\u20131980 Pyhien Sergein ja Hermanin veljeskunnan [&hellip;]<\/p>\n","protected":false},"author":1,"featured_media":0,"parent":0,"menu_order":0,"comment_status":"closed","ping_status":"closed","template":"","meta":{"footnotes":""},"class_list":["post-195","page","type-page","status-publish","hentry"],"_links":{"self":[{"href":"https:\/\/ort.fi\/arkkipiispa\/wp-json\/wp\/v2\/pages\/195","targetHints":{"allow":["GET"]}}],"collection":[{"href":"https:\/\/ort.fi\/arkkipiispa\/wp-json\/wp\/v2\/pages"}],"about":[{"href":"https:\/\/ort.fi\/arkkipiispa\/wp-json\/wp\/v2\/types\/page"}],"author":[{"embeddable":true,"href":"https:\/\/ort.fi\/arkkipiispa\/wp-json\/wp\/v2\/users\/1"}],"replies":[{"embeddable":true,"href":"https:\/\/ort.fi\/arkkipiispa\/wp-json\/wp\/v2\/comments?post=195"}],"version-history":[{"count":72,"href":"https:\/\/ort.fi\/arkkipiispa\/wp-json\/wp\/v2\/pages\/195\/revisions"}],"predecessor-version":[{"id":609,"href":"https:\/\/ort.fi\/arkkipiispa\/wp-json\/wp\/v2\/pages\/195\/revisions\/609"}],"wp:attachment":[{"href":"https:\/\/ort.fi\/arkkipiispa\/wp-json\/wp\/v2\/media?parent=195"}],"curies":[{"name":"wp","href":"https:\/\/api.w.org\/{rel}","templated":true}]}}