{"id":19,"date":"2024-10-13T19:06:40","date_gmt":"2024-10-13T16:06:40","guid":{"rendered":"https:\/\/ort.fi\/uusiarkkipiispa\/?page_id=19"},"modified":"2025-01-17T13:18:56","modified_gmt":"2025-01-17T11:18:56","slug":"etusivu","status":"publish","type":"page","link":"https:\/\/ort.fi\/arkkipiispa\/","title":{"rendered":"Etusivu"},"content":{"rendered":"\t\t<div data-elementor-type=\"wp-page\" data-elementor-id=\"19\" class=\"elementor elementor-19\" data-elementor-post-type=\"page\">\n\t\t\t\t<div class=\"elementor-element elementor-element-7ce975e e-flex e-con-boxed e-con e-parent\" data-id=\"7ce975e\" data-element_type=\"container\" data-e-type=\"container\">\n\t\t\t\t\t<div class=\"e-con-inner\">\n\t\t<div class=\"elementor-element elementor-element-ac1db13 e-con-full e-flex e-con e-child\" data-id=\"ac1db13\" data-element_type=\"container\" data-e-type=\"container\">\n\t\t\t\t<div class=\"elementor-element elementor-element-c38a1cf elementor-widget elementor-widget-image\" data-id=\"c38a1cf\" data-element_type=\"widget\" data-e-type=\"widget\" data-widget_type=\"image.default\">\n\t\t\t\t<div class=\"elementor-widget-container\">\n\t\t\t\t\t\t\t\t\t\t\t\t<figure class=\"wp-caption\">\n\t\t\t\t\t\t\t\t\t\t<img fetchpriority=\"high\" decoding=\"async\" width=\"1706\" height=\"2560\" src=\"https:\/\/ort.fi\/arkkipiispa\/wp-content\/uploads\/2024\/12\/elia_intronisaatio__A1A1781-scaled.jpg\" class=\"attachment-full size-full wp-image-797\" alt=\"Elia intronisaatio\" srcset=\"https:\/\/ort.fi\/arkkipiispa\/wp-content\/uploads\/2024\/12\/elia_intronisaatio__A1A1781-scaled.jpg 1706w, https:\/\/ort.fi\/arkkipiispa\/wp-content\/uploads\/2024\/12\/elia_intronisaatio__A1A1781-200x300.jpg 200w, https:\/\/ort.fi\/arkkipiispa\/wp-content\/uploads\/2024\/12\/elia_intronisaatio__A1A1781-683x1024.jpg 683w, https:\/\/ort.fi\/arkkipiispa\/wp-content\/uploads\/2024\/12\/elia_intronisaatio__A1A1781-768x1152.jpg 768w, https:\/\/ort.fi\/arkkipiispa\/wp-content\/uploads\/2024\/12\/elia_intronisaatio__A1A1781-1024x1536.jpg 1024w, https:\/\/ort.fi\/arkkipiispa\/wp-content\/uploads\/2024\/12\/elia_intronisaatio__A1A1781-1365x2048.jpg 1365w\" sizes=\"(max-width: 1706px) 100vw, 1706px\" \/>\t\t\t\t\t\t\t\t\t\t\t<figcaption class=\"widget-image-caption wp-caption-text\">Kuva: Jyri Pitk\u00e4nen<\/figcaption>\n\t\t\t\t\t\t\t\t\t\t<\/figure>\n\t\t\t\t\t\t\t\t\t<\/div>\n\t\t\t\t<\/div>\n\t\t\t\t<\/div>\n\t\t<div class=\"elementor-element elementor-element-db9ef60 e-con-full e-flex e-con e-child\" data-id=\"db9ef60\" data-element_type=\"container\" data-e-type=\"container\">\n\t\t\t\t<div class=\"elementor-element elementor-element-171b8a3 elementor-widget elementor-widget-text-editor\" data-id=\"171b8a3\" data-element_type=\"widget\" data-e-type=\"widget\" data-widget_type=\"text-editor.default\">\n\t\t\t\t<div class=\"elementor-widget-container\">\n\t\t\t\t\t\t\t\t\t<ul>\n<li data-olk-copy-source=\"MessageBody\">Elia&nbsp;Wallgr\u00e9n<\/li>\n<li>s. 8.12.1961 Kajaani<\/li>\n<li>ylioppilas, Linnan lukio Kajaani 1981<\/li>\n<li>Tukholman yliopisto 1982-1984 (ruotsin ja tsekin kielet)<\/li>\n<li>Tukholman opettajakorkeakoulu 1986, luokanopettajan tutkinto<\/li>\n<li>luokanopettaja, Haningen kunta 1986-1989<\/li>\n<li>Luokanopettaja, Helsingin kaupunki&nbsp;1989-1993<\/li>\n<li>suomalaisen luokanopettajan tutkinnon p\u00e4tev\u00f6ittymisopinnot Helsingin yliopisto 1990<\/li>\n<li>ruotsin kielen kielikylpyopettaja, Helsingin kaupunki 1993\u20131996<\/li>\n<li>ortodoksisen uskonnon opettaja 1997\u20131999, Uusimaa&nbsp;<\/li>\n<li>Ruotsin kielen kielilkylpyopettaja, Helsingin kaupunki 1999\u20132001<\/li>\n<li>ortodoksisen kirkon j\u00e4seneksi vuonna 1994<\/li>\n<li>Joensuun (nyk. It\u00e4-Suomen) yliopisto 1996\u20132001 (ortodoksinen teologia)<\/li>\n<li>Pyh\u00e4n Vladimirin seminaari, New York , Master of Divinity -tutkinto 2003<\/li>\n<li>vihitty diakoniksi 29.5.2003<\/li>\n<li>vihitty papiksi 1.9.2003<\/li>\n<li>Jyv\u00e4skyl\u00e4n ortodoksisen seurakunnan pappi 2003\u20132006<\/li>\n<li>Vaasan ortodoksisen seurakunnan kirkkoherra 2006\u20132014<\/li>\n<li>valittiin Oulun metropoliitaksi kirkolliskokouksessa 26.11.2014<\/li>\n<li>vihitty munkiksi nimell\u00e4 Elia 16.12.2014<\/li>\n<li>arkkimandriitan arvo 17.12.2014<\/li>\n<li>vihitty piispaksi ja asetettu Oulun metropoliitan toimeen 11.1.2015<\/li>\n<li>Pyh\u00e4n Karitsan ritarikunnan komentajamerkki 26.11.2023<\/li>\n<li>Suomen Ekumeenisen Neuvoston hallituksen puheenjohtaja 2025\u20132027<\/li>\n<li>valittu arkkipiispaksi kirkolliskokouksessa 28.11.2024<\/li>\n<li>asetettu toimeen Uspenskin katedraalissa 15.12.2024<\/li>\n<li>kielitaito: suomi (\u00e4idinkieli), ruotsi (erinomainen), englanti (erinomainen), tsekki (erinomainen), saksa (hyv\u00e4), espanja (hyv\u00e4), viro (tyydytt\u00e4v\u00e4), puola (tyydytt\u00e4v\u00e4), ven\u00e4j\u00e4 (tyydytt\u00e4v\u00e4)<\/li>\n<\/ul>\t\t\t\t\t\t\t\t<\/div>\n\t\t\t\t<\/div>\n\t\t\t\t<\/div>\n\t\t\t\t\t<\/div>\n\t\t\t\t<\/div>\n\t\t\t\t<\/div>\n\t\t","protected":false},"excerpt":{"rendered":"<p>Kuva: Jyri Pitk\u00e4nen Elia&nbsp;Wallgr\u00e9n s. 8.12.1961 Kajaani ylioppilas, Linnan lukio Kajaani 1981 Tukholman yliopisto 1982-1984 (ruotsin ja tsekin kielet) Tukholman opettajakorkeakoulu 1986, luokanopettajan tutkinto luokanopettaja, Haningen kunta 1986-1989 Luokanopettaja, Helsingin kaupunki&nbsp;1989-1993 suomalaisen luokanopettajan tutkinnon p\u00e4tev\u00f6ittymisopinnot Helsingin yliopisto 1990 ruotsin kielen kielikylpyopettaja, Helsingin kaupunki 1993\u20131996 ortodoksisen uskonnon opettaja 1997\u20131999, Uusimaa&nbsp; Ruotsin kielen kielilkylpyopettaja, Helsingin kaupunki 1999\u20132001 [&hellip;]<\/p>\n","protected":false},"author":1,"featured_media":0,"parent":0,"menu_order":0,"comment_status":"closed","ping_status":"closed","template":"","meta":{"footnotes":""},"class_list":["post-19","page","type-page","status-publish","hentry"],"_links":{"self":[{"href":"https:\/\/ort.fi\/arkkipiispa\/wp-json\/wp\/v2\/pages\/19","targetHints":{"allow":["GET"]}}],"collection":[{"href":"https:\/\/ort.fi\/arkkipiispa\/wp-json\/wp\/v2\/pages"}],"about":[{"href":"https:\/\/ort.fi\/arkkipiispa\/wp-json\/wp\/v2\/types\/page"}],"author":[{"embeddable":true,"href":"https:\/\/ort.fi\/arkkipiispa\/wp-json\/wp\/v2\/users\/1"}],"replies":[{"embeddable":true,"href":"https:\/\/ort.fi\/arkkipiispa\/wp-json\/wp\/v2\/comments?post=19"}],"version-history":[{"count":67,"href":"https:\/\/ort.fi\/arkkipiispa\/wp-json\/wp\/v2\/pages\/19\/revisions"}],"predecessor-version":[{"id":945,"href":"https:\/\/ort.fi\/arkkipiispa\/wp-json\/wp\/v2\/pages\/19\/revisions\/945"}],"wp:attachment":[{"href":"https:\/\/ort.fi\/arkkipiispa\/wp-json\/wp\/v2\/media?parent=19"}],"curies":[{"name":"wp","href":"https:\/\/api.w.org\/{rel}","templated":true}]}}